{"id":4398,"date":"2024-05-15T21:29:09","date_gmt":"2024-05-15T19:29:09","guid":{"rendered":"https:\/\/centre-musical.ch\/group-lessons-ages-4-to-7\/"},"modified":"2026-02-20T20:37:07","modified_gmt":"2026-02-20T19:37:07","slug":"group-lessons-ages-4-to-7","status":"publish","type":"page","link":"https:\/\/centre-musical.ch\/en\/group-lessons-ages-4-to-7\/","title":{"rendered":"Group lessons (ages 4 to 7)"},"content":{"rendered":"<p>[vc_row][vc_column width=&#8221;1\/6&#8243;][\/vc_column][vc_column width=&#8221;2\/3&#8243;][vc_column_text]<\/p>\n<h2 class=\"trx_addons_no_margin\" style=\"text-align: center;\">Group Classes (Ages 4 to 7)<\/h2>\n<p>[\/vc_column_text]<div class=\"cq-coveranimation cq-coveranimation-direction-right cq-coveranimation-caption-lowerleft cq-coveranimation-always cq-coveranimation-shape-square \" data-direction=\"right\" data-bgcolor=\"\" data-isdisplay=\"\" data-elementheight=\"\" style=\"height:\" data-enter=\"no\"><div class=\"cq-coveranimation-caption\" data-scroll=\"\" style=\"background-color:;\"><\/div><div class=\"cq-coveranimation-beforecover   \" style=\"background-color:;\"><\/div><img decoding=\"async\" class=\"cq-coveranimation-img\" src=\"https:\/\/centre-musical.ch\/wp-content\/uploads\/2024\/05\/cours_collectifs_4.jpg\" alt=\"\" \/><div class=\"cq-coveranimation-aftercover \" style=\"background-color:;\"><\/div><\/div>[vc_empty_space alter_height=&#8221;medium&#8221; hide_on_mobile=&#8221;&#8221;]<div class=\"sc_item_button sc_button_wrap sc_align_center\"><a href=\"\/en\/registration-for-group-lessons-ages-4-8\/\" id=\"sc_button_902485885\" class=\"sc_button color_style_default sc_button_default sc_button_size_normal sc_button_icon_left\"><span class=\"sc_button_text sc_align_center\"><span class=\"sc_button_title\">Register<\/span><\/span><!-- \/.sc_button_text --><\/a><!-- \/.sc_button --><\/div><!-- \/.sc_item_button -->[vc_empty_space alter_height=&#8221;medium&#8221; hide_on_mobile=&#8221;&#8221;][\/vc_column][vc_column width=&#8221;1\/6&#8243;][\/vc_column][\/vc_row][vc_row][vc_column width=&#8221;1\/2&#8243;]<div id=\"sc_title_157968587\"\n\t\tclass=\"sc_title color_style_default sc_title_default\"><h6 class=\"sc_item_subtitle sc_title_subtitle sc_align_left sc_item_title_style_default\">Musical Initiation (Ages 4 to 5)<\/h6><\/div><!-- \/.sc_title -->[vc_column_text]<\/p>\n<div class=\"box_border\">\n<h4 style=\"text-align: left;\">Musical Initiation<br \/>\n(Ages 4 to 5)<\/h4>\n<h5 class=\"trx_addons_accent_hovered\">Course Description<\/h5>\n<p><img loading=\"lazy\" decoding=\"async\" class=\"alignright wp-image-3043 size-medium\" src=\"https:\/\/centre-musical.ch\/wp-content\/uploads\/2024\/05\/initiation_musicale_1.2_cropped_500x1000-150x300.jpg\" alt=\"\" width=\"150\" height=\"300\" srcset=\"https:\/\/centre-musical.ch\/wp-content\/uploads\/2024\/05\/initiation_musicale_1.2_cropped_500x1000-150x300.jpg 150w, https:\/\/centre-musical.ch\/wp-content\/uploads\/2024\/05\/initiation_musicale_1.2_cropped_500x1000-370x740.jpg 370w, https:\/\/centre-musical.ch\/wp-content\/uploads\/2024\/05\/initiation_musicale_1.2_cropped_500x1000.jpg 500w\" sizes=\"auto, (max-width: 150px) 100vw, 150px\" \/>This musical initiation course is designed to offer children a playful introduction to the basics of music. It combines learning rhythm and movement, with a particular emphasis on the use of Orff percussion instruments. This pedagogical tool enhances children&#8217;s auditory awareness while exploring different pitch ranges and encouraging improvisation.<br \/>\nIn addition, the course introduces children to musical notes through games and interaction with their peers. Playing together with Orff instruments creates a space for play and discovery. Children also explore the various instruments of the symphony orchestra.<\/p>\n<p><b>Two performances per year<\/b><\/p>\n<p>Finally, children take part in two performances per year, presented as musical tales or sound-enhanced stories. This approach ensures a solid musical foundation while keeping the experience engaging and interactive.<\/p>\n<\/div>\n<p>[\/vc_column_text][vc_column_text]<\/p>\n<div class=\"box_border\">\n<p><b>Prerequisite: <\/b>None<\/p>\n<p><strong>Class schedule:<\/strong><br \/>\n&#8211; Wednesday afternoon (schedule to be determined for 2026\u20132027)<\/p>\n<\/div>\n<p>[\/vc_column_text][vc_empty_space alter_height=&#8221;medium&#8221; hide_on_mobile=&#8221;&#8221;]<a href=\"\/en\/our-courses\/musical-initiation\/\" id=\"sc_button_1920241479\" class=\"sc_button color_style_default sc_button_default sc_button_size_normal sc_button_icon_left\"><span class=\"sc_button_text\"><span class=\"sc_button_title\">Learn more...<\/span><\/span><!-- \/.sc_button_text --><\/a><!-- \/.sc_button -->[\/vc_column][vc_column width=&#8221;1\/2&#8243;]<div id=\"sc_title_200135401\"\n\t\tclass=\"sc_title color_style_default sc_title_default\"><h6 class=\"sc_item_subtitle sc_title_subtitle sc_align_left sc_item_title_style_default\">Musical Exploration (Ages 5 to 7)<\/h6><\/div><!-- \/.sc_title -->[vc_column_text]<\/p>\n<div class=\"box_border\">\n<h4 style=\"text-align: left;\">Musical Exploration<br \/>\n(Ages 5 to 7)<\/h4>\n<h5 class=\"trx_addons_accent_hovered\">Course Description<\/h5>\n<p>This course is specially designed for young children, offering a fun and interactive immersion into the world of music. Divided into two 30-minute segments, the class combines fundamental music training with instrumental discovery.<\/p>\n<p><img loading=\"lazy\" decoding=\"async\" class=\"alignnone wp-image-5184 size-large\" src=\"https:\/\/centre-musical.ch\/wp-content\/uploads\/2025\/05\/exploration_8.2-1024x591.jpg\" alt=\"\" width=\"1024\" height=\"591\" srcset=\"https:\/\/centre-musical.ch\/wp-content\/uploads\/2025\/05\/exploration_8.2-1024x591.jpg 1024w, https:\/\/centre-musical.ch\/wp-content\/uploads\/2025\/05\/exploration_8.2-300x173.jpg 300w, https:\/\/centre-musical.ch\/wp-content\/uploads\/2025\/05\/exploration_8.2-768x443.jpg 768w, https:\/\/centre-musical.ch\/wp-content\/uploads\/2025\/05\/exploration_8.2-370x214.jpg 370w, https:\/\/centre-musical.ch\/wp-content\/uploads\/2025\/05\/exploration_8.2-760x439.jpg 760w, https:\/\/centre-musical.ch\/wp-content\/uploads\/2025\/05\/exploration_8.2.jpg 1500w\" sizes=\"auto, (max-width: 1024px) 100vw, 1024px\" \/><\/p>\n<p><strong>First half: musical initiation<\/strong><\/p>\n<p>In the first part, students follow a personalized program that strengthens their rhythmic and vocal skills, while introducing the basics of music theory using various educational tools.<\/p>\n<p><strong>Second half: instrumental practice<\/strong><\/p>\n<p><img loading=\"lazy\" decoding=\"async\" class=\"alignleft size-medium wp-image-5118\" src=\"https:\/\/centre-musical.ch\/wp-content\/uploads\/2025\/05\/exploration_11-1-159x300.jpg\" alt=\"\" width=\"159\" height=\"300\" srcset=\"https:\/\/centre-musical.ch\/wp-content\/uploads\/2025\/05\/exploration_11-1-159x300.jpg 159w, https:\/\/centre-musical.ch\/wp-content\/uploads\/2025\/05\/exploration_11-1-543x1024.jpg 543w, https:\/\/centre-musical.ch\/wp-content\/uploads\/2025\/05\/exploration_11-1-370x698.jpg 370w, https:\/\/centre-musical.ch\/wp-content\/uploads\/2025\/05\/exploration_11-1.jpg 649w\" sizes=\"auto, (max-width: 159px) 100vw, 159px\" \/>The second part focuses on hands-on practice with various instruments in a semi-private setting, limited to two or three students per group. Children begin with the guitar and recorder, then progress to the cello and piano, allowing for thorough exploration of each instrument.<\/p>\n<p><strong>Instrument demonstration workshops<\/strong><\/p>\n<p><img loading=\"lazy\" decoding=\"async\" class=\"alignright size-medium wp-image-5112\" src=\"https:\/\/centre-musical.ch\/wp-content\/uploads\/2025\/05\/exploration_6-177x300.jpg\" alt=\"\" width=\"177\" height=\"300\" srcset=\"https:\/\/centre-musical.ch\/wp-content\/uploads\/2025\/05\/exploration_6-177x300.jpg 177w, https:\/\/centre-musical.ch\/wp-content\/uploads\/2025\/05\/exploration_6-603x1024.jpg 603w, https:\/\/centre-musical.ch\/wp-content\/uploads\/2025\/05\/exploration_6-768x1305.jpg 768w, https:\/\/centre-musical.ch\/wp-content\/uploads\/2025\/05\/exploration_6-904x1536.jpg 904w, https:\/\/centre-musical.ch\/wp-content\/uploads\/2025\/05\/exploration_6-1205x2048.jpg 1205w, https:\/\/centre-musical.ch\/wp-content\/uploads\/2025\/05\/exploration_6-370x629.jpg 370w, https:\/\/centre-musical.ch\/wp-content\/uploads\/2025\/05\/exploration_6-760x1292.jpg 760w, https:\/\/centre-musical.ch\/wp-content\/uploads\/2025\/05\/exploration_6.jpg 1278w\" sizes=\"auto, (max-width: 177px) 100vw, 177px\" \/>In addition, the various families of symphonic instruments are introduced through demonstration workshops, further enriching the learning experience. All necessary instruments are provided during class, except the recorder.<\/p>\n<p>By the end of the school year, students will have explored several instruments, helping them make a more informed decision for further musical study.<\/p>\n<p><strong>Two performances per year<\/strong><\/p>\n<p>As part of this course, students will take part in two performances per school year.<\/p>\n<\/div>\n<p>[\/vc_column_text][vc_column_text]<\/p>\n<div class=\"box_border\">\n<p><b>Prerequisite: <\/b>None<\/p>\n<p><strong>Class schedule:<\/strong><br \/>\n&#8211; Wednesday 14:00-14:50<br \/>\n&#8211; Wednesday 15:00\u201315:50<\/p>\n<\/div>\n<p>[\/vc_column_text][vc_empty_space alter_height=&#8221;medium&#8221; hide_on_mobile=&#8221;&#8221;]<a href=\"\/en\/our-courses\/musical-exploration\/\" id=\"sc_button_290040400\" class=\"sc_button color_style_default sc_button_default sc_button_size_normal sc_button_icon_left\"><span class=\"sc_button_text\"><span class=\"sc_button_title\">Learn more...<\/span><\/span><!-- \/.sc_button_text --><\/a><!-- \/.sc_button -->[\/vc_column][\/vc_row][vc_row][vc_column width=&#8221;1\/4&#8243;][\/vc_column][vc_column width=&#8221;1\/2&#8243;]<div id=\"sc_title_356351624\"\n\t\tclass=\"sc_title color_style_default sc_title_default\"><h6 class=\"sc_item_subtitle sc_title_subtitle sc_align_left sc_item_title_style_default\">About the Teacher<\/h6><\/div><!-- \/.sc_title -->[vc_column_text]<\/p>\n<div class=\"box_border\">\n<h5><span class=\"trx_addons_accent_hovered\"><strong>About the Teacher<\/strong><\/span><\/h5>\n<p><img loading=\"lazy\" decoding=\"async\" class=\"alignleft wp-image-3170 size-thumbnail\" src=\"https:\/\/centre-musical.ch\/wp-content\/uploads\/2024\/05\/yana_para_sottas_carree_1-150x150.jpg\" alt=\"\" width=\"150\" height=\"150\" srcset=\"https:\/\/centre-musical.ch\/wp-content\/uploads\/2024\/05\/yana_para_sottas_carree_1-150x150.jpg 150w, https:\/\/centre-musical.ch\/wp-content\/uploads\/2024\/05\/yana_para_sottas_carree_1-200x200.jpg 200w, https:\/\/centre-musical.ch\/wp-content\/uploads\/2024\/05\/yana_para_sottas_carree_1-100x100.jpg 100w, https:\/\/centre-musical.ch\/wp-content\/uploads\/2024\/05\/yana_para_sottas_carree_1.jpg 250w\" sizes=\"auto, (max-width: 150px) 100vw, 150px\" \/> Yana Parra, born in 1988 in Caracas, began her musical training in Venezuela with &#8220;El Sistema&#8221; before continuing her studies in Munich at the Richard Strauss Conservatory at the age of 16. In 2011, she earned a diploma in cello pedagogy from the Hochschule f\u00fcr Musik und Theater M\u00fcnchen. Yana also completed a Bachelor of Arts at the Haute \u00e9cole de musique de Gen\u00e8ve, followed by a Master\u2019s in musical performance at the Hochschule f\u00fcr Musik Basel.<\/p>\n<p>She has performed with ensembles such as the Orchestre de la Suisse Romande and the Gstaad Festival Orchestra. Between 2013 and 2019, she taught in Geneva and Versoix and obtained a certification in Orff active pedagogy in Montreal. From 2019 to 2023, she taught at the Vincent-d\u2019Indy music school in Montreal.<\/p>\n<p>Starting August 2024, she will join the Centre Musical de Cornavin to continue inspiring young musicians.<\/p>\n<p><a href=\"https:\/\/centre-musical.ch\/en\/our-teachers\/yana-parra\/\">\u2192 Read the full biography<\/a><\/p>\n<\/div>\n<p>[\/vc_column_text][\/vc_column][vc_column width=&#8221;1\/4&#8243;][\/vc_column][\/vc_row][vc_row][vc_column][vc_empty_space alter_height=&#8221;medium&#8221; hide_on_mobile=&#8221;&#8221;]<div class=\"sc_item_button sc_button_wrap sc_align_center\"><a href=\"\/en\/registration-for-group-lessons-ages-4-8\/\" id=\"sc_button_1319403918\" class=\"sc_button color_style_default sc_button_default sc_button_size_normal sc_button_icon_left\"><span class=\"sc_button_text sc_align_center\"><span class=\"sc_button_title\">Register<\/span><\/span><!-- \/.sc_button_text --><\/a><!-- \/.sc_button --><\/div><!-- \/.sc_item_button -->[vc_empty_space alter_height=&#8221;medium&#8221; hide_on_mobile=&#8221;&#8221;][\/vc_column][\/vc_row]<\/p>\n","protected":false},"excerpt":{"rendered":"<p>[vc_row][vc_column width=&#8221;1\/6&#8243;][\/vc_column][vc_column width=&#8221;2\/3&#8243;][vc_column_text] Group Classes (Ages 4 to 7) [\/vc_column_text][vc_empty_space alter_height=&#8221;medium&#8221; hide_on_mobile=&#8221;&#8221;][vc_empty_space alter_height=&#8221;medium&#8221; hide_on_mobile=&#8221;&#8221;][\/vc_column][vc_column width=&#8221;1\/6&#8243;][\/vc_column][\/vc_row][vc_row][vc_column width=&#8221;1\/2&#8243;][vc_column_text] Musical Initiation (Ages 4 to 5) Course Description This musical initiation course is designed to offer children a playful introduction to the basics of music. It combines learning rhythm and movement, with a particular emphasis on the use of Orff percussion instruments. This pedagogical tool enhances children&#8217;s auditory awareness while exploring different pitch ranges and encouraging improvisation. In addition, the course introduces children to musical notes through&hellip;<\/p>\n","protected":false},"author":1,"featured_media":0,"parent":0,"menu_order":0,"comment_status":"closed","ping_status":"closed","template":"","meta":{"footnotes":""},"class_list":["post-4398","page","type-page","status-publish","hentry"],"yoast_head":"<!-- This site is optimized with the Yoast SEO plugin v26.6 - https:\/\/yoast.com\/wordpress\/plugins\/seo\/ -->\n<title>Group lessons (ages 4 to 7) - Centre Musical de Cornavin<\/title>\n<meta name=\"robots\" content=\"index, follow, max-snippet:-1, max-image-preview:large, max-video-preview:-1\" \/>\n<link rel=\"canonical\" href=\"https:\/\/centre-musical.ch\/en\/group-lessons-ages-4-to-7\/\" \/>\n<meta property=\"og:locale\" content=\"en_US\" \/>\n<meta property=\"og:type\" content=\"article\" \/>\n<meta property=\"og:title\" content=\"Group lessons (ages 4 to 7) - Centre Musical de Cornavin\" \/>\n<meta property=\"og:description\" content=\"[vc_row][vc_column width=&#8221;1\/6&#8243;][\/vc_column][vc_column width=&#8221;2\/3&#8243;][vc_column_text] Group Classes (Ages 4 to 7) [\/vc_column_text][vc_empty_space alter_height=&#8221;medium&#8221; hide_on_mobile=&#8221;&#8221;][vc_empty_space alter_height=&#8221;medium&#8221; hide_on_mobile=&#8221;&#8221;][\/vc_column][vc_column width=&#8221;1\/6&#8243;][\/vc_column][\/vc_row][vc_row][vc_column width=&#8221;1\/2&#8243;][vc_column_text] Musical Initiation (Ages 4 to 5) Course Description This musical initiation course is designed to offer children a playful introduction to the basics of music. It combines learning rhythm and movement, with a particular emphasis on the use of Orff percussion instruments. This pedagogical tool enhances children&#8217;s auditory awareness while exploring different pitch ranges and encouraging improvisation. In addition, the course introduces children to musical notes through&hellip;\" \/>\n<meta property=\"og:url\" content=\"https:\/\/centre-musical.ch\/en\/group-lessons-ages-4-to-7\/\" \/>\n<meta property=\"og:site_name\" content=\"Centre Musical de Cornavin\" \/>\n<meta property=\"article:modified_time\" content=\"2026-02-20T19:37:07+00:00\" \/>\n<meta property=\"og:image\" content=\"https:\/\/centre-musical.ch\/wp-content\/uploads\/2024\/05\/initiation_musicale_1.2_cropped_500x1000-150x300.jpg\" \/>\n<meta name=\"twitter:card\" content=\"summary_large_image\" \/>\n<meta name=\"twitter:label1\" content=\"Est. reading time\" \/>\n\t<meta name=\"twitter:data1\" content=\"5 minutes\" \/>\n<script type=\"application\/ld+json\" class=\"yoast-schema-graph\">{\"@context\":\"https:\/\/schema.org\",\"@graph\":[{\"@type\":\"WebPage\",\"@id\":\"https:\/\/centre-musical.ch\/en\/group-lessons-ages-4-to-7\/\",\"url\":\"https:\/\/centre-musical.ch\/en\/group-lessons-ages-4-to-7\/\",\"name\":\"Group lessons (ages 4 to 7) - Centre Musical de Cornavin\",\"isPartOf\":{\"@id\":\"https:\/\/centre-musical.ch\/en\/home-english\/#website\"},\"primaryImageOfPage\":{\"@id\":\"https:\/\/centre-musical.ch\/en\/group-lessons-ages-4-to-7\/#primaryimage\"},\"image\":{\"@id\":\"https:\/\/centre-musical.ch\/en\/group-lessons-ages-4-to-7\/#primaryimage\"},\"thumbnailUrl\":\"https:\/\/centre-musical.ch\/wp-content\/uploads\/2024\/05\/initiation_musicale_1.2_cropped_500x1000-150x300.jpg\",\"datePublished\":\"2024-05-15T19:29:09+00:00\",\"dateModified\":\"2026-02-20T19:37:07+00:00\",\"breadcrumb\":{\"@id\":\"https:\/\/centre-musical.ch\/en\/group-lessons-ages-4-to-7\/#breadcrumb\"},\"inLanguage\":\"en-US\",\"potentialAction\":[{\"@type\":\"ReadAction\",\"target\":[\"https:\/\/centre-musical.ch\/en\/group-lessons-ages-4-to-7\/\"]}]},{\"@type\":\"ImageObject\",\"inLanguage\":\"en-US\",\"@id\":\"https:\/\/centre-musical.ch\/en\/group-lessons-ages-4-to-7\/#primaryimage\",\"url\":\"https:\/\/centre-musical.ch\/wp-content\/uploads\/2024\/05\/initiation_musicale_1.2_cropped_500x1000-150x300.jpg\",\"contentUrl\":\"https:\/\/centre-musical.ch\/wp-content\/uploads\/2024\/05\/initiation_musicale_1.2_cropped_500x1000-150x300.jpg\"},{\"@type\":\"BreadcrumbList\",\"@id\":\"https:\/\/centre-musical.ch\/en\/group-lessons-ages-4-to-7\/#breadcrumb\",\"itemListElement\":[{\"@type\":\"ListItem\",\"position\":1,\"name\":\"Accueil\",\"item\":\"https:\/\/centre-musical.ch\/en\/\"},{\"@type\":\"ListItem\",\"position\":2,\"name\":\"Group lessons (ages 4 to 7)\"}]},{\"@type\":\"WebSite\",\"@id\":\"https:\/\/centre-musical.ch\/en\/home-english\/#website\",\"url\":\"https:\/\/centre-musical.ch\/en\/home-english\/\",\"name\":\"Centre Musical de Cornavin\",\"description\":\"Une \u00e9cole o\u00f9 l&#039;on est bien\",\"potentialAction\":[{\"@type\":\"SearchAction\",\"target\":{\"@type\":\"EntryPoint\",\"urlTemplate\":\"https:\/\/centre-musical.ch\/en\/home-english\/?s={search_term_string}\"},\"query-input\":{\"@type\":\"PropertyValueSpecification\",\"valueRequired\":true,\"valueName\":\"search_term_string\"}}],\"inLanguage\":\"en-US\"}]}<\/script>\n<!-- \/ Yoast SEO plugin. -->","yoast_head_json":{"title":"Group lessons (ages 4 to 7) - Centre Musical de Cornavin","robots":{"index":"index","follow":"follow","max-snippet":"max-snippet:-1","max-image-preview":"max-image-preview:large","max-video-preview":"max-video-preview:-1"},"canonical":"https:\/\/centre-musical.ch\/en\/group-lessons-ages-4-to-7\/","og_locale":"en_US","og_type":"article","og_title":"Group lessons (ages 4 to 7) - Centre Musical de Cornavin","og_description":"[vc_row][vc_column width=&#8221;1\/6&#8243;][\/vc_column][vc_column width=&#8221;2\/3&#8243;][vc_column_text] Group Classes (Ages 4 to 7) [\/vc_column_text][vc_empty_space alter_height=&#8221;medium&#8221; hide_on_mobile=&#8221;&#8221;][vc_empty_space alter_height=&#8221;medium&#8221; hide_on_mobile=&#8221;&#8221;][\/vc_column][vc_column width=&#8221;1\/6&#8243;][\/vc_column][\/vc_row][vc_row][vc_column width=&#8221;1\/2&#8243;][vc_column_text] Musical Initiation (Ages 4 to 5) Course Description This musical initiation course is designed to offer children a playful introduction to the basics of music. It combines learning rhythm and movement, with a particular emphasis on the use of Orff percussion instruments. This pedagogical tool enhances children&#8217;s auditory awareness while exploring different pitch ranges and encouraging improvisation. In addition, the course introduces children to musical notes through&hellip;","og_url":"https:\/\/centre-musical.ch\/en\/group-lessons-ages-4-to-7\/","og_site_name":"Centre Musical de Cornavin","article_modified_time":"2026-02-20T19:37:07+00:00","og_image":[{"url":"https:\/\/centre-musical.ch\/wp-content\/uploads\/2024\/05\/initiation_musicale_1.2_cropped_500x1000-150x300.jpg","type":"","width":"","height":""}],"twitter_card":"summary_large_image","twitter_misc":{"Est. reading time":"5 minutes"},"schema":{"@context":"https:\/\/schema.org","@graph":[{"@type":"WebPage","@id":"https:\/\/centre-musical.ch\/en\/group-lessons-ages-4-to-7\/","url":"https:\/\/centre-musical.ch\/en\/group-lessons-ages-4-to-7\/","name":"Group lessons (ages 4 to 7) - Centre Musical de Cornavin","isPartOf":{"@id":"https:\/\/centre-musical.ch\/en\/home-english\/#website"},"primaryImageOfPage":{"@id":"https:\/\/centre-musical.ch\/en\/group-lessons-ages-4-to-7\/#primaryimage"},"image":{"@id":"https:\/\/centre-musical.ch\/en\/group-lessons-ages-4-to-7\/#primaryimage"},"thumbnailUrl":"https:\/\/centre-musical.ch\/wp-content\/uploads\/2024\/05\/initiation_musicale_1.2_cropped_500x1000-150x300.jpg","datePublished":"2024-05-15T19:29:09+00:00","dateModified":"2026-02-20T19:37:07+00:00","breadcrumb":{"@id":"https:\/\/centre-musical.ch\/en\/group-lessons-ages-4-to-7\/#breadcrumb"},"inLanguage":"en-US","potentialAction":[{"@type":"ReadAction","target":["https:\/\/centre-musical.ch\/en\/group-lessons-ages-4-to-7\/"]}]},{"@type":"ImageObject","inLanguage":"en-US","@id":"https:\/\/centre-musical.ch\/en\/group-lessons-ages-4-to-7\/#primaryimage","url":"https:\/\/centre-musical.ch\/wp-content\/uploads\/2024\/05\/initiation_musicale_1.2_cropped_500x1000-150x300.jpg","contentUrl":"https:\/\/centre-musical.ch\/wp-content\/uploads\/2024\/05\/initiation_musicale_1.2_cropped_500x1000-150x300.jpg"},{"@type":"BreadcrumbList","@id":"https:\/\/centre-musical.ch\/en\/group-lessons-ages-4-to-7\/#breadcrumb","itemListElement":[{"@type":"ListItem","position":1,"name":"Accueil","item":"https:\/\/centre-musical.ch\/en\/"},{"@type":"ListItem","position":2,"name":"Group lessons (ages 4 to 7)"}]},{"@type":"WebSite","@id":"https:\/\/centre-musical.ch\/en\/home-english\/#website","url":"https:\/\/centre-musical.ch\/en\/home-english\/","name":"Centre Musical de Cornavin","description":"Une \u00e9cole o\u00f9 l&#039;on est bien","potentialAction":[{"@type":"SearchAction","target":{"@type":"EntryPoint","urlTemplate":"https:\/\/centre-musical.ch\/en\/home-english\/?s={search_term_string}"},"query-input":{"@type":"PropertyValueSpecification","valueRequired":true,"valueName":"search_term_string"}}],"inLanguage":"en-US"}]}},"_links":{"self":[{"href":"https:\/\/centre-musical.ch\/en\/wp-json\/wp\/v2\/pages\/4398","targetHints":{"allow":["GET"]}}],"collection":[{"href":"https:\/\/centre-musical.ch\/en\/wp-json\/wp\/v2\/pages"}],"about":[{"href":"https:\/\/centre-musical.ch\/en\/wp-json\/wp\/v2\/types\/page"}],"author":[{"embeddable":true,"href":"https:\/\/centre-musical.ch\/en\/wp-json\/wp\/v2\/users\/1"}],"replies":[{"embeddable":true,"href":"https:\/\/centre-musical.ch\/en\/wp-json\/wp\/v2\/comments?post=4398"}],"version-history":[{"count":11,"href":"https:\/\/centre-musical.ch\/en\/wp-json\/wp\/v2\/pages\/4398\/revisions"}],"predecessor-version":[{"id":5312,"href":"https:\/\/centre-musical.ch\/en\/wp-json\/wp\/v2\/pages\/4398\/revisions\/5312"}],"wp:attachment":[{"href":"https:\/\/centre-musical.ch\/en\/wp-json\/wp\/v2\/media?parent=4398"}],"curies":[{"name":"wp","href":"https:\/\/api.w.org\/{rel}","templated":true}]}}