{"id":4688,"date":"2024-05-08T14:41:05","date_gmt":"2024-05-08T12:41:05","guid":{"rendered":"https:\/\/centre-musical.ch\/flute-lessons\/"},"modified":"2024-09-06T12:20:50","modified_gmt":"2024-09-06T10:20:50","slug":"flute-lessons","status":"publish","type":"page","link":"https:\/\/centre-musical.ch\/en\/our-courses\/flute-lessons\/","title":{"rendered":"Flute lessons"},"content":{"rendered":"<p>[vc_row][vc_column width=&#8221;1\/6&#8243;][\/vc_column][vc_column width=&#8221;2\/3&#8243;][vc_empty_space alter_height=&#8221;small&#8221; hide_on_mobile=&#8221;&#8221;][vc_row_inner][vc_column_inner width=&#8221;1\/2&#8243;][vc_column_text]<\/p>\n<h3 class=\"trx_addons_no_margin\">Flute lessons<\/h3>\n<p>[\/vc_column_text][\/vc_column_inner][vc_column_inner width=&#8221;1\/2&#8243;][vc_column_text]<\/p>\n<p style=\"text-align: right;\"><span class=\"trx_addons_priced\"><strong>from CHF <\/strong>169.<em>-\/month*<\/em><\/span><\/p>\n<p>[\/vc_column_text][\/vc_column_inner][\/vc_row_inner][vc_column_text]<\/p>\n<div class=\"box_border\">\n<h4><span class=\"trx_addons_accent_hovered\"><br \/>\n<strong>Course description<\/strong><\/span><img loading=\"lazy\" decoding=\"async\" class=\"alignright wp-image-1202 size-medium\" src=\"https:\/\/centre-musical.ch\/wp-content\/uploads\/2023\/02\/flute_mains_verrtical_2000-200x300.jpg\" alt=\"\" width=\"200\" height=\"300\" srcset=\"https:\/\/centre-musical.ch\/wp-content\/uploads\/2023\/02\/flute_mains_verrtical_2000-200x300.jpg 200w, https:\/\/centre-musical.ch\/wp-content\/uploads\/2023\/02\/flute_mains_verrtical_2000-682x1024.jpg 682w, https:\/\/centre-musical.ch\/wp-content\/uploads\/2023\/02\/flute_mains_verrtical_2000-768x1152.jpg 768w, https:\/\/centre-musical.ch\/wp-content\/uploads\/2023\/02\/flute_mains_verrtical_2000-1024x1536.jpg 1024w, https:\/\/centre-musical.ch\/wp-content\/uploads\/2023\/02\/flute_mains_verrtical_2000-370x555.jpg 370w, https:\/\/centre-musical.ch\/wp-content\/uploads\/2023\/02\/flute_mains_verrtical_2000-760x1140.jpg 760w, https:\/\/centre-musical.ch\/wp-content\/uploads\/2023\/02\/flute_mains_verrtical_2000-600x900.jpg 600w, https:\/\/centre-musical.ch\/wp-content\/uploads\/2023\/02\/flute_mains_verrtical_2000.jpg 1333w\" sizes=\"auto, (max-width: 200px) 100vw, 200px\" \/><\/h4>\n<p>The transverse flute is a member of the woodwind family.<br \/>\nIt is also the oldest musical instrument ever found!<br \/>\nThe oldest flute dates back 35,000 years!<br \/>\nThe first flutes were made from animal bones.<br \/>\nLater, they were made of wood.<br \/>\nToday, they are often made of metals such as silver and gold.<br \/>\nLearning to play the flute is an exciting and accessible adventure, whatever your age or level.<\/div>\n<div class=\"box_border\">\n<p><strong>Objectives of flute lessons :<br \/>\n<\/strong><\/p>\n<ul>\n<li style=\"list-style-type: none;\">\n<ul>\n<li style=\"list-style-type: none;\">\n<ul>\n<li>Master flute technique in an accessible, progressive way.<\/li>\n<li>Understand and use body and muscle mechanisms to play comfortably.<\/li>\n<li>Cultivate a deep passion and appreciation for music.<\/li>\n<li>Provide tools for research and understanding that can be applied to a variety of fields.<\/li>\n<li>Adapt to the needs and ambitions of each student, whatever their age or level.<\/li>\n<li>Broaden students&#8217; horizons by stimulating their curiosity and desire for discovery.<\/li>\n<\/ul>\n<\/li>\n<\/ul>\n<\/li>\n<\/ul>\n<\/div>\n<div class=\"box_border\">\n<h4><span class=\"trx_addons_accent_hovered\"><strong>About the teacher<\/strong><\/span><\/h4>\n<p><a href=\"https:\/\/centre-musical.ch\/professeurs\/nehemie-manca\/\"><img loading=\"lazy\" decoding=\"async\" class=\"alignleft wp-image-3656 size-thumbnail\" src=\"https:\/\/centre-musical.ch\/wp-content\/uploads\/2024\/07\/nehemie_manca_1_cropped_square_1000jpg-150x150.jpg\" alt=\"\" width=\"150\" height=\"150\" srcset=\"https:\/\/centre-musical.ch\/wp-content\/uploads\/2024\/07\/nehemie_manca_1_cropped_square_1000jpg-150x150.jpg 150w, https:\/\/centre-musical.ch\/wp-content\/uploads\/2024\/07\/nehemie_manca_1_cropped_square_1000jpg-300x300.jpg 300w, https:\/\/centre-musical.ch\/wp-content\/uploads\/2024\/07\/nehemie_manca_1_cropped_square_1000jpg-768x768.jpg 768w, https:\/\/centre-musical.ch\/wp-content\/uploads\/2024\/07\/nehemie_manca_1_cropped_square_1000jpg-370x370.jpg 370w, https:\/\/centre-musical.ch\/wp-content\/uploads\/2024\/07\/nehemie_manca_1_cropped_square_1000jpg-740x740.jpg 740w, https:\/\/centre-musical.ch\/wp-content\/uploads\/2024\/07\/nehemie_manca_1_cropped_square_1000jpg-200x200.jpg 200w, https:\/\/centre-musical.ch\/wp-content\/uploads\/2024\/07\/nehemie_manca_1_cropped_square_1000jpg-760x760.jpg 760w, https:\/\/centre-musical.ch\/wp-content\/uploads\/2024\/07\/nehemie_manca_1_cropped_square_1000jpg-600x600.jpg 600w, https:\/\/centre-musical.ch\/wp-content\/uploads\/2024\/07\/nehemie_manca_1_cropped_square_1000jpg-100x100.jpg 100w, https:\/\/centre-musical.ch\/wp-content\/uploads\/2024\/07\/nehemie_manca_1_cropped_square_1000jpg.jpg 1000w\" sizes=\"auto, (max-width: 150px) 100vw, 150px\" \/><\/a><\/p>\n<p><strong>N\u00e9h\u00e9mie Manca<\/strong>, born in Geneva, is a flutist and teacher renowned for his pedagogical skills and his ability to clearly explain the technical and musical aspects of the flute.<br \/>\nHe holds a Bachelor of Arts degree from the Haute \u00c9cole de Musique de Gen\u00e8ve, and is currently preparing a Master&#8217;s degree in orchestration.<br \/>\nAppreciated for his personalized approach, he makes complex flute techniques accessible to his students.<br \/>\nN\u00e9h\u00e9mie has coached flute desks at the Conservatoire de Fribourg and the Harmonie La Sir\u00e8ne in Grand-Saconnex.<br \/>\nHe has played with orchestras such as the Orchestre de la Suisse Romande, the Orchestre des Pays de Savoie and the Orchestre de la Francophonie.<br \/>\nWinner of the Concours Genevois des Jeunes Musiciens and the Vienne Classique Competition, N\u00e9h\u00e9mie Manca looks forward to welcoming you to the Centre Musical de Cornavin to share his passion for flute and music.<\/p>\n<p style=\"text-align: center; text-decoration: underline;\"><strong><a href=\"https:\/\/centre-musical.ch\/en\/professeurs\/nehemie-manca\/\">Read the full biography<\/a><\/strong><\/p>\n<\/div>\n<p>[\/vc_column_text][vc_empty_space alter_height=&#8221;medium&#8221; hide_on_mobile=&#8221;&#8221;][\/vc_column][vc_column width=&#8221;1\/6&#8243;][\/vc_column][\/vc_row][vc_row][vc_column width=&#8221;1\/6&#8243;][\/vc_column][vc_column width=&#8221;2\/3&#8243;][vc_column_text]<\/p>\n<h4>Prices for flute lessons<\/h4>\n<p>[\/vc_column_text][vc_empty_space]<div id=\"sc_table_888355167_wrap\" class=\"sc_table_wrap\"><div id=\"sc_table_888355167\"\n\t\t\tclass=\"sc_table sc_table_default\" style=\"width:100%;\"><\/p>\n<table summary=\"Prix des le\u00e7ons\" cellspacing=\"0\">\n<thead>\n<tr>\n<th><\/th>\n<th style=\"font-size: 1em;\">Par mois<\/th>\n<th style=\"font-size: 1em;\">Par semestre (5 mois)<\/th>\n<th style=\"font-size: 1em;\">Carte de 10 le\u00e7ons<\/th>\n<\/tr>\n<\/thead>\n<tbody>\n<tr>\n<td style=\"text-align: center;\"><span style=\"color: #000000; font-family: Helvetica Neue; font-size: 1em;\">30 minutes<\/span><\/td>\n<td style=\"text-align: center;\"><span style=\"color: #000000; font-family: Helvetica Neue; font-size: 1em;\">CHF 196.-<\/span><\/td>\n<td style=\"text-align: center;\"><span style=\"color: #000000; font-family: Helvetica Neue; font-size: 1em;\">CHF 890.-<\/span><\/td>\n<td style=\"text-align: center;\"><span style=\"color: #000000; font-family: Helvetica Neue; font-size: 1em;\">CHF 593.-<\/span><\/td>\n<\/tr>\n<tr>\n<td style=\"text-align: center;\"><span style=\"color: #000000; font-family: Helvetica Neue; font-size: 1em;\">45 minutes<\/span><\/td>\n<td style=\"text-align: center;\"><span style=\"color: #000000; font-family: Helvetica Neue; font-size: 1em;\">CHF 283.-<\/span><\/td>\n<td style=\"text-align: center;\"><span style=\"color: #000000; font-family: Helvetica Neue; font-size: 1em;\">CHF 1 285.-<\/span><\/td>\n<td style=\"text-align: center;\"><span style=\"color: #000000; font-family: Helvetica Neue; font-size: 1em;\">CHF 857.-<\/span><\/td>\n<\/tr>\n<tr>\n<td style=\"text-align: center;\"><span style=\"color: #000000; font-family: Helvetica Neue; font-size: 1em;\">60 minutes<\/span><\/td>\n<td style=\"text-align: center;\"><span style=\"color: #000000; font-family: Helvetica Neue; font-size: 1em;\">CHF 370.-<\/span><\/td>\n<td style=\"text-align: center;\"><span style=\"color: #000000; font-family: Helvetica Neue; font-size: 1em;\">CHF 1 680.-<\/span><\/td>\n<td style=\"text-align: center;\"><span style=\"color: #000000; font-family: Helvetica Neue; font-size: 1em;\">CHF 1120.-<\/span><\/td>\n<\/tr>\n<\/tbody>\n<\/table>\n<p><\/div><\/div><!-- \/.sc_table_wrap -->[vc_empty_space alter_height=&#8221;small&#8221; hide_on_mobile=&#8221;&#8221;][vc_column_text]<\/p>\n<p style=\"text-align: center;\"><em>*5% discount for annual payments<\/em><\/p>\n<p>[\/vc_column_text][vc_empty_space alter_height=&#8221;medium&#8221; hide_on_mobile=&#8221;&#8221;][vc_column_text]<\/p>\n<div class=\"box_border\">\n<h4>Registration fees<\/h4>\n<p>The registration fee is CHF 50.- per year and per family.<\/p><\/div>\n<p>[\/vc_column_text][vc_empty_space][vc_column_text]<\/p>\n<div class=\"box_border\">\n<h4>Family Discount<\/h4>\n<p>A <strong>15% discount for the second child and 20% discount for the third child<\/strong> is granted when multiple members of the same family are enrolled at Michel Muller\u2019s PIANO SCHOOL.<\/div>\n<p>[\/vc_column_text][vc_empty_space][vc_column_text]<\/p>\n<div class=\"box_border\">\n<h4>Trial Lesson<\/h4>\n<p>The CORNAVIN MUSIC CENTER offers the possibility of taking a trial lesson with no obligation. This lesson is also an opportunity for the teacher to assess the student&#8217;s piano and musical skills in order to propose a suitable study plan. The trial lesson lasts 45 minutes (30 minutes for children).<\/p>\n<p><strong>To request a trial lesson, click on &#8220;Register&#8221; and check the &#8220;trial lesson&#8221; option<\/strong><\/div>\n<p>[\/vc_column_text][vc_empty_space][vc_empty_space][\/vc_column][vc_column width=&#8221;1\/6&#8243;][\/vc_column][\/vc_row][vc_column width=&#8221;1\/6&#8243;][\/vc_column][vc_row full_width=&#8221;stretch_row&#8221;][vc_column width=&#8221;1\/4&#8243;][\/vc_column][vc_column width=&#8221;1\/2&#8243;][vc_empty_space alter_height=&#8221;medium&#8221; hide_on_mobile=&#8221;&#8221;]<div class=\"sc_item_button sc_button_wrap sc_align_center\"><a href=\"\/en\/instrument-registration\/\" id=\"sc_button_2043716011\" class=\"sc_button color_style_default sc_button_default sc_button_size_large sc_button_icon_left\"><span class=\"sc_button_text sc_align_center\"><span class=\"sc_button_title\">Register<\/span><\/span><!-- \/.sc_button_text --><\/a><!-- \/.sc_button --><\/div><!-- \/.sc_item_button -->[vc_empty_space alter_height=&#8221;medium&#8221; hide_on_mobile=&#8221;&#8221;][\/vc_column][vc_column width=&#8221;1\/4&#8243;][\/vc_column][\/vc_row]<\/p>\n","protected":false},"excerpt":{"rendered":"<p>[vc_row][vc_column width=&#8221;1\/6&#8243;][\/vc_column][vc_column width=&#8221;2\/3&#8243;][vc_empty_space alter_height=&#8221;small&#8221; hide_on_mobile=&#8221;&#8221;][vc_row_inner][vc_column_inner width=&#8221;1\/2&#8243;][vc_column_text] Flute lessons [\/vc_column_text][\/vc_column_inner][vc_column_inner width=&#8221;1\/2&#8243;][vc_column_text] from CHF 169.-\/month* [\/vc_column_text][\/vc_column_inner][\/vc_row_inner][vc_column_text] Course description The transverse flute is a member of the woodwind family. It is also the oldest musical instrument ever found! The oldest flute dates back 35,000 years! The first flutes were made from animal bones. Later, they were made of wood. Today, they are often made of metals such as silver and gold. Learning to play the flute is an exciting and accessible adventure, whatever your age or&hellip;<\/p>\n","protected":false},"author":1,"featured_media":4165,"parent":4691,"menu_order":0,"comment_status":"closed","ping_status":"closed","template":"","meta":{"footnotes":""},"class_list":["post-4688","page","type-page","status-publish","has-post-thumbnail","hentry"],"yoast_head":"<!-- This site is optimized with the Yoast SEO plugin v26.6 - https:\/\/yoast.com\/wordpress\/plugins\/seo\/ -->\n<title>Flute lessons - Centre Musical de Cornavin<\/title>\n<meta name=\"robots\" content=\"index, follow, max-snippet:-1, max-image-preview:large, max-video-preview:-1\" \/>\n<link rel=\"canonical\" href=\"https:\/\/centre-musical.ch\/en\/our-courses\/flute-lessons\/\" \/>\n<meta property=\"og:locale\" content=\"en_US\" \/>\n<meta property=\"og:type\" content=\"article\" \/>\n<meta property=\"og:title\" content=\"Flute lessons - Centre Musical de Cornavin\" \/>\n<meta property=\"og:description\" content=\"[vc_row][vc_column width=&#8221;1\/6&#8243;][\/vc_column][vc_column width=&#8221;2\/3&#8243;][vc_empty_space alter_height=&#8221;small&#8221; hide_on_mobile=&#8221;&#8221;][vc_row_inner][vc_column_inner width=&#8221;1\/2&#8243;][vc_column_text] Flute lessons [\/vc_column_text][\/vc_column_inner][vc_column_inner width=&#8221;1\/2&#8243;][vc_column_text] from CHF 169.-\/month* [\/vc_column_text][\/vc_column_inner][\/vc_row_inner][vc_column_text] Course description The transverse flute is a member of the woodwind family. It is also the oldest musical instrument ever found! The oldest flute dates back 35,000 years! The first flutes were made from animal bones. Later, they were made of wood. Today, they are often made of metals such as silver and gold. Learning to play the flute is an exciting and accessible adventure, whatever your age or&hellip;\" \/>\n<meta property=\"og:url\" content=\"https:\/\/centre-musical.ch\/en\/our-courses\/flute-lessons\/\" \/>\n<meta property=\"og:site_name\" content=\"Centre Musical de Cornavin\" \/>\n<meta property=\"article:modified_time\" content=\"2024-09-06T10:20:50+00:00\" \/>\n<meta property=\"og:image\" content=\"https:\/\/centre-musical.ch\/wp-content\/uploads\/2023\/02\/flutiste_enfant_5_2000.jpg\" \/>\n\t<meta property=\"og:image:width\" content=\"2000\" \/>\n\t<meta property=\"og:image:height\" content=\"1325\" \/>\n\t<meta property=\"og:image:type\" content=\"image\/jpeg\" \/>\n<meta name=\"twitter:card\" content=\"summary_large_image\" \/>\n<meta name=\"twitter:label1\" content=\"Est. reading time\" \/>\n\t<meta name=\"twitter:data1\" content=\"4 minutes\" \/>\n<script type=\"application\/ld+json\" class=\"yoast-schema-graph\">{\"@context\":\"https:\/\/schema.org\",\"@graph\":[{\"@type\":\"WebPage\",\"@id\":\"https:\/\/centre-musical.ch\/en\/our-courses\/flute-lessons\/\",\"url\":\"https:\/\/centre-musical.ch\/en\/our-courses\/flute-lessons\/\",\"name\":\"Flute lessons - Centre Musical de Cornavin\",\"isPartOf\":{\"@id\":\"https:\/\/centre-musical.ch\/en\/home-english\/#website\"},\"primaryImageOfPage\":{\"@id\":\"https:\/\/centre-musical.ch\/en\/our-courses\/flute-lessons\/#primaryimage\"},\"image\":{\"@id\":\"https:\/\/centre-musical.ch\/en\/our-courses\/flute-lessons\/#primaryimage\"},\"thumbnailUrl\":\"https:\/\/centre-musical.ch\/wp-content\/uploads\/2023\/02\/flutiste_enfant_5_2000.jpg\",\"datePublished\":\"2024-05-08T12:41:05+00:00\",\"dateModified\":\"2024-09-06T10:20:50+00:00\",\"breadcrumb\":{\"@id\":\"https:\/\/centre-musical.ch\/en\/our-courses\/flute-lessons\/#breadcrumb\"},\"inLanguage\":\"en-US\",\"potentialAction\":[{\"@type\":\"ReadAction\",\"target\":[\"https:\/\/centre-musical.ch\/en\/our-courses\/flute-lessons\/\"]}]},{\"@type\":\"ImageObject\",\"inLanguage\":\"en-US\",\"@id\":\"https:\/\/centre-musical.ch\/en\/our-courses\/flute-lessons\/#primaryimage\",\"url\":\"https:\/\/centre-musical.ch\/wp-content\/uploads\/2023\/02\/flutiste_enfant_5_2000.jpg\",\"contentUrl\":\"https:\/\/centre-musical.ch\/wp-content\/uploads\/2023\/02\/flutiste_enfant_5_2000.jpg\",\"width\":2000,\"height\":1325},{\"@type\":\"BreadcrumbList\",\"@id\":\"https:\/\/centre-musical.ch\/en\/our-courses\/flute-lessons\/#breadcrumb\",\"itemListElement\":[{\"@type\":\"ListItem\",\"position\":1,\"name\":\"Accueil\",\"item\":\"https:\/\/centre-musical.ch\/en\/\"},{\"@type\":\"ListItem\",\"position\":2,\"name\":\"Our courses\",\"item\":\"https:\/\/centre-musical.ch\/en\/our-courses\/\"},{\"@type\":\"ListItem\",\"position\":3,\"name\":\"Flute lessons\"}]},{\"@type\":\"WebSite\",\"@id\":\"https:\/\/centre-musical.ch\/en\/home-english\/#website\",\"url\":\"https:\/\/centre-musical.ch\/en\/home-english\/\",\"name\":\"Centre Musical de Cornavin\",\"description\":\"Une \u00e9cole o\u00f9 l&#039;on est bien\",\"potentialAction\":[{\"@type\":\"SearchAction\",\"target\":{\"@type\":\"EntryPoint\",\"urlTemplate\":\"https:\/\/centre-musical.ch\/en\/home-english\/?s={search_term_string}\"},\"query-input\":{\"@type\":\"PropertyValueSpecification\",\"valueRequired\":true,\"valueName\":\"search_term_string\"}}],\"inLanguage\":\"en-US\"}]}<\/script>\n<!-- \/ Yoast SEO plugin. -->","yoast_head_json":{"title":"Flute lessons - Centre Musical de Cornavin","robots":{"index":"index","follow":"follow","max-snippet":"max-snippet:-1","max-image-preview":"max-image-preview:large","max-video-preview":"max-video-preview:-1"},"canonical":"https:\/\/centre-musical.ch\/en\/our-courses\/flute-lessons\/","og_locale":"en_US","og_type":"article","og_title":"Flute lessons - Centre Musical de Cornavin","og_description":"[vc_row][vc_column width=&#8221;1\/6&#8243;][\/vc_column][vc_column width=&#8221;2\/3&#8243;][vc_empty_space alter_height=&#8221;small&#8221; hide_on_mobile=&#8221;&#8221;][vc_row_inner][vc_column_inner width=&#8221;1\/2&#8243;][vc_column_text] Flute lessons [\/vc_column_text][\/vc_column_inner][vc_column_inner width=&#8221;1\/2&#8243;][vc_column_text] from CHF 169.-\/month* [\/vc_column_text][\/vc_column_inner][\/vc_row_inner][vc_column_text] Course description The transverse flute is a member of the woodwind family. It is also the oldest musical instrument ever found! The oldest flute dates back 35,000 years! The first flutes were made from animal bones. Later, they were made of wood. Today, they are often made of metals such as silver and gold. Learning to play the flute is an exciting and accessible adventure, whatever your age or&hellip;","og_url":"https:\/\/centre-musical.ch\/en\/our-courses\/flute-lessons\/","og_site_name":"Centre Musical de Cornavin","article_modified_time":"2024-09-06T10:20:50+00:00","og_image":[{"width":2000,"height":1325,"url":"https:\/\/centre-musical.ch\/wp-content\/uploads\/2023\/02\/flutiste_enfant_5_2000.jpg","type":"image\/jpeg"}],"twitter_card":"summary_large_image","twitter_misc":{"Est. reading time":"4 minutes"},"schema":{"@context":"https:\/\/schema.org","@graph":[{"@type":"WebPage","@id":"https:\/\/centre-musical.ch\/en\/our-courses\/flute-lessons\/","url":"https:\/\/centre-musical.ch\/en\/our-courses\/flute-lessons\/","name":"Flute lessons - Centre Musical de Cornavin","isPartOf":{"@id":"https:\/\/centre-musical.ch\/en\/home-english\/#website"},"primaryImageOfPage":{"@id":"https:\/\/centre-musical.ch\/en\/our-courses\/flute-lessons\/#primaryimage"},"image":{"@id":"https:\/\/centre-musical.ch\/en\/our-courses\/flute-lessons\/#primaryimage"},"thumbnailUrl":"https:\/\/centre-musical.ch\/wp-content\/uploads\/2023\/02\/flutiste_enfant_5_2000.jpg","datePublished":"2024-05-08T12:41:05+00:00","dateModified":"2024-09-06T10:20:50+00:00","breadcrumb":{"@id":"https:\/\/centre-musical.ch\/en\/our-courses\/flute-lessons\/#breadcrumb"},"inLanguage":"en-US","potentialAction":[{"@type":"ReadAction","target":["https:\/\/centre-musical.ch\/en\/our-courses\/flute-lessons\/"]}]},{"@type":"ImageObject","inLanguage":"en-US","@id":"https:\/\/centre-musical.ch\/en\/our-courses\/flute-lessons\/#primaryimage","url":"https:\/\/centre-musical.ch\/wp-content\/uploads\/2023\/02\/flutiste_enfant_5_2000.jpg","contentUrl":"https:\/\/centre-musical.ch\/wp-content\/uploads\/2023\/02\/flutiste_enfant_5_2000.jpg","width":2000,"height":1325},{"@type":"BreadcrumbList","@id":"https:\/\/centre-musical.ch\/en\/our-courses\/flute-lessons\/#breadcrumb","itemListElement":[{"@type":"ListItem","position":1,"name":"Accueil","item":"https:\/\/centre-musical.ch\/en\/"},{"@type":"ListItem","position":2,"name":"Our courses","item":"https:\/\/centre-musical.ch\/en\/our-courses\/"},{"@type":"ListItem","position":3,"name":"Flute lessons"}]},{"@type":"WebSite","@id":"https:\/\/centre-musical.ch\/en\/home-english\/#website","url":"https:\/\/centre-musical.ch\/en\/home-english\/","name":"Centre Musical de Cornavin","description":"Une \u00e9cole o\u00f9 l&#039;on est bien","potentialAction":[{"@type":"SearchAction","target":{"@type":"EntryPoint","urlTemplate":"https:\/\/centre-musical.ch\/en\/home-english\/?s={search_term_string}"},"query-input":{"@type":"PropertyValueSpecification","valueRequired":true,"valueName":"search_term_string"}}],"inLanguage":"en-US"}]}},"_links":{"self":[{"href":"https:\/\/centre-musical.ch\/en\/wp-json\/wp\/v2\/pages\/4688","targetHints":{"allow":["GET"]}}],"collection":[{"href":"https:\/\/centre-musical.ch\/en\/wp-json\/wp\/v2\/pages"}],"about":[{"href":"https:\/\/centre-musical.ch\/en\/wp-json\/wp\/v2\/types\/page"}],"author":[{"embeddable":true,"href":"https:\/\/centre-musical.ch\/en\/wp-json\/wp\/v2\/users\/1"}],"replies":[{"embeddable":true,"href":"https:\/\/centre-musical.ch\/en\/wp-json\/wp\/v2\/comments?post=4688"}],"version-history":[{"count":9,"href":"https:\/\/centre-musical.ch\/en\/wp-json\/wp\/v2\/pages\/4688\/revisions"}],"predecessor-version":[{"id":4743,"href":"https:\/\/centre-musical.ch\/en\/wp-json\/wp\/v2\/pages\/4688\/revisions\/4743"}],"up":[{"embeddable":true,"href":"https:\/\/centre-musical.ch\/en\/wp-json\/wp\/v2\/pages\/4691"}],"wp:featuredmedia":[{"embeddable":true,"href":"https:\/\/centre-musical.ch\/en\/wp-json\/wp\/v2\/media\/4165"}],"wp:attachment":[{"href":"https:\/\/centre-musical.ch\/en\/wp-json\/wp\/v2\/media?parent=4688"}],"curies":[{"name":"wp","href":"https:\/\/api.w.org\/{rel}","templated":true}]}}