{"id":4695,"date":"2024-05-08T14:41:06","date_gmt":"2024-05-08T12:41:06","guid":{"rendered":"https:\/\/centre-musical.ch\/our-courses\/guitar-lessons\/"},"modified":"2025-01-23T17:39:46","modified_gmt":"2025-01-23T16:39:46","slug":"guitar-lessons","status":"publish","type":"page","link":"https:\/\/centre-musical.ch\/en\/our-courses\/guitar-lessons\/","title":{"rendered":"Guitar lessons"},"content":{"rendered":"<p>[vc_row][vc_column width=&#8221;1\/6&#8243;][\/vc_column][vc_column width=&#8221;2\/3&#8243;][vc_row_inner][vc_column_inner width=&#8221;1\/2&#8243;][vc_column_text]<\/p>\n<h3 class=\"trx_addons_no_margin\">Guitar lessons<\/h3>\n<p>[\/vc_column_text][\/vc_column_inner][vc_column_inner width=&#8221;1\/2&#8243;][vc_column_text]<\/p>\n<p style=\"text-align: right;\"><span class=\"trx_addons_priced\"><strong>from CHF <\/strong>169.<em>-\/month*<\/em><\/span><\/p>\n<p>[\/vc_column_text][\/vc_column_inner][\/vc_row_inner][vc_column_text]<\/p>\n<div class=\"box_border\">\n<h4><span class=\"trx_addons_accent_hovered\"><br \/>\n<strong>Course description<\/strong><\/span><\/h4>\n<p>As a plucked string instrument, the guitar is distinguished by its soft, warm sound, which can also become intense and clear. It&#8217;s an instrument that has always fascinated and seduced throughout history. This guitar course is suitable for students of all ages and levels, from beginners to advanced.<\/p>\n<\/div>\n<div class=\"box_border\">\n<p><strong>The course objective is :<\/strong><\/p>\n<ul>\n<li style=\"list-style-type: none;\">\n<ul>\n<li style=\"list-style-type: none;\">\n<ul>\n<li>Developing a relationship with the world of music<\/li>\n<li>Learn different guitar-playing techniques<\/li>\n<li>Developing the art of accompaniment<\/li>\n<li>Learn to improvise by developing the student&#8217;s sense of creativity<\/li>\n<li>Ensemble music (with other instrumentalists or singers)<\/li>\n<li>Giving people the opportunity to perform in public.<\/li>\n<\/ul>\n<\/li>\n<\/ul>\n<\/li>\n<\/ul>\n<\/div>\n<div class=\"box_border\">\n<h4><span class=\"trx_addons_accent_hovered\"><strong>About the Teacher<\/strong><\/span><\/h4>\n<p><img loading=\"lazy\" decoding=\"async\" class=\"alignleft wp-image-4955 size-thumbnail\" src=\"https:\/\/centre-musical.ch\/wp-content\/uploads\/2025\/01\/manuel_toucinho_3_square-150x150.jpg\" alt=\"\" width=\"150\" height=\"150\" srcset=\"https:\/\/centre-musical.ch\/wp-content\/uploads\/2025\/01\/manuel_toucinho_3_square-150x150.jpg 150w, https:\/\/centre-musical.ch\/wp-content\/uploads\/2025\/01\/manuel_toucinho_3_square-300x300.jpg 300w, https:\/\/centre-musical.ch\/wp-content\/uploads\/2025\/01\/manuel_toucinho_3_square-370x370.jpg 370w, https:\/\/centre-musical.ch\/wp-content\/uploads\/2025\/01\/manuel_toucinho_3_square-200x200.jpg 200w, https:\/\/centre-musical.ch\/wp-content\/uploads\/2025\/01\/manuel_toucinho_3_square.jpg 639w\" sizes=\"auto, (max-width: 150px) 100vw, 150px\" \/><\/p>\n<p>Manuel Salgueiro Mendes Toucinho, a talented guitarist, began his musical studies at the age of 6 with his father. He received extensive training at the Academia de M\u00fasica e Dan\u00e7a do Fund\u00e3o and the University of \u00c9vora, where he achieved top grades. In 2021, he started a master\u2019s degree in musical performance at the Geneva Haute \u00c9cole de Musique, followed by a master\u2019s in pedagogy in 2024. Winner of 29 international awards, he maintains an active artistic career as a soloist and as a member of the Concordis Guitar Quartet and MP GuitarDuo. He plays guitars by Zbigniew Gnatek and is sponsored by the Savarez brand.<\/p>\n<p style=\"text-align: center; text-decoration: underline;\"><a href=\"https:\/\/centre-musical.ch\/en\/our-teachers\/manuel-toucinho\/\">Read the full biography<\/a><\/p>\n<\/div>\n<p>[\/vc_column_text][vc_empty_space alter_height=&#8221;medium&#8221; hide_on_mobile=&#8221;&#8221;][\/vc_column][vc_column width=&#8221;1\/6&#8243;][\/vc_column][\/vc_row][vc_row][vc_column width=&#8221;1\/4&#8243;][\/vc_column][vc_column width=&#8221;1\/2&#8243;][vc_column_text]<\/p>\n<h4>Prices for guitar lessons<\/h4>\n<p>[\/vc_column_text][vc_empty_space]<div id=\"sc_table_84866045_wrap\" class=\"sc_table_wrap\"><div id=\"sc_table_84866045\"\n\t\t\tclass=\"sc_table sc_table_default\" style=\"width:100%;\"><\/p>\n<table summary=\"Prix des le\u00e7ons\" cellspacing=\"0\">\n<thead>\n<tr>\n<th><\/th>\n<th style=\"font-size: 1em;\">Par mois<\/th>\n<th style=\"font-size: 1em;\">Par semestre (5 mois)<\/th>\n<th style=\"font-size: 1em;\">Carte de 10 le\u00e7ons<\/th>\n<\/tr>\n<\/thead>\n<tbody>\n<tr>\n<td style=\"text-align: center;\"><span style=\"color: #000000; font-family: Helvetica Neue; font-size: 1em;\">30 minutes<\/span><\/td>\n<td style=\"text-align: center;\"><span style=\"color: #000000; font-family: Helvetica Neue; font-size: 1em;\">CHF 196.-<\/span><\/td>\n<td style=\"text-align: center;\"><span style=\"color: #000000; font-family: Helvetica Neue; font-size: 1em;\">CHF 890.-<\/span><\/td>\n<td style=\"text-align: center;\"><span style=\"color: #000000; font-family: Helvetica Neue; font-size: 1em;\">CHF 593.-<\/span><\/td>\n<\/tr>\n<tr>\n<td style=\"text-align: center;\"><span style=\"color: #000000; font-family: Helvetica Neue; font-size: 1em;\">45 minutes<\/span><\/td>\n<td style=\"text-align: center;\"><span style=\"color: #000000; font-family: Helvetica Neue; font-size: 1em;\">CHF 283.-<\/span><\/td>\n<td style=\"text-align: center;\"><span style=\"color: #000000; font-family: Helvetica Neue; font-size: 1em;\">CHF 1 285.-<\/span><\/td>\n<td style=\"text-align: center;\"><span style=\"color: #000000; font-family: Helvetica Neue; font-size: 1em;\">CHF 857.-<\/span><\/td>\n<\/tr>\n<tr>\n<td style=\"text-align: center;\"><span style=\"color: #000000; font-family: Helvetica Neue; font-size: 1em;\">60 minutes<\/span><\/td>\n<td style=\"text-align: center;\"><span style=\"color: #000000; font-family: Helvetica Neue; font-size: 1em;\">CHF 370.-<\/span><\/td>\n<td style=\"text-align: center;\"><span style=\"color: #000000; font-family: Helvetica Neue; font-size: 1em;\">CHF 1 680.-<\/span><\/td>\n<td style=\"text-align: center;\"><span style=\"color: #000000; font-family: Helvetica Neue; font-size: 1em;\">CHF 1120.-<\/span><\/td>\n<\/tr>\n<\/tbody>\n<\/table>\n<p><\/div><\/div><!-- \/.sc_table_wrap -->[vc_empty_space alter_height=&#8221;medium&#8221; hide_on_mobile=&#8221;&#8221;][vc_column_text]<\/p>\n<p style=\"text-align: center;\"><em>*5% discount for annual payments<\/em><\/p>\n<p>[\/vc_column_text][vc_empty_space alter_height=&#8221;medium&#8221; hide_on_mobile=&#8221;&#8221;][vc_column_text]<\/p>\n<div class=\"box_border\">\n<h4>Registration fees<\/h4>\n<p>The registration fee is CHF 50.- per year and per family.<\/p>\n<\/div>\n<p>[\/vc_column_text][vc_empty_space][vc_column_text]<\/p>\n<div class=\"box_border\">\n<h4>Family Discount<\/h4>\n<p>A <strong>15% discount for the second child and 20% discount for the third child<\/strong> is granted when multiple members of the same family are enrolled at CORNAVIN MUSIC CENTER<\/p>\n<\/div>\n<p>[\/vc_column_text][vc_empty_space][vc_column_text]<\/p>\n<div class=\"box_border\">\n<h4>Trial Lesson<\/h4>\n<p>The CORNAVIN MUSIC CENTER offers the possibility of taking a trial lesson with no obligation. This lesson is also an opportunity for the teacher to assess the student&#8217;s piano and musical skills in order to propose a suitable study plan. The trial lesson lasts 45 minutes (30 minutes for children).<\/p>\n<p><strong>To request a trial lesson, click on &#8220;Register&#8221; and check the &#8220;trial lesson&#8221; option<\/strong><\/p>\n<\/div>\n<p>[\/vc_column_text][vc_empty_space][\/vc_column][vc_column width=&#8221;1\/4&#8243;][\/vc_column][\/vc_row][vc_column width=&#8221;1\/6&#8243;][\/vc_column][vc_row full_width=&#8221;stretch_row&#8221;][vc_column width=&#8221;1\/4&#8243;][\/vc_column][vc_column width=&#8221;1\/2&#8243;][vc_empty_space alter_height=&#8221;medium&#8221; hide_on_mobile=&#8221;&#8221;]<div class=\"sc_item_button sc_button_wrap sc_align_center\"><a href=\"\/en\/instrument-registration\/\" id=\"sc_button_109978108\" class=\"sc_button color_style_default sc_button_default sc_button_size_large sc_button_icon_left\"><span class=\"sc_button_text sc_align_center\"><span class=\"sc_button_title\">Register<\/span><\/span><!-- \/.sc_button_text --><\/a><!-- \/.sc_button --><\/div><!-- \/.sc_item_button -->[vc_empty_space alter_height=&#8221;medium&#8221; hide_on_mobile=&#8221;&#8221;][\/vc_column][vc_column width=&#8221;1\/4&#8243;][\/vc_column][\/vc_row]<\/p>\n","protected":false},"excerpt":{"rendered":"<p>[vc_row][vc_column width=&#8221;1\/6&#8243;][\/vc_column][vc_column width=&#8221;2\/3&#8243;][vc_row_inner][vc_column_inner width=&#8221;1\/2&#8243;][vc_column_text] Guitar lessons [\/vc_column_text][\/vc_column_inner][vc_column_inner width=&#8221;1\/2&#8243;][vc_column_text] from CHF 169.-\/month* [\/vc_column_text][\/vc_column_inner][\/vc_row_inner][vc_column_text] Course description As a plucked string instrument, the guitar is distinguished by its soft, warm sound, which can also become intense and clear. It&#8217;s an instrument that has always fascinated and seduced throughout history. This guitar course is suitable for students of all ages and levels, from beginners to advanced. The course objective is : Developing a relationship with the world of music Learn different guitar-playing techniques Developing the art of&hellip;<\/p>\n","protected":false},"author":1,"featured_media":4025,"parent":4691,"menu_order":0,"comment_status":"closed","ping_status":"closed","template":"","meta":{"footnotes":""},"class_list":["post-4695","page","type-page","status-publish","has-post-thumbnail","hentry"],"yoast_head":"<!-- This site is optimized with the Yoast SEO plugin v26.6 - https:\/\/yoast.com\/wordpress\/plugins\/seo\/ -->\n<title>Guitar lessons - Centre Musical de Cornavin<\/title>\n<meta name=\"robots\" content=\"index, follow, max-snippet:-1, max-image-preview:large, max-video-preview:-1\" \/>\n<link rel=\"canonical\" href=\"https:\/\/centre-musical.ch\/en\/our-courses\/guitar-lessons\/\" \/>\n<meta property=\"og:locale\" content=\"en_US\" \/>\n<meta property=\"og:type\" content=\"article\" \/>\n<meta property=\"og:title\" content=\"Guitar lessons - Centre Musical de Cornavin\" \/>\n<meta property=\"og:description\" content=\"[vc_row][vc_column width=&#8221;1\/6&#8243;][\/vc_column][vc_column width=&#8221;2\/3&#8243;][vc_row_inner][vc_column_inner width=&#8221;1\/2&#8243;][vc_column_text] Guitar lessons [\/vc_column_text][\/vc_column_inner][vc_column_inner width=&#8221;1\/2&#8243;][vc_column_text] from CHF 169.-\/month* [\/vc_column_text][\/vc_column_inner][\/vc_row_inner][vc_column_text] Course description As a plucked string instrument, the guitar is distinguished by its soft, warm sound, which can also become intense and clear. It&#8217;s an instrument that has always fascinated and seduced throughout history. This guitar course is suitable for students of all ages and levels, from beginners to advanced. The course objective is : Developing a relationship with the world of music Learn different guitar-playing techniques Developing the art of&hellip;\" \/>\n<meta property=\"og:url\" content=\"https:\/\/centre-musical.ch\/en\/our-courses\/guitar-lessons\/\" \/>\n<meta property=\"og:site_name\" content=\"Centre Musical de Cornavin\" \/>\n<meta property=\"article:modified_time\" content=\"2025-01-23T16:39:46+00:00\" \/>\n<meta property=\"og:image\" content=\"https:\/\/centre-musical.ch\/wp-content\/uploads\/2023\/02\/guitare_main_2000.jpg\" \/>\n\t<meta property=\"og:image:width\" content=\"2000\" \/>\n\t<meta property=\"og:image:height\" content=\"1333\" \/>\n\t<meta property=\"og:image:type\" content=\"image\/jpeg\" \/>\n<meta name=\"twitter:card\" content=\"summary_large_image\" \/>\n<meta name=\"twitter:label1\" content=\"Est. reading time\" \/>\n\t<meta name=\"twitter:data1\" content=\"3 minutes\" \/>\n<script type=\"application\/ld+json\" class=\"yoast-schema-graph\">{\"@context\":\"https:\/\/schema.org\",\"@graph\":[{\"@type\":\"WebPage\",\"@id\":\"https:\/\/centre-musical.ch\/en\/our-courses\/guitar-lessons\/\",\"url\":\"https:\/\/centre-musical.ch\/en\/our-courses\/guitar-lessons\/\",\"name\":\"Guitar lessons - Centre Musical de Cornavin\",\"isPartOf\":{\"@id\":\"https:\/\/centre-musical.ch\/en\/home-english\/#website\"},\"primaryImageOfPage\":{\"@id\":\"https:\/\/centre-musical.ch\/en\/our-courses\/guitar-lessons\/#primaryimage\"},\"image\":{\"@id\":\"https:\/\/centre-musical.ch\/en\/our-courses\/guitar-lessons\/#primaryimage\"},\"thumbnailUrl\":\"https:\/\/centre-musical.ch\/wp-content\/uploads\/2023\/02\/guitare_main_2000.jpg\",\"datePublished\":\"2024-05-08T12:41:06+00:00\",\"dateModified\":\"2025-01-23T16:39:46+00:00\",\"breadcrumb\":{\"@id\":\"https:\/\/centre-musical.ch\/en\/our-courses\/guitar-lessons\/#breadcrumb\"},\"inLanguage\":\"en-US\",\"potentialAction\":[{\"@type\":\"ReadAction\",\"target\":[\"https:\/\/centre-musical.ch\/en\/our-courses\/guitar-lessons\/\"]}]},{\"@type\":\"ImageObject\",\"inLanguage\":\"en-US\",\"@id\":\"https:\/\/centre-musical.ch\/en\/our-courses\/guitar-lessons\/#primaryimage\",\"url\":\"https:\/\/centre-musical.ch\/wp-content\/uploads\/2023\/02\/guitare_main_2000.jpg\",\"contentUrl\":\"https:\/\/centre-musical.ch\/wp-content\/uploads\/2023\/02\/guitare_main_2000.jpg\",\"width\":2000,\"height\":1333},{\"@type\":\"BreadcrumbList\",\"@id\":\"https:\/\/centre-musical.ch\/en\/our-courses\/guitar-lessons\/#breadcrumb\",\"itemListElement\":[{\"@type\":\"ListItem\",\"position\":1,\"name\":\"Accueil\",\"item\":\"https:\/\/centre-musical.ch\/en\/\"},{\"@type\":\"ListItem\",\"position\":2,\"name\":\"Our courses\",\"item\":\"https:\/\/centre-musical.ch\/en\/our-courses\/\"},{\"@type\":\"ListItem\",\"position\":3,\"name\":\"Guitar lessons\"}]},{\"@type\":\"WebSite\",\"@id\":\"https:\/\/centre-musical.ch\/en\/home-english\/#website\",\"url\":\"https:\/\/centre-musical.ch\/en\/home-english\/\",\"name\":\"Centre Musical de Cornavin\",\"description\":\"Une \u00e9cole o\u00f9 l&#039;on est bien\",\"potentialAction\":[{\"@type\":\"SearchAction\",\"target\":{\"@type\":\"EntryPoint\",\"urlTemplate\":\"https:\/\/centre-musical.ch\/en\/home-english\/?s={search_term_string}\"},\"query-input\":{\"@type\":\"PropertyValueSpecification\",\"valueRequired\":true,\"valueName\":\"search_term_string\"}}],\"inLanguage\":\"en-US\"}]}<\/script>\n<!-- \/ Yoast SEO plugin. -->","yoast_head_json":{"title":"Guitar lessons - Centre Musical de Cornavin","robots":{"index":"index","follow":"follow","max-snippet":"max-snippet:-1","max-image-preview":"max-image-preview:large","max-video-preview":"max-video-preview:-1"},"canonical":"https:\/\/centre-musical.ch\/en\/our-courses\/guitar-lessons\/","og_locale":"en_US","og_type":"article","og_title":"Guitar lessons - Centre Musical de Cornavin","og_description":"[vc_row][vc_column width=&#8221;1\/6&#8243;][\/vc_column][vc_column width=&#8221;2\/3&#8243;][vc_row_inner][vc_column_inner width=&#8221;1\/2&#8243;][vc_column_text] Guitar lessons [\/vc_column_text][\/vc_column_inner][vc_column_inner width=&#8221;1\/2&#8243;][vc_column_text] from CHF 169.-\/month* [\/vc_column_text][\/vc_column_inner][\/vc_row_inner][vc_column_text] Course description As a plucked string instrument, the guitar is distinguished by its soft, warm sound, which can also become intense and clear. It&#8217;s an instrument that has always fascinated and seduced throughout history. This guitar course is suitable for students of all ages and levels, from beginners to advanced. The course objective is : Developing a relationship with the world of music Learn different guitar-playing techniques Developing the art of&hellip;","og_url":"https:\/\/centre-musical.ch\/en\/our-courses\/guitar-lessons\/","og_site_name":"Centre Musical de Cornavin","article_modified_time":"2025-01-23T16:39:46+00:00","og_image":[{"width":2000,"height":1333,"url":"https:\/\/centre-musical.ch\/wp-content\/uploads\/2023\/02\/guitare_main_2000.jpg","type":"image\/jpeg"}],"twitter_card":"summary_large_image","twitter_misc":{"Est. reading time":"3 minutes"},"schema":{"@context":"https:\/\/schema.org","@graph":[{"@type":"WebPage","@id":"https:\/\/centre-musical.ch\/en\/our-courses\/guitar-lessons\/","url":"https:\/\/centre-musical.ch\/en\/our-courses\/guitar-lessons\/","name":"Guitar lessons - Centre Musical de Cornavin","isPartOf":{"@id":"https:\/\/centre-musical.ch\/en\/home-english\/#website"},"primaryImageOfPage":{"@id":"https:\/\/centre-musical.ch\/en\/our-courses\/guitar-lessons\/#primaryimage"},"image":{"@id":"https:\/\/centre-musical.ch\/en\/our-courses\/guitar-lessons\/#primaryimage"},"thumbnailUrl":"https:\/\/centre-musical.ch\/wp-content\/uploads\/2023\/02\/guitare_main_2000.jpg","datePublished":"2024-05-08T12:41:06+00:00","dateModified":"2025-01-23T16:39:46+00:00","breadcrumb":{"@id":"https:\/\/centre-musical.ch\/en\/our-courses\/guitar-lessons\/#breadcrumb"},"inLanguage":"en-US","potentialAction":[{"@type":"ReadAction","target":["https:\/\/centre-musical.ch\/en\/our-courses\/guitar-lessons\/"]}]},{"@type":"ImageObject","inLanguage":"en-US","@id":"https:\/\/centre-musical.ch\/en\/our-courses\/guitar-lessons\/#primaryimage","url":"https:\/\/centre-musical.ch\/wp-content\/uploads\/2023\/02\/guitare_main_2000.jpg","contentUrl":"https:\/\/centre-musical.ch\/wp-content\/uploads\/2023\/02\/guitare_main_2000.jpg","width":2000,"height":1333},{"@type":"BreadcrumbList","@id":"https:\/\/centre-musical.ch\/en\/our-courses\/guitar-lessons\/#breadcrumb","itemListElement":[{"@type":"ListItem","position":1,"name":"Accueil","item":"https:\/\/centre-musical.ch\/en\/"},{"@type":"ListItem","position":2,"name":"Our courses","item":"https:\/\/centre-musical.ch\/en\/our-courses\/"},{"@type":"ListItem","position":3,"name":"Guitar lessons"}]},{"@type":"WebSite","@id":"https:\/\/centre-musical.ch\/en\/home-english\/#website","url":"https:\/\/centre-musical.ch\/en\/home-english\/","name":"Centre Musical de Cornavin","description":"Une \u00e9cole o\u00f9 l&#039;on est bien","potentialAction":[{"@type":"SearchAction","target":{"@type":"EntryPoint","urlTemplate":"https:\/\/centre-musical.ch\/en\/home-english\/?s={search_term_string}"},"query-input":{"@type":"PropertyValueSpecification","valueRequired":true,"valueName":"search_term_string"}}],"inLanguage":"en-US"}]}},"_links":{"self":[{"href":"https:\/\/centre-musical.ch\/en\/wp-json\/wp\/v2\/pages\/4695","targetHints":{"allow":["GET"]}}],"collection":[{"href":"https:\/\/centre-musical.ch\/en\/wp-json\/wp\/v2\/pages"}],"about":[{"href":"https:\/\/centre-musical.ch\/en\/wp-json\/wp\/v2\/types\/page"}],"author":[{"embeddable":true,"href":"https:\/\/centre-musical.ch\/en\/wp-json\/wp\/v2\/users\/1"}],"replies":[{"embeddable":true,"href":"https:\/\/centre-musical.ch\/en\/wp-json\/wp\/v2\/comments?post=4695"}],"version-history":[{"count":10,"href":"https:\/\/centre-musical.ch\/en\/wp-json\/wp\/v2\/pages\/4695\/revisions"}],"predecessor-version":[{"id":4961,"href":"https:\/\/centre-musical.ch\/en\/wp-json\/wp\/v2\/pages\/4695\/revisions\/4961"}],"up":[{"embeddable":true,"href":"https:\/\/centre-musical.ch\/en\/wp-json\/wp\/v2\/pages\/4691"}],"wp:featuredmedia":[{"embeddable":true,"href":"https:\/\/centre-musical.ch\/en\/wp-json\/wp\/v2\/media\/4025"}],"wp:attachment":[{"href":"https:\/\/centre-musical.ch\/en\/wp-json\/wp\/v2\/media?parent=4695"}],"curies":[{"name":"wp","href":"https:\/\/api.w.org\/{rel}","templated":true}]}}