{"id":4698,"date":"2024-05-14T09:27:53","date_gmt":"2024-05-14T07:27:53","guid":{"rendered":"https:\/\/centre-musical.ch\/our-courses\/cours-de-violoncelle\/"},"modified":"2024-08-29T08:21:41","modified_gmt":"2024-08-29T06:21:41","slug":"cello-lessons","status":"publish","type":"page","link":"https:\/\/centre-musical.ch\/en\/our-courses\/cello-lessons\/","title":{"rendered":"Cello lessons"},"content":{"rendered":"<p>[vc_row][vc_column width=&#8221;1\/5&#8243;][\/vc_column][vc_column width=&#8221;3\/5&#8243;][vc_empty_space hide_on_mobile=&#8221;&#8221;][vc_row_inner][vc_column_inner width=&#8221;1\/2&#8243;][vc_column_text]<\/p>\n<h3 class=\"trx_addons_no_margin\">Cello Lessons<\/h3>\n<p>[\/vc_column_text][\/vc_column_inner][vc_column_inner width=&#8221;1\/2&#8243;][vc_column_text]<\/p>\n<p style=\"text-align: right;\"><span class=\"trx_addons_priced\"><strong>Starting at CHF<\/strong>196.-<em>\/months<\/em><\/span><\/p>\n<p>[\/vc_column_text][\/vc_column_inner][\/vc_row_inner][vc_column_text]<\/p>\n<div class=\"box_border\">\n<h4><span class=\"trx_addons_accent_hovered\"> <strong>Cello Lessons<\/strong><\/span><\/h4>\n<p><strong>Discover the Magic of the Cello, an Instrument with Warm Tones. <\/strong>Whether you are a curious beginner or an experienced musician looking to refine your technique, our cello lessons are designed to inspire and guide you at every stage of your musical journey.<\/p>\n<p>Our passionate and experienced teachers will support you with kindness and expertise, offering personalized lessons tailored to your level and goals.<\/p>\n<p><img loading=\"lazy\" decoding=\"async\" class=\"aligncenter wp-image-3357 size-large\" src=\"https:\/\/centre-musical.ch\/wp-content\/uploads\/2024\/05\/violoncelliste_1.1-1024x651.jpg\" alt=\"\" width=\"1024\" height=\"651\" srcset=\"https:\/\/centre-musical.ch\/wp-content\/uploads\/2024\/05\/violoncelliste_1.1-1024x651.jpg 1024w, https:\/\/centre-musical.ch\/wp-content\/uploads\/2024\/05\/violoncelliste_1.1-300x191.jpg 300w, https:\/\/centre-musical.ch\/wp-content\/uploads\/2024\/05\/violoncelliste_1.1-768x488.jpg 768w, https:\/\/centre-musical.ch\/wp-content\/uploads\/2024\/05\/violoncelliste_1.1-370x235.jpg 370w, https:\/\/centre-musical.ch\/wp-content\/uploads\/2024\/05\/violoncelliste_1.1-760x483.jpg 760w, https:\/\/centre-musical.ch\/wp-content\/uploads\/2024\/05\/violoncelliste_1.1-600x381.jpg 600w, https:\/\/centre-musical.ch\/wp-content\/uploads\/2024\/05\/violoncelliste_1.1.jpg 1500w\" sizes=\"auto, (max-width: 1024px) 100vw, 1024px\" \/><\/p>\n<p>Dive into the diverse and rich world of the cello, explore repertoires ranging from classical to modern compositions, and learn to play this wonderful instrument with expression and emotion.<\/p>\n<p>Let yourself be enchanted by the cello and take the first step towards an unforgettable musical adventure.<\/p><\/div>\n<div class=\"box_border\">\n<h4><strong><span class=\"trx_addons_accent_hovered\">About the Teachers<\/span><\/strong><\/h4>\n<h4>Yana Parra<\/h4>\n<p><img loading=\"lazy\" decoding=\"async\" class=\"alignleft wp-image-3170 size-thumbnail\" src=\"https:\/\/centre-musical.ch\/wp-content\/uploads\/2024\/05\/yana_para_sottas_carree_1-150x150.jpg\" alt=\"\" width=\"150\" height=\"150\" srcset=\"https:\/\/centre-musical.ch\/wp-content\/uploads\/2024\/05\/yana_para_sottas_carree_1-150x150.jpg 150w, https:\/\/centre-musical.ch\/wp-content\/uploads\/2024\/05\/yana_para_sottas_carree_1-200x200.jpg 200w, https:\/\/centre-musical.ch\/wp-content\/uploads\/2024\/05\/yana_para_sottas_carree_1-100x100.jpg 100w, https:\/\/centre-musical.ch\/wp-content\/uploads\/2024\/05\/yana_para_sottas_carree_1.jpg 250w\" sizes=\"auto, (max-width: 150px) 100vw, 150px\" \/>Yana Parra, born in 1988 in Caracas, began her musical training in Venezuela with &#8220;El Sistema&#8221; before continuing her studies in Munich at the Richard Strauss Conservatory at the age of 16. She earned a degree in cello pedagogy from the Hochschule f\u00fcr Musik und Theater M\u00fcnchen in 2011. Yana also completed a Bachelor of Arts at the Geneva University of Music, followed by a Master&#8217;s in musical interpretation at the Hochschule f\u00fcr Musik Basel.<\/p>\n<p>She has worked with ensembles such as the Orchestre de la Suisse Romande and the Gstaad Festival Orchestra. From 2013 to 2019, she taught in Geneva and Versoix, and obtained an active Orff pedagogy certification in Montreal. From 2019 to 2023, she taught at the Vincent-d&#8217;Indy School of Music in Montreal.<\/p>\n<p>Starting in August 2024, she will join the Centre Musical de Cornavin to continue inspiring young musicians.<\/p>\n<p><a href=\"https:\/\/centre-musical.ch\/en\/teachers\/yana-parra\/\">\u2192 Read the Full Biography<\/a><\/p>\n<h4>Fabrice Sottas<\/h4>\n<p><img loading=\"lazy\" decoding=\"async\" class=\"alignleft wp-image-3169 size-thumbnail\" src=\"https:\/\/centre-musical.ch\/wp-content\/uploads\/2024\/05\/fabrice_sottas__carree_1-150x150.jpg\" alt=\"\" width=\"150\" height=\"150\" srcset=\"https:\/\/centre-musical.ch\/wp-content\/uploads\/2024\/05\/fabrice_sottas__carree_1-150x150.jpg 150w, https:\/\/centre-musical.ch\/wp-content\/uploads\/2024\/05\/fabrice_sottas__carree_1-300x300.jpg 300w, https:\/\/centre-musical.ch\/wp-content\/uploads\/2024\/05\/fabrice_sottas__carree_1-768x768.jpg 768w, https:\/\/centre-musical.ch\/wp-content\/uploads\/2024\/05\/fabrice_sottas__carree_1-370x370.jpg 370w, https:\/\/centre-musical.ch\/wp-content\/uploads\/2024\/05\/fabrice_sottas__carree_1-740x740.jpg 740w, https:\/\/centre-musical.ch\/wp-content\/uploads\/2024\/05\/fabrice_sottas__carree_1-200x200.jpg 200w, https:\/\/centre-musical.ch\/wp-content\/uploads\/2024\/05\/fabrice_sottas__carree_1-760x760.jpg 760w, https:\/\/centre-musical.ch\/wp-content\/uploads\/2024\/05\/fabrice_sottas__carree_1-600x600.jpg 600w, https:\/\/centre-musical.ch\/wp-content\/uploads\/2024\/05\/fabrice_sottas__carree_1-100x100.jpg 100w, https:\/\/centre-musical.ch\/wp-content\/uploads\/2024\/05\/fabrice_sottas__carree_1.jpg 853w\" sizes=\"auto, (max-width: 150px) 100vw, 150px\" \/><\/p>\n<p>Fabrice Sottas began playing the cello at the Geneva Conservatory, then continued his studies at the Glenn Gould Professional School in Toronto, the Richard Strauss Conservatory, the Hochschule f\u00fcr Musik und Theater M\u00fcnchen, and the Geneva University of Music. He was awarded the Andr\u00e9 Fran\u00e7ois Marescotti Foundation prize.<\/p>\n<p>After his studies, he was admitted to the Bavarian Orchestra Academy and played with the orchestra of the National Theater in Darmstadt. He also collaborated with the Munich Symphony Orchestra and the Augsburg Philharmonic Orchestra before becoming a cellist with the Malta Philharmonic Orchestra.<\/p>\n<p>Returning to Geneva in 2010, he dedicated himself to chamber music, teaching cello, and collaborating with various orchestras, including the Orchestre de la Suisse Romande. He has taught at the International School of Geneva, the Vincent-d&#8217;Indy School of Music in Montreal, and the St\u00e4dtische Sing- und Musikschule in Munich. Back in Geneva in 2024, he continues to teach the cello, tailoring his lessons to the specific needs of his students.<\/p>\n<p><a href=\"https:\/\/centre-musical.ch\/en\/teachers\/fabrice-sottas\/\">\u2192 Read the Full Biography<\/a><\/div>\n<p>[\/vc_column_text][vc_empty_space alter_height=&#8221;medium&#8221; hide_on_mobile=&#8221;&#8221;][\/vc_column][vc_column width=&#8221;1\/5&#8243;][\/vc_column][\/vc_row][vc_row][vc_column width=&#8221;1\/4&#8243;][\/vc_column][vc_column width=&#8221;1\/2&#8243;][vc_column_text]<\/p>\n<h4><strong>Cello Lesson Prices<\/strong><\/h4>\n<p>[\/vc_column_text][vc_empty_space]<div id=\"sc_table_372840857_wrap\" class=\"sc_table_wrap\"><div id=\"sc_table_372840857\"\n\t\t\tclass=\"sc_table sc_table_default\" style=\"width:100%;\"><\/p>\n<table summary=\"Prix des le\u00e7ons\" cellspacing=\"0\">\n<thead>\n<tr>\n<th><\/th>\n<th style=\"font-size: 1em;\">Per Month<\/th>\n<th style=\"font-size: 1em;\">Per Semester (5 months)<\/th>\n<th style=\"font-size: 1em;\">10-Lesson Card<\/th>\n<\/tr>\n<\/thead>\n<tbody>\n<tr>\n<td style=\"text-align: center;\"><span style=\"color: #000000; font-family: Helvetica Neue; font-size: 1em;\">30 minutes<\/span><\/td>\n<td style=\"text-align: center;\"><span style=\"color: #000000; font-family: Helvetica Neue; font-size: 1em;\">CHF 196.-<\/span><\/td>\n<td style=\"text-align: center;\"><span style=\"color: #000000; font-family: Helvetica Neue; font-size: 1em;\">CHF 890.-<\/span><\/td>\n<td style=\"text-align: center;\"><span style=\"color: #000000; font-family: Helvetica Neue; font-size: 1em;\">CHF 593.-<\/span><\/td>\n<\/tr>\n<tr>\n<td style=\"text-align: center;\"><span style=\"color: #000000; font-family: Helvetica Neue; font-size: 1em;\">45 minutes<\/span><\/td>\n<td style=\"text-align: center;\"><span style=\"color: #000000; font-family: Helvetica Neue; font-size: 1em;\">CHF 283.-<\/span><\/td>\n<td style=\"text-align: center;\"><span style=\"color: #000000; font-family: Helvetica Neue; font-size: 1em;\">CHF 1 285.-<\/span><\/td>\n<td style=\"text-align: center;\"><span style=\"color: #000000; font-family: Helvetica Neue; font-size: 1em;\">CHF 857.-<\/span><\/td>\n<\/tr>\n<tr>\n<td style=\"text-align: center;\"><span style=\"color: #000000; font-family: Helvetica Neue; font-size: 1em;\">60 minutes<\/span><\/td>\n<td style=\"text-align: center;\"><span style=\"color: #000000; font-family: Helvetica Neue; font-size: 1em;\">CHF 370.-<\/span><\/td>\n<td style=\"text-align: center;\"><span style=\"color: #000000; font-family: Helvetica Neue; font-size: 1em;\">CHF 1 680.-<\/span><\/td>\n<td style=\"text-align: center;\"><span style=\"color: #000000; font-family: Helvetica Neue; font-size: 1em;\">CHF 1120.-<\/span><\/td>\n<\/tr>\n<\/tbody>\n<\/table>\n<p><\/div><\/div><!-- \/.sc_table_wrap -->[vc_empty_space alter_height=&#8221;medium&#8221; hide_on_mobile=&#8221;&#8221;][vc_column_text]<\/p>\n<div class=\"box_border\">\n<h4>Registration Fees<\/h4>\n<p>The registration fee is 50.- per year and per family.<\/p><\/div>\n<p>[\/vc_column_text][vc_empty_space hide_on_mobile=&#8221;&#8221;][vc_column_text]<\/p>\n<div class=\"box_border\">\n<h4><strong>Family Discounts<\/strong><\/h4>\n<p>We are pleased to offer special discounts for families. When multiple members of the same family enroll, you receive a 10% discount for the second child and a 20% discount for the third child.<\/p>\n<p>These discounts also apply if a parent enrolls with one or more children.<\/p><\/div>\n<p>[\/vc_column_text][vc_empty_space hide_on_mobile=&#8221;&#8221;][vc_column_text]<\/p>\n<div class=\"box_border\">\n<h4><strong>Trial Lesson<\/strong><\/h4>\n<p>The CENTRE MUSICAL DE CORNAVIN offers the opportunity to take a trial lesson with no obligation. This lesson also allows the teacher to assess the student&#8217;s piano and musical skills in order to propose a suitable study plan. The trial lesson lasts 45 minutes (30 minutes for children).<\/p>\n<p><strong>To request a trial lesson, click on &#8220;Register&#8221; and check the &#8220;Trial Lesson&#8221; option.<\/strong><\/div>\n<p>[\/vc_column_text][vc_empty_space alter_height=&#8221;medium&#8221; hide_on_mobile=&#8221;&#8221;]<div class=\"sc_item_button sc_button_wrap sc_align_center\"><a href=\"\/en\/instrument-registration\/\" id=\"sc_button_777292331\" class=\"sc_button color_style_default sc_button_default sc_button_size_large sc_button_icon_left\"><span class=\"sc_button_text sc_align_center\"><span class=\"sc_button_title\">Register<\/span><\/span><!-- \/.sc_button_text --><\/a><!-- \/.sc_button --><\/div><!-- \/.sc_item_button -->[vc_empty_space alter_height=&#8221;medium&#8221; hide_on_mobile=&#8221;&#8221;][\/vc_column][vc_column width=&#8221;1\/4&#8243;][\/vc_column][\/vc_row][vc_column width=&#8221;1\/6&#8243;][\/vc_column]<\/p>\n","protected":false},"excerpt":{"rendered":"<p>[vc_row][vc_column width=&#8221;1\/5&#8243;][\/vc_column][vc_column width=&#8221;3\/5&#8243;][vc_empty_space hide_on_mobile=&#8221;&#8221;][vc_row_inner][vc_column_inner width=&#8221;1\/2&#8243;][vc_column_text] Cello Lessons [\/vc_column_text][\/vc_column_inner][vc_column_inner width=&#8221;1\/2&#8243;][vc_column_text] Starting at CHF196.-\/months [\/vc_column_text][\/vc_column_inner][\/vc_row_inner][vc_column_text] Cello Lessons Discover the Magic of the Cello, an Instrument with Warm Tones. Whether you are a curious beginner or an experienced musician looking to refine your technique, our cello lessons are designed to inspire and guide you at every stage of your musical journey. Our passionate and experienced teachers will support you with kindness and expertise, offering personalized lessons tailored to your level and goals. Dive into the diverse&hellip;<\/p>\n","protected":false},"author":1,"featured_media":0,"parent":4691,"menu_order":0,"comment_status":"closed","ping_status":"closed","template":"","meta":{"footnotes":""},"class_list":["post-4698","page","type-page","status-publish","hentry"],"yoast_head":"<!-- This site is optimized with the Yoast SEO plugin v26.6 - https:\/\/yoast.com\/wordpress\/plugins\/seo\/ -->\n<title>Cello lessons - Centre Musical de Cornavin<\/title>\n<meta name=\"robots\" content=\"index, follow, max-snippet:-1, max-image-preview:large, max-video-preview:-1\" \/>\n<link rel=\"canonical\" href=\"https:\/\/centre-musical.ch\/en\/our-courses\/cello-lessons\/\" \/>\n<meta property=\"og:locale\" content=\"en_US\" \/>\n<meta property=\"og:type\" content=\"article\" \/>\n<meta property=\"og:title\" content=\"Cello lessons - Centre Musical de Cornavin\" \/>\n<meta property=\"og:description\" content=\"[vc_row][vc_column width=&#8221;1\/5&#8243;][\/vc_column][vc_column width=&#8221;3\/5&#8243;][vc_empty_space hide_on_mobile=&#8221;&#8221;][vc_row_inner][vc_column_inner width=&#8221;1\/2&#8243;][vc_column_text] Cello Lessons [\/vc_column_text][\/vc_column_inner][vc_column_inner width=&#8221;1\/2&#8243;][vc_column_text] Starting at CHF196.-\/months [\/vc_column_text][\/vc_column_inner][\/vc_row_inner][vc_column_text] Cello Lessons Discover the Magic of the Cello, an Instrument with Warm Tones. Whether you are a curious beginner or an experienced musician looking to refine your technique, our cello lessons are designed to inspire and guide you at every stage of your musical journey. Our passionate and experienced teachers will support you with kindness and expertise, offering personalized lessons tailored to your level and goals. Dive into the diverse&hellip;\" \/>\n<meta property=\"og:url\" content=\"https:\/\/centre-musical.ch\/en\/our-courses\/cello-lessons\/\" \/>\n<meta property=\"og:site_name\" content=\"Centre Musical de Cornavin\" \/>\n<meta property=\"article:modified_time\" content=\"2024-08-29T06:21:41+00:00\" \/>\n<meta property=\"og:image\" content=\"https:\/\/centre-musical.ch\/wp-content\/uploads\/2024\/05\/violoncelliste_1.1-1024x651.jpg\" \/>\n<meta name=\"twitter:card\" content=\"summary_large_image\" \/>\n<meta name=\"twitter:label1\" content=\"Est. reading time\" \/>\n\t<meta name=\"twitter:data1\" content=\"4 minutes\" \/>\n<script type=\"application\/ld+json\" class=\"yoast-schema-graph\">{\"@context\":\"https:\/\/schema.org\",\"@graph\":[{\"@type\":\"WebPage\",\"@id\":\"https:\/\/centre-musical.ch\/en\/our-courses\/cello-lessons\/\",\"url\":\"https:\/\/centre-musical.ch\/en\/our-courses\/cello-lessons\/\",\"name\":\"Cello lessons - Centre Musical de Cornavin\",\"isPartOf\":{\"@id\":\"https:\/\/centre-musical.ch\/en\/home-english\/#website\"},\"primaryImageOfPage\":{\"@id\":\"https:\/\/centre-musical.ch\/en\/our-courses\/cello-lessons\/#primaryimage\"},\"image\":{\"@id\":\"https:\/\/centre-musical.ch\/en\/our-courses\/cello-lessons\/#primaryimage\"},\"thumbnailUrl\":\"https:\/\/centre-musical.ch\/wp-content\/uploads\/2024\/05\/violoncelliste_1.1-1024x651.jpg\",\"datePublished\":\"2024-05-14T07:27:53+00:00\",\"dateModified\":\"2024-08-29T06:21:41+00:00\",\"breadcrumb\":{\"@id\":\"https:\/\/centre-musical.ch\/en\/our-courses\/cello-lessons\/#breadcrumb\"},\"inLanguage\":\"en-US\",\"potentialAction\":[{\"@type\":\"ReadAction\",\"target\":[\"https:\/\/centre-musical.ch\/en\/our-courses\/cello-lessons\/\"]}]},{\"@type\":\"ImageObject\",\"inLanguage\":\"en-US\",\"@id\":\"https:\/\/centre-musical.ch\/en\/our-courses\/cello-lessons\/#primaryimage\",\"url\":\"https:\/\/centre-musical.ch\/wp-content\/uploads\/2024\/05\/violoncelliste_1.1-1024x651.jpg\",\"contentUrl\":\"https:\/\/centre-musical.ch\/wp-content\/uploads\/2024\/05\/violoncelliste_1.1-1024x651.jpg\"},{\"@type\":\"BreadcrumbList\",\"@id\":\"https:\/\/centre-musical.ch\/en\/our-courses\/cello-lessons\/#breadcrumb\",\"itemListElement\":[{\"@type\":\"ListItem\",\"position\":1,\"name\":\"Accueil\",\"item\":\"https:\/\/centre-musical.ch\/en\/\"},{\"@type\":\"ListItem\",\"position\":2,\"name\":\"Our courses\",\"item\":\"https:\/\/centre-musical.ch\/en\/our-courses\/\"},{\"@type\":\"ListItem\",\"position\":3,\"name\":\"Cello lessons\"}]},{\"@type\":\"WebSite\",\"@id\":\"https:\/\/centre-musical.ch\/en\/home-english\/#website\",\"url\":\"https:\/\/centre-musical.ch\/en\/home-english\/\",\"name\":\"Centre Musical de Cornavin\",\"description\":\"Une \u00e9cole o\u00f9 l&#039;on est bien\",\"potentialAction\":[{\"@type\":\"SearchAction\",\"target\":{\"@type\":\"EntryPoint\",\"urlTemplate\":\"https:\/\/centre-musical.ch\/en\/home-english\/?s={search_term_string}\"},\"query-input\":{\"@type\":\"PropertyValueSpecification\",\"valueRequired\":true,\"valueName\":\"search_term_string\"}}],\"inLanguage\":\"en-US\"}]}<\/script>\n<!-- \/ Yoast SEO plugin. -->","yoast_head_json":{"title":"Cello lessons - Centre Musical de Cornavin","robots":{"index":"index","follow":"follow","max-snippet":"max-snippet:-1","max-image-preview":"max-image-preview:large","max-video-preview":"max-video-preview:-1"},"canonical":"https:\/\/centre-musical.ch\/en\/our-courses\/cello-lessons\/","og_locale":"en_US","og_type":"article","og_title":"Cello lessons - Centre Musical de Cornavin","og_description":"[vc_row][vc_column width=&#8221;1\/5&#8243;][\/vc_column][vc_column width=&#8221;3\/5&#8243;][vc_empty_space hide_on_mobile=&#8221;&#8221;][vc_row_inner][vc_column_inner width=&#8221;1\/2&#8243;][vc_column_text] Cello Lessons [\/vc_column_text][\/vc_column_inner][vc_column_inner width=&#8221;1\/2&#8243;][vc_column_text] Starting at CHF196.-\/months [\/vc_column_text][\/vc_column_inner][\/vc_row_inner][vc_column_text] Cello Lessons Discover the Magic of the Cello, an Instrument with Warm Tones. Whether you are a curious beginner or an experienced musician looking to refine your technique, our cello lessons are designed to inspire and guide you at every stage of your musical journey. Our passionate and experienced teachers will support you with kindness and expertise, offering personalized lessons tailored to your level and goals. Dive into the diverse&hellip;","og_url":"https:\/\/centre-musical.ch\/en\/our-courses\/cello-lessons\/","og_site_name":"Centre Musical de Cornavin","article_modified_time":"2024-08-29T06:21:41+00:00","og_image":[{"url":"https:\/\/centre-musical.ch\/wp-content\/uploads\/2024\/05\/violoncelliste_1.1-1024x651.jpg","type":"","width":"","height":""}],"twitter_card":"summary_large_image","twitter_misc":{"Est. reading time":"4 minutes"},"schema":{"@context":"https:\/\/schema.org","@graph":[{"@type":"WebPage","@id":"https:\/\/centre-musical.ch\/en\/our-courses\/cello-lessons\/","url":"https:\/\/centre-musical.ch\/en\/our-courses\/cello-lessons\/","name":"Cello lessons - Centre Musical de Cornavin","isPartOf":{"@id":"https:\/\/centre-musical.ch\/en\/home-english\/#website"},"primaryImageOfPage":{"@id":"https:\/\/centre-musical.ch\/en\/our-courses\/cello-lessons\/#primaryimage"},"image":{"@id":"https:\/\/centre-musical.ch\/en\/our-courses\/cello-lessons\/#primaryimage"},"thumbnailUrl":"https:\/\/centre-musical.ch\/wp-content\/uploads\/2024\/05\/violoncelliste_1.1-1024x651.jpg","datePublished":"2024-05-14T07:27:53+00:00","dateModified":"2024-08-29T06:21:41+00:00","breadcrumb":{"@id":"https:\/\/centre-musical.ch\/en\/our-courses\/cello-lessons\/#breadcrumb"},"inLanguage":"en-US","potentialAction":[{"@type":"ReadAction","target":["https:\/\/centre-musical.ch\/en\/our-courses\/cello-lessons\/"]}]},{"@type":"ImageObject","inLanguage":"en-US","@id":"https:\/\/centre-musical.ch\/en\/our-courses\/cello-lessons\/#primaryimage","url":"https:\/\/centre-musical.ch\/wp-content\/uploads\/2024\/05\/violoncelliste_1.1-1024x651.jpg","contentUrl":"https:\/\/centre-musical.ch\/wp-content\/uploads\/2024\/05\/violoncelliste_1.1-1024x651.jpg"},{"@type":"BreadcrumbList","@id":"https:\/\/centre-musical.ch\/en\/our-courses\/cello-lessons\/#breadcrumb","itemListElement":[{"@type":"ListItem","position":1,"name":"Accueil","item":"https:\/\/centre-musical.ch\/en\/"},{"@type":"ListItem","position":2,"name":"Our courses","item":"https:\/\/centre-musical.ch\/en\/our-courses\/"},{"@type":"ListItem","position":3,"name":"Cello lessons"}]},{"@type":"WebSite","@id":"https:\/\/centre-musical.ch\/en\/home-english\/#website","url":"https:\/\/centre-musical.ch\/en\/home-english\/","name":"Centre Musical de Cornavin","description":"Une \u00e9cole o\u00f9 l&#039;on est bien","potentialAction":[{"@type":"SearchAction","target":{"@type":"EntryPoint","urlTemplate":"https:\/\/centre-musical.ch\/en\/home-english\/?s={search_term_string}"},"query-input":{"@type":"PropertyValueSpecification","valueRequired":true,"valueName":"search_term_string"}}],"inLanguage":"en-US"}]}},"_links":{"self":[{"href":"https:\/\/centre-musical.ch\/en\/wp-json\/wp\/v2\/pages\/4698","targetHints":{"allow":["GET"]}}],"collection":[{"href":"https:\/\/centre-musical.ch\/en\/wp-json\/wp\/v2\/pages"}],"about":[{"href":"https:\/\/centre-musical.ch\/en\/wp-json\/wp\/v2\/types\/page"}],"author":[{"embeddable":true,"href":"https:\/\/centre-musical.ch\/en\/wp-json\/wp\/v2\/users\/1"}],"replies":[{"embeddable":true,"href":"https:\/\/centre-musical.ch\/en\/wp-json\/wp\/v2\/comments?post=4698"}],"version-history":[{"count":4,"href":"https:\/\/centre-musical.ch\/en\/wp-json\/wp\/v2\/pages\/4698\/revisions"}],"predecessor-version":[{"id":4733,"href":"https:\/\/centre-musical.ch\/en\/wp-json\/wp\/v2\/pages\/4698\/revisions\/4733"}],"up":[{"embeddable":true,"href":"https:\/\/centre-musical.ch\/en\/wp-json\/wp\/v2\/pages\/4691"}],"wp:attachment":[{"href":"https:\/\/centre-musical.ch\/en\/wp-json\/wp\/v2\/media?parent=4698"}],"curies":[{"name":"wp","href":"https:\/\/api.w.org\/{rel}","templated":true}]}}