{"id":4703,"date":"2024-05-13T17:21:33","date_gmt":"2024-05-13T15:21:33","guid":{"rendered":"https:\/\/centre-musical.ch\/yana-parra\/"},"modified":"2025-01-29T10:26:48","modified_gmt":"2025-01-29T09:26:48","slug":"yana-parra","status":"publish","type":"page","link":"https:\/\/centre-musical.ch\/en\/our-teachers\/yana-parra\/","title":{"rendered":"Yana Parra"},"content":{"rendered":"<p>[vc_row][vc_column width=&#8221;1\/2&#8243;][vc_empty_space alter_height=&#8221;biggest&#8221; hide_on_mobile=&#8221;&#8221; css=&#8221;.vc_custom_1494928079479{margin-top: -1.2rem !important;}&#8221;]<div class=\"cq-coveranimation cq-coveranimation-direction-right cq-coveranimation-caption-lowerleft cq-coveranimation-always cq-coveranimation-shape-square \" data-direction=\"right\" data-bgcolor=\"\" data-isdisplay=\"\" data-elementheight=\"\" style=\"height:\" data-enter=\"no\"><div class=\"cq-coveranimation-caption\" data-scroll=\"\" style=\"background-color:;\"><\/div><div class=\"cq-coveranimation-beforecover   \" style=\"background-color:;\"><\/div><img decoding=\"async\" class=\"cq-coveranimation-img\" src=\"https:\/\/centre-musical.ch\/wp-content\/uploads\/2024\/05\/yana_para_sottas_1.jpg\" alt=\"\" \/><div class=\"cq-coveranimation-aftercover \" style=\"background-color:;\"><\/div><\/div>[vc_empty_space alter_height=&#8221;biggest&#8221; hide_on_mobile=&#8221;&#8221; css=&#8221;.vc_custom_1494928079479{margin-top: -1.2rem !important;}&#8221;][vc_column_text]<\/p>\n<h4>Listen to Yana Parra<\/h4>\n<p>[\/vc_column_text][vc_empty_space alter_height=&#8221;small&#8221; hide_on_mobile=&#8221;&#8221; css=&#8221;.vc_custom_1676907186940{margin-top: -1.2rem !important;}&#8221;]<div id=\"widget_video_1868926370\" class=\"widget_area sc_widget_video vc_widget_video wpb_content_element\"><aside id=\"widget_video_1868926370_widget\" class=\"widget widget_video\"><div id=\"sc_video_620444963\" class=\"trx_addons_video_player without_cover\"><div class=\"video_embed video_frame\"><iframe loading=\"lazy\" title=\"Marcello Sonate for cello and harpsichord in  f major mvt2 Allegro\" width=\"1170\" height=\"658\" src=\"https:\/\/www.youtube.com\/embed\/p_rcQB__4kA?feature=oembed\" frameborder=\"0\" allow=\"accelerometer; autoplay; clipboard-write; encrypted-media; gyroscope; picture-in-picture; web-share\" referrerpolicy=\"strict-origin-when-cross-origin\" allowfullscreen><\/iframe><\/div><\/div><\/aside><\/div>[\/vc_column][vc_column width=&#8221;1\/2&#8243;][vc_empty_space alter_height=&#8221;biggest&#8221; hide_on_mobile=&#8221;&#8221; css=&#8221;.vc_custom_1494928079479{margin-top: -1.2rem !important;}&#8221;]<div id=\"sc_title_1738916936\"\n\t\tclass=\"sc_title color_style_default sc_title_default  vc_custom_1716823205557\"><h6 class=\"sc_item_subtitle sc_title_subtitle sc_align_left sc_item_title_style_default\">Cello teacher and group lessons<\/h6><h3 class=\"sc_item_title sc_title_title sc_align_left sc_item_title_style_default\">Yana Parra<\/h3><\/div><!-- \/.sc_title -->[vc_column_text]<\/p>\n<div style=\"text-align: justify;\">Born in Caracas in 1988, Yana Parra began her training at the renowned &#8220;El Sistema&#8221; in Venezuela. At the age of 16, she joined the Richard Strauss Conservatory in Munich, and in 2011, she graduated with a specialization in cello pedagogy from the Hochschule f\u00fcr Musik und Theater M\u00fcnchen.Holding a Bachelor of Arts from <i>Haute \u00e9cole de musique de Gen\u00e8ve<\/i> under the tutelage of Daniel Grosgurin, Yana pursued a Master\u2019s in Music Performance at the Hochschule f\u00fcr Musik Basel, studying with Rafael Rosenfeld. She collaborated with prestigious ensembles such as the Orchestre de la Suisse Romande and the Gstaad Festival Orchestra.<\/p>\n<p>Between 2013 and 2019, she taught music initiation in Geneva and Versoix at<img loading=\"lazy\" decoding=\"async\" class=\"wp-image-3178 size-medium alignleft\" src=\"https:\/\/centre-musical.ch\/wp-content\/uploads\/2024\/05\/yana_para_2-170x300.jpg\" alt=\"\" width=\"170\" height=\"300\" srcset=\"https:\/\/centre-musical.ch\/wp-content\/uploads\/2024\/05\/yana_para_2-170x300.jpg 170w, https:\/\/centre-musical.ch\/wp-content\/uploads\/2024\/05\/yana_para_2-370x655.jpg 370w, https:\/\/centre-musical.ch\/wp-content\/uploads\/2024\/05\/yana_para_2.jpg 491w\" sizes=\"auto, (max-width: 170px) 100vw, 170px\" \/> the Montessori school <i>La Maison Bleue<\/i>, as well as at the Geneva Conservatory of Music for the MusicEnsemble project. Yana also obtained a certification in Orff active pedagogy from Carl Orff Canada in Montreal, recognized for her exceptional skills.<\/p>\n<p>From 2019 to 2023, she taught music initiation and exploration at the Vincent-d&#8217;Indy School of Music in Montreal, where she was also in charge of the &#8220;Music for All&#8221; program. Starting in 2024, Yana will join the Centre Musical de Cornavin, where she will continue to inspire future generations of budding musicians with her passion and expertise.<\/p>\n<\/div>\n<p>[\/vc_column_text][vc_empty_space alter_height=&#8221;biggest&#8221; hide_on_mobile=&#8221;&#8221; css=&#8221;.vc_custom_1494928079479{margin-top: -1.2rem !important;}&#8221;]<div class=\"sc_item_button sc_button_wrap sc_align_center\"><a href=\"\/en\/our-courses\/cello-lessons\/\" id=\"sc_button_1135723121\" class=\"sc_button color_style_default sc_button_default sc_button_size_normal sc_button_icon_left\"><span class=\"sc_button_text sc_align_center\"><span class=\"sc_button_title\">Cello Lessons<\/span><\/span><!-- \/.sc_button_text --><\/a><!-- \/.sc_button --><\/div><!-- \/.sc_item_button -->[vc_empty_space alter_height=&#8221;small&#8221; hide_on_mobile=&#8221;&#8221; css=&#8221;.vc_custom_1716371467903{margin-top: -1.2rem !important;}&#8221;]<div class=\"sc_item_button sc_button_wrap sc_align_center\"><a href=\"\/en\/our-courses\/musical-initiation\/\" id=\"sc_button_1302679465\" class=\"sc_button color_style_default sc_button_default sc_button_size_normal sc_button_icon_left\"><span class=\"sc_button_text sc_align_center\"><span class=\"sc_button_title\">Musical Initiation<\/span><\/span><!-- \/.sc_button_text --><\/a><!-- \/.sc_button --><\/div><!-- \/.sc_item_button -->[vc_empty_space alter_height=&#8221;small&#8221; hide_on_mobile=&#8221;&#8221; css=&#8221;.vc_custom_1716371467903{margin-top: -1.2rem !important;}&#8221;]<div class=\"sc_item_button sc_button_wrap sc_align_center\"><a href=\"\/en\/our-courses\/musical-exploration\/\" id=\"sc_button_134079456\" class=\"sc_button color_style_default sc_button_default sc_button_size_normal sc_button_icon_left\"><span class=\"sc_button_text sc_align_center\"><span class=\"sc_button_title\">Exploration musicale<\/span><\/span><!-- \/.sc_button_text --><\/a><!-- \/.sc_button --><\/div><!-- \/.sc_item_button -->[vc_empty_space alter_height=&#8221;biggest&#8221; hide_on_mobile=&#8221;&#8221;][\/vc_column][\/vc_row][vc_row full_width=&#8221;stretch_row&#8221; parallax=&#8221;content-moving&#8221; parallax_image=&#8221;1201&#8243; scheme=&#8221;dark&#8221;][vc_column][vc_empty_space alter_height=&#8221;biggest&#8221; hide_on_mobile=&#8221;&#8221;][vc_empty_space alter_height=&#8221;biggest&#8221; hide_on_mobile=&#8221;&#8221;][\/vc_column][\/vc_row]<\/p>\n","protected":false},"excerpt":{"rendered":"<p>[vc_row][vc_column width=&#8221;1\/2&#8243;][vc_empty_space alter_height=&#8221;biggest&#8221; hide_on_mobile=&#8221;&#8221; css=&#8221;.vc_custom_1494928079479{margin-top: -1.2rem !important;}&#8221;][vc_empty_space alter_height=&#8221;biggest&#8221; hide_on_mobile=&#8221;&#8221; css=&#8221;.vc_custom_1494928079479{margin-top: -1.2rem !important;}&#8221;][vc_column_text] Listen to Yana Parra [\/vc_column_text][vc_empty_space alter_height=&#8221;small&#8221; hide_on_mobile=&#8221;&#8221; css=&#8221;.vc_custom_1676907186940{margin-top: -1.2rem !important;}&#8221;][\/vc_column][vc_column width=&#8221;1\/2&#8243;][vc_empty_space alter_height=&#8221;biggest&#8221; hide_on_mobile=&#8221;&#8221; css=&#8221;.vc_custom_1494928079479{margin-top: -1.2rem !important;}&#8221;][vc_column_text] Born in Caracas in 1988, Yana Parra began her training at the renowned &#8220;El Sistema&#8221; in Venezuela. At the age of 16, she joined the Richard Strauss Conservatory in Munich, and in 2011, she graduated with a specialization in cello pedagogy from the Hochschule f\u00fcr Musik und Theater M\u00fcnchen.Holding a Bachelor of Arts from Haute&hellip;<\/p>\n","protected":false},"author":1,"featured_media":4261,"parent":4719,"menu_order":0,"comment_status":"closed","ping_status":"closed","template":"","meta":{"footnotes":""},"class_list":["post-4703","page","type-page","status-publish","has-post-thumbnail","hentry"],"yoast_head":"<!-- This site is optimized with the Yoast SEO plugin v26.6 - https:\/\/yoast.com\/wordpress\/plugins\/seo\/ -->\n<title>Yana Parra - Centre Musical de Cornavin<\/title>\n<meta name=\"robots\" content=\"index, follow, max-snippet:-1, max-image-preview:large, max-video-preview:-1\" \/>\n<link rel=\"canonical\" href=\"https:\/\/centre-musical.ch\/en\/our-teachers\/yana-parra\/\" \/>\n<meta property=\"og:locale\" content=\"en_US\" \/>\n<meta property=\"og:type\" content=\"article\" \/>\n<meta property=\"og:title\" content=\"Yana Parra - Centre Musical de Cornavin\" \/>\n<meta property=\"og:description\" content=\"[vc_row][vc_column width=&#8221;1\/2&#8243;][vc_empty_space alter_height=&#8221;biggest&#8221; hide_on_mobile=&#8221;&#8221; css=&#8221;.vc_custom_1494928079479{margin-top: -1.2rem !important;}&#8221;][vc_empty_space alter_height=&#8221;biggest&#8221; hide_on_mobile=&#8221;&#8221; css=&#8221;.vc_custom_1494928079479{margin-top: -1.2rem !important;}&#8221;][vc_column_text] Listen to Yana Parra [\/vc_column_text][vc_empty_space alter_height=&#8221;small&#8221; hide_on_mobile=&#8221;&#8221; css=&#8221;.vc_custom_1676907186940{margin-top: -1.2rem !important;}&#8221;][\/vc_column][vc_column width=&#8221;1\/2&#8243;][vc_empty_space alter_height=&#8221;biggest&#8221; hide_on_mobile=&#8221;&#8221; css=&#8221;.vc_custom_1494928079479{margin-top: -1.2rem !important;}&#8221;][vc_column_text] Born in Caracas in 1988, Yana Parra began her training at the renowned &#8220;El Sistema&#8221; in Venezuela. At the age of 16, she joined the Richard Strauss Conservatory in Munich, and in 2011, she graduated with a specialization in cello pedagogy from the Hochschule f\u00fcr Musik und Theater M\u00fcnchen.Holding a Bachelor of Arts from Haute&hellip;\" \/>\n<meta property=\"og:url\" content=\"https:\/\/centre-musical.ch\/en\/our-teachers\/yana-parra\/\" \/>\n<meta property=\"og:site_name\" content=\"Centre Musical de Cornavin\" \/>\n<meta property=\"article:modified_time\" content=\"2025-01-29T09:26:48+00:00\" \/>\n<meta property=\"og:image\" content=\"https:\/\/centre-musical.ch\/wp-content\/uploads\/2024\/05\/yana_para_sottas_1.jpg\" \/>\n\t<meta property=\"og:image:width\" content=\"250\" \/>\n\t<meta property=\"og:image:height\" content=\"317\" \/>\n\t<meta property=\"og:image:type\" content=\"image\/jpeg\" \/>\n<meta name=\"twitter:card\" content=\"summary_large_image\" \/>\n<meta name=\"twitter:label1\" content=\"Est. reading time\" \/>\n\t<meta name=\"twitter:data1\" content=\"2 minutes\" \/>\n<script type=\"application\/ld+json\" class=\"yoast-schema-graph\">{\"@context\":\"https:\/\/schema.org\",\"@graph\":[{\"@type\":\"WebPage\",\"@id\":\"https:\/\/centre-musical.ch\/en\/our-teachers\/yana-parra\/\",\"url\":\"https:\/\/centre-musical.ch\/en\/our-teachers\/yana-parra\/\",\"name\":\"Yana Parra - Centre Musical de Cornavin\",\"isPartOf\":{\"@id\":\"https:\/\/centre-musical.ch\/en\/home-english\/#website\"},\"primaryImageOfPage\":{\"@id\":\"https:\/\/centre-musical.ch\/en\/our-teachers\/yana-parra\/#primaryimage\"},\"image\":{\"@id\":\"https:\/\/centre-musical.ch\/en\/our-teachers\/yana-parra\/#primaryimage\"},\"thumbnailUrl\":\"https:\/\/centre-musical.ch\/wp-content\/uploads\/2024\/05\/yana_para_sottas_1.jpg\",\"datePublished\":\"2024-05-13T15:21:33+00:00\",\"dateModified\":\"2025-01-29T09:26:48+00:00\",\"breadcrumb\":{\"@id\":\"https:\/\/centre-musical.ch\/en\/our-teachers\/yana-parra\/#breadcrumb\"},\"inLanguage\":\"en-US\",\"potentialAction\":[{\"@type\":\"ReadAction\",\"target\":[\"https:\/\/centre-musical.ch\/en\/our-teachers\/yana-parra\/\"]}]},{\"@type\":\"ImageObject\",\"inLanguage\":\"en-US\",\"@id\":\"https:\/\/centre-musical.ch\/en\/our-teachers\/yana-parra\/#primaryimage\",\"url\":\"https:\/\/centre-musical.ch\/wp-content\/uploads\/2024\/05\/yana_para_sottas_1.jpg\",\"contentUrl\":\"https:\/\/centre-musical.ch\/wp-content\/uploads\/2024\/05\/yana_para_sottas_1.jpg\",\"width\":250,\"height\":317},{\"@type\":\"BreadcrumbList\",\"@id\":\"https:\/\/centre-musical.ch\/en\/our-teachers\/yana-parra\/#breadcrumb\",\"itemListElement\":[{\"@type\":\"ListItem\",\"position\":1,\"name\":\"Accueil\",\"item\":\"https:\/\/centre-musical.ch\/en\/\"},{\"@type\":\"ListItem\",\"position\":2,\"name\":\"Our teachers\",\"item\":\"https:\/\/centre-musical.ch\/en\/our-teachers\/\"},{\"@type\":\"ListItem\",\"position\":3,\"name\":\"Yana Parra\"}]},{\"@type\":\"WebSite\",\"@id\":\"https:\/\/centre-musical.ch\/en\/home-english\/#website\",\"url\":\"https:\/\/centre-musical.ch\/en\/home-english\/\",\"name\":\"Centre Musical de Cornavin\",\"description\":\"Une \u00e9cole o\u00f9 l&#039;on est bien\",\"potentialAction\":[{\"@type\":\"SearchAction\",\"target\":{\"@type\":\"EntryPoint\",\"urlTemplate\":\"https:\/\/centre-musical.ch\/en\/home-english\/?s={search_term_string}\"},\"query-input\":{\"@type\":\"PropertyValueSpecification\",\"valueRequired\":true,\"valueName\":\"search_term_string\"}}],\"inLanguage\":\"en-US\"}]}<\/script>\n<!-- \/ Yoast SEO plugin. -->","yoast_head_json":{"title":"Yana Parra - Centre Musical de Cornavin","robots":{"index":"index","follow":"follow","max-snippet":"max-snippet:-1","max-image-preview":"max-image-preview:large","max-video-preview":"max-video-preview:-1"},"canonical":"https:\/\/centre-musical.ch\/en\/our-teachers\/yana-parra\/","og_locale":"en_US","og_type":"article","og_title":"Yana Parra - Centre Musical de Cornavin","og_description":"[vc_row][vc_column width=&#8221;1\/2&#8243;][vc_empty_space alter_height=&#8221;biggest&#8221; hide_on_mobile=&#8221;&#8221; css=&#8221;.vc_custom_1494928079479{margin-top: -1.2rem !important;}&#8221;][vc_empty_space alter_height=&#8221;biggest&#8221; hide_on_mobile=&#8221;&#8221; css=&#8221;.vc_custom_1494928079479{margin-top: -1.2rem !important;}&#8221;][vc_column_text] Listen to Yana Parra [\/vc_column_text][vc_empty_space alter_height=&#8221;small&#8221; hide_on_mobile=&#8221;&#8221; css=&#8221;.vc_custom_1676907186940{margin-top: -1.2rem !important;}&#8221;][\/vc_column][vc_column width=&#8221;1\/2&#8243;][vc_empty_space alter_height=&#8221;biggest&#8221; hide_on_mobile=&#8221;&#8221; css=&#8221;.vc_custom_1494928079479{margin-top: -1.2rem !important;}&#8221;][vc_column_text] Born in Caracas in 1988, Yana Parra began her training at the renowned &#8220;El Sistema&#8221; in Venezuela. At the age of 16, she joined the Richard Strauss Conservatory in Munich, and in 2011, she graduated with a specialization in cello pedagogy from the Hochschule f\u00fcr Musik und Theater M\u00fcnchen.Holding a Bachelor of Arts from Haute&hellip;","og_url":"https:\/\/centre-musical.ch\/en\/our-teachers\/yana-parra\/","og_site_name":"Centre Musical de Cornavin","article_modified_time":"2025-01-29T09:26:48+00:00","og_image":[{"width":250,"height":317,"url":"https:\/\/centre-musical.ch\/wp-content\/uploads\/2024\/05\/yana_para_sottas_1.jpg","type":"image\/jpeg"}],"twitter_card":"summary_large_image","twitter_misc":{"Est. reading time":"2 minutes"},"schema":{"@context":"https:\/\/schema.org","@graph":[{"@type":"WebPage","@id":"https:\/\/centre-musical.ch\/en\/our-teachers\/yana-parra\/","url":"https:\/\/centre-musical.ch\/en\/our-teachers\/yana-parra\/","name":"Yana Parra - Centre Musical de Cornavin","isPartOf":{"@id":"https:\/\/centre-musical.ch\/en\/home-english\/#website"},"primaryImageOfPage":{"@id":"https:\/\/centre-musical.ch\/en\/our-teachers\/yana-parra\/#primaryimage"},"image":{"@id":"https:\/\/centre-musical.ch\/en\/our-teachers\/yana-parra\/#primaryimage"},"thumbnailUrl":"https:\/\/centre-musical.ch\/wp-content\/uploads\/2024\/05\/yana_para_sottas_1.jpg","datePublished":"2024-05-13T15:21:33+00:00","dateModified":"2025-01-29T09:26:48+00:00","breadcrumb":{"@id":"https:\/\/centre-musical.ch\/en\/our-teachers\/yana-parra\/#breadcrumb"},"inLanguage":"en-US","potentialAction":[{"@type":"ReadAction","target":["https:\/\/centre-musical.ch\/en\/our-teachers\/yana-parra\/"]}]},{"@type":"ImageObject","inLanguage":"en-US","@id":"https:\/\/centre-musical.ch\/en\/our-teachers\/yana-parra\/#primaryimage","url":"https:\/\/centre-musical.ch\/wp-content\/uploads\/2024\/05\/yana_para_sottas_1.jpg","contentUrl":"https:\/\/centre-musical.ch\/wp-content\/uploads\/2024\/05\/yana_para_sottas_1.jpg","width":250,"height":317},{"@type":"BreadcrumbList","@id":"https:\/\/centre-musical.ch\/en\/our-teachers\/yana-parra\/#breadcrumb","itemListElement":[{"@type":"ListItem","position":1,"name":"Accueil","item":"https:\/\/centre-musical.ch\/en\/"},{"@type":"ListItem","position":2,"name":"Our teachers","item":"https:\/\/centre-musical.ch\/en\/our-teachers\/"},{"@type":"ListItem","position":3,"name":"Yana Parra"}]},{"@type":"WebSite","@id":"https:\/\/centre-musical.ch\/en\/home-english\/#website","url":"https:\/\/centre-musical.ch\/en\/home-english\/","name":"Centre Musical de Cornavin","description":"Une \u00e9cole o\u00f9 l&#039;on est bien","potentialAction":[{"@type":"SearchAction","target":{"@type":"EntryPoint","urlTemplate":"https:\/\/centre-musical.ch\/en\/home-english\/?s={search_term_string}"},"query-input":{"@type":"PropertyValueSpecification","valueRequired":true,"valueName":"search_term_string"}}],"inLanguage":"en-US"}]}},"_links":{"self":[{"href":"https:\/\/centre-musical.ch\/en\/wp-json\/wp\/v2\/pages\/4703","targetHints":{"allow":["GET"]}}],"collection":[{"href":"https:\/\/centre-musical.ch\/en\/wp-json\/wp\/v2\/pages"}],"about":[{"href":"https:\/\/centre-musical.ch\/en\/wp-json\/wp\/v2\/types\/page"}],"author":[{"embeddable":true,"href":"https:\/\/centre-musical.ch\/en\/wp-json\/wp\/v2\/users\/1"}],"replies":[{"embeddable":true,"href":"https:\/\/centre-musical.ch\/en\/wp-json\/wp\/v2\/comments?post=4703"}],"version-history":[{"count":4,"href":"https:\/\/centre-musical.ch\/en\/wp-json\/wp\/v2\/pages\/4703\/revisions"}],"predecessor-version":[{"id":4983,"href":"https:\/\/centre-musical.ch\/en\/wp-json\/wp\/v2\/pages\/4703\/revisions\/4983"}],"up":[{"embeddable":true,"href":"https:\/\/centre-musical.ch\/en\/wp-json\/wp\/v2\/pages\/4719"}],"wp:featuredmedia":[{"embeddable":true,"href":"https:\/\/centre-musical.ch\/en\/wp-json\/wp\/v2\/media\/4261"}],"wp:attachment":[{"href":"https:\/\/centre-musical.ch\/en\/wp-json\/wp\/v2\/media?parent=4703"}],"curies":[{"name":"wp","href":"https:\/\/api.w.org\/{rel}","templated":true}]}}