{"id":4707,"date":"2024-07-04T19:40:55","date_gmt":"2024-07-04T17:40:55","guid":{"rendered":"https:\/\/centre-musical.ch\/nehemie-manca\/"},"modified":"2025-01-29T11:04:29","modified_gmt":"2025-01-29T10:04:29","slug":"nehemie-manca","status":"publish","type":"page","link":"https:\/\/centre-musical.ch\/en\/our-teachers\/nehemie-manca\/","title":{"rendered":"N\u00e9h\u00e9mie Manca"},"content":{"rendered":"<p>[vc_row][vc_column width=&#8221;1\/2&#8243;]<div class=\"cq-coveranimation cq-coveranimation-direction-right cq-coveranimation-caption-lowerleft cq-coveranimation-always cq-coveranimation-shape-square \" data-direction=\"right\" data-bgcolor=\"\" data-isdisplay=\"\" data-elementheight=\"\" style=\"height:\" data-enter=\"no\"><div class=\"cq-coveranimation-caption\" data-scroll=\"\" style=\"background-color:;\"><\/div><div class=\"cq-coveranimation-beforecover   \" style=\"background-color:;\"><\/div><img decoding=\"async\" class=\"cq-coveranimation-img\" src=\"https:\/\/centre-musical.ch\/wp-content\/uploads\/2024\/07\/nehemie_manca_1_cropped_square_1000jpg.jpg\" alt=\"\" \/><div class=\"cq-coveranimation-aftercover \" style=\"background-color:;\"><\/div><\/div>[vc_empty_space height=&#8221;40px&#8221; alter_height=&#8221;biggest&#8221; hide_on_mobile=&#8221;&#8221; css=&#8221;.vc_custom_1675882567027{margin-top: -1.2rem !important;}&#8221;][vc_column_text]<\/p>\n<h4>Listen to N\u00e9h\u00e9mie Manca<\/h4>\n<p>[\/vc_column_text][vc_empty_space alter_height=&#8221;small&#8221; hide_on_mobile=&#8221;&#8221; css=&#8221;.vc_custom_1676906567059{margin-top: -1.2rem !important;}&#8221;]<div id=\"widget_video_122197949\" class=\"widget_area sc_widget_video vc_widget_video wpb_content_element\"><aside id=\"widget_video_122197949_widget\" class=\"widget widget_video\"><div id=\"sc_video_1925396018\" class=\"trx_addons_video_player without_cover\"><div class=\"video_embed video_frame\"><iframe loading=\"lazy\" title=\"Ne\u0301he\u0301mie Manca, fl\u00fbte\" width=\"1170\" height=\"658\" src=\"https:\/\/www.youtube.com\/embed\/bkvdWZajk8w?feature=oembed\" frameborder=\"0\" allow=\"accelerometer; autoplay; clipboard-write; encrypted-media; gyroscope; picture-in-picture; web-share\" referrerpolicy=\"strict-origin-when-cross-origin\" allowfullscreen><\/iframe><\/div><\/div><\/aside><\/div>[vc_empty_space alter_height=&#8221;small&#8221; hide_on_mobile=&#8221;&#8221; css=&#8221;.vc_custom_1676906203476{margin-top: -1.2rem !important;}&#8221;][\/vc_column][vc_column width=&#8221;1\/2&#8243;]<div id=\"sc_title_1799853661\"\n\t\tclass=\"sc_title color_style_default sc_title_default\"><h6 class=\"sc_item_subtitle sc_title_subtitle sc_align_left sc_item_title_style_default\">Flute teacher<\/h6><h2 class=\"sc_item_title sc_title_title sc_align_left sc_item_title_style_default sc_item_title_tag\">N\u00e9h\u00e9mie Manca<\/h2><\/div><!-- \/.sc_title -->[vc_column_text css=&#8221;.vc_custom_1738145064871{padding-top: 20px !important;}&#8221;]<\/p>\n<div style=\"text-align: justify;\">N\u00e9h\u00e9mie Manca, born in Geneva, is a flutist and instructor appreciated for his pedagogical skills and his ability to clearly and effectively explain the technical and musical aspects of the flute.He holds a Bachelor of Arts from the Haute \u00c9cole de Musique de Gen\u00e8ve, where he studied with renowned professors such as Michel Bellavance, Serge Saitta, and Jerica Palvi. He is currently pursuing a Master&#8217;s degree in Orchestra.<\/p>\n<p>N\u00e9h\u00e9mie is valued for his personalized approach and his ability to break down and convey the complex aspects of the flute in an accessible manner, thus facilitating the learning and progress of his students.<\/p>\n<p>In addition to his teaching, N\u00e9h\u00e9mie has coached flute sections in various projects at the Conservatoire de Fribourg and with the Harmonie La Sir\u00e8ne du Grand-Saconnex. As a flutist, he has played with several orchestras, including the Orchestre de la Suisse Romande, the Orchestre des Pays de Savoie, and the Orchestre de la Francophonie.<\/p>\n<p>He has won awards at the Geneva Young Musicians Competition and the Vienna Classical Competition.<\/p>\n<p>N\u00e9h\u00e9mie Manca continues to share his passion for the flute and music and looks forward to welcoming you at the Centre Musical de Cornavin.<\/p>\n<\/div>\n<p>[\/vc_column_text][vc_empty_space alter_height=&#8221;medium&#8221; hide_on_mobile=&#8221;&#8221;]<div class=\"sc_item_button sc_button_wrap sc_align_center\"><a href=\"\/en\/our-courses\/flute-lessons\/\" id=\"sc_button_2108133750\" class=\"sc_button color_style_default sc_button_default sc_button_size_normal sc_button_icon_left\"><span class=\"sc_button_text sc_align_center\"><span class=\"sc_button_title\">Flute lessons<\/span><\/span><!-- \/.sc_button_text --><\/a><!-- \/.sc_button --><\/div><!-- \/.sc_item_button -->[vc_empty_space hide_on_mobile=&#8221;&#8221;][\/vc_column][\/vc_row][vc_row][vc_column width=&#8221;1\/4&#8243;][\/vc_column][vc_column width=&#8221;1\/2&#8243;][\/vc_column][vc_column width=&#8221;1\/4&#8243;][\/vc_column][\/vc_row]<\/p>\n","protected":false},"excerpt":{"rendered":"<p>[vc_row][vc_column width=&#8221;1\/2&#8243;][vc_empty_space height=&#8221;40px&#8221; alter_height=&#8221;biggest&#8221; hide_on_mobile=&#8221;&#8221; css=&#8221;.vc_custom_1675882567027{margin-top: -1.2rem !important;}&#8221;][vc_column_text] Listen to N\u00e9h\u00e9mie Manca [\/vc_column_text][vc_empty_space alter_height=&#8221;small&#8221; hide_on_mobile=&#8221;&#8221; css=&#8221;.vc_custom_1676906567059{margin-top: -1.2rem !important;}&#8221;][vc_empty_space alter_height=&#8221;small&#8221; hide_on_mobile=&#8221;&#8221; css=&#8221;.vc_custom_1676906203476{margin-top: -1.2rem !important;}&#8221;][\/vc_column][vc_column width=&#8221;1\/2&#8243;][vc_column_text css=&#8221;.vc_custom_1738145064871{padding-top: 20px !important;}&#8221;] N\u00e9h\u00e9mie Manca, born in Geneva, is a flutist and instructor appreciated for his pedagogical skills and his ability to clearly and effectively explain the technical and musical aspects of the flute.He holds a Bachelor of Arts from the Haute \u00c9cole de Musique de Gen\u00e8ve, where he studied with renowned professors such as Michel Bellavance, Serge Saitta,&hellip;<\/p>\n","protected":false},"author":1,"featured_media":0,"parent":4719,"menu_order":0,"comment_status":"closed","ping_status":"closed","template":"","meta":{"footnotes":""},"class_list":["post-4707","page","type-page","status-publish","hentry"],"yoast_head":"<!-- This site is optimized with the Yoast SEO plugin v26.6 - https:\/\/yoast.com\/wordpress\/plugins\/seo\/ -->\n<title>N\u00e9h\u00e9mie Manca - Centre Musical de Cornavin<\/title>\n<meta name=\"robots\" content=\"index, follow, max-snippet:-1, max-image-preview:large, max-video-preview:-1\" \/>\n<link rel=\"canonical\" href=\"https:\/\/centre-musical.ch\/en\/our-teachers\/nehemie-manca\/\" \/>\n<meta property=\"og:locale\" content=\"en_US\" \/>\n<meta property=\"og:type\" content=\"article\" \/>\n<meta property=\"og:title\" content=\"N\u00e9h\u00e9mie Manca - Centre Musical de Cornavin\" \/>\n<meta property=\"og:description\" content=\"[vc_row][vc_column width=&#8221;1\/2&#8243;][vc_empty_space height=&#8221;40px&#8221; alter_height=&#8221;biggest&#8221; hide_on_mobile=&#8221;&#8221; css=&#8221;.vc_custom_1675882567027{margin-top: -1.2rem !important;}&#8221;][vc_column_text] Listen to N\u00e9h\u00e9mie Manca [\/vc_column_text][vc_empty_space alter_height=&#8221;small&#8221; hide_on_mobile=&#8221;&#8221; css=&#8221;.vc_custom_1676906567059{margin-top: -1.2rem !important;}&#8221;][vc_empty_space alter_height=&#8221;small&#8221; hide_on_mobile=&#8221;&#8221; css=&#8221;.vc_custom_1676906203476{margin-top: -1.2rem !important;}&#8221;][\/vc_column][vc_column width=&#8221;1\/2&#8243;][vc_column_text css=&#8221;.vc_custom_1738145064871{padding-top: 20px !important;}&#8221;] N\u00e9h\u00e9mie Manca, born in Geneva, is a flutist and instructor appreciated for his pedagogical skills and his ability to clearly and effectively explain the technical and musical aspects of the flute.He holds a Bachelor of Arts from the Haute \u00c9cole de Musique de Gen\u00e8ve, where he studied with renowned professors such as Michel Bellavance, Serge Saitta,&hellip;\" \/>\n<meta property=\"og:url\" content=\"https:\/\/centre-musical.ch\/en\/our-teachers\/nehemie-manca\/\" \/>\n<meta property=\"og:site_name\" content=\"Centre Musical de Cornavin\" \/>\n<meta property=\"article:modified_time\" content=\"2025-01-29T10:04:29+00:00\" \/>\n<meta name=\"twitter:card\" content=\"summary_large_image\" \/>\n<meta name=\"twitter:label1\" content=\"Est. reading time\" \/>\n\t<meta name=\"twitter:data1\" content=\"2 minutes\" \/>\n<script type=\"application\/ld+json\" class=\"yoast-schema-graph\">{\"@context\":\"https:\/\/schema.org\",\"@graph\":[{\"@type\":\"WebPage\",\"@id\":\"https:\/\/centre-musical.ch\/en\/our-teachers\/nehemie-manca\/\",\"url\":\"https:\/\/centre-musical.ch\/en\/our-teachers\/nehemie-manca\/\",\"name\":\"N\u00e9h\u00e9mie Manca - Centre Musical de Cornavin\",\"isPartOf\":{\"@id\":\"https:\/\/centre-musical.ch\/en\/home-english\/#website\"},\"datePublished\":\"2024-07-04T17:40:55+00:00\",\"dateModified\":\"2025-01-29T10:04:29+00:00\",\"breadcrumb\":{\"@id\":\"https:\/\/centre-musical.ch\/en\/our-teachers\/nehemie-manca\/#breadcrumb\"},\"inLanguage\":\"en-US\",\"potentialAction\":[{\"@type\":\"ReadAction\",\"target\":[\"https:\/\/centre-musical.ch\/en\/our-teachers\/nehemie-manca\/\"]}]},{\"@type\":\"BreadcrumbList\",\"@id\":\"https:\/\/centre-musical.ch\/en\/our-teachers\/nehemie-manca\/#breadcrumb\",\"itemListElement\":[{\"@type\":\"ListItem\",\"position\":1,\"name\":\"Accueil\",\"item\":\"https:\/\/centre-musical.ch\/en\/\"},{\"@type\":\"ListItem\",\"position\":2,\"name\":\"Our teachers\",\"item\":\"https:\/\/centre-musical.ch\/en\/our-teachers\/\"},{\"@type\":\"ListItem\",\"position\":3,\"name\":\"N\u00e9h\u00e9mie Manca\"}]},{\"@type\":\"WebSite\",\"@id\":\"https:\/\/centre-musical.ch\/en\/home-english\/#website\",\"url\":\"https:\/\/centre-musical.ch\/en\/home-english\/\",\"name\":\"Centre Musical de Cornavin\",\"description\":\"Une \u00e9cole o\u00f9 l&#039;on est bien\",\"potentialAction\":[{\"@type\":\"SearchAction\",\"target\":{\"@type\":\"EntryPoint\",\"urlTemplate\":\"https:\/\/centre-musical.ch\/en\/home-english\/?s={search_term_string}\"},\"query-input\":{\"@type\":\"PropertyValueSpecification\",\"valueRequired\":true,\"valueName\":\"search_term_string\"}}],\"inLanguage\":\"en-US\"}]}<\/script>\n<!-- \/ Yoast SEO plugin. -->","yoast_head_json":{"title":"N\u00e9h\u00e9mie Manca - Centre Musical de Cornavin","robots":{"index":"index","follow":"follow","max-snippet":"max-snippet:-1","max-image-preview":"max-image-preview:large","max-video-preview":"max-video-preview:-1"},"canonical":"https:\/\/centre-musical.ch\/en\/our-teachers\/nehemie-manca\/","og_locale":"en_US","og_type":"article","og_title":"N\u00e9h\u00e9mie Manca - Centre Musical de Cornavin","og_description":"[vc_row][vc_column width=&#8221;1\/2&#8243;][vc_empty_space height=&#8221;40px&#8221; alter_height=&#8221;biggest&#8221; hide_on_mobile=&#8221;&#8221; css=&#8221;.vc_custom_1675882567027{margin-top: -1.2rem !important;}&#8221;][vc_column_text] Listen to N\u00e9h\u00e9mie Manca [\/vc_column_text][vc_empty_space alter_height=&#8221;small&#8221; hide_on_mobile=&#8221;&#8221; css=&#8221;.vc_custom_1676906567059{margin-top: -1.2rem !important;}&#8221;][vc_empty_space alter_height=&#8221;small&#8221; hide_on_mobile=&#8221;&#8221; css=&#8221;.vc_custom_1676906203476{margin-top: -1.2rem !important;}&#8221;][\/vc_column][vc_column width=&#8221;1\/2&#8243;][vc_column_text css=&#8221;.vc_custom_1738145064871{padding-top: 20px !important;}&#8221;] N\u00e9h\u00e9mie Manca, born in Geneva, is a flutist and instructor appreciated for his pedagogical skills and his ability to clearly and effectively explain the technical and musical aspects of the flute.He holds a Bachelor of Arts from the Haute \u00c9cole de Musique de Gen\u00e8ve, where he studied with renowned professors such as Michel Bellavance, Serge Saitta,&hellip;","og_url":"https:\/\/centre-musical.ch\/en\/our-teachers\/nehemie-manca\/","og_site_name":"Centre Musical de Cornavin","article_modified_time":"2025-01-29T10:04:29+00:00","twitter_card":"summary_large_image","twitter_misc":{"Est. reading time":"2 minutes"},"schema":{"@context":"https:\/\/schema.org","@graph":[{"@type":"WebPage","@id":"https:\/\/centre-musical.ch\/en\/our-teachers\/nehemie-manca\/","url":"https:\/\/centre-musical.ch\/en\/our-teachers\/nehemie-manca\/","name":"N\u00e9h\u00e9mie Manca - Centre Musical de Cornavin","isPartOf":{"@id":"https:\/\/centre-musical.ch\/en\/home-english\/#website"},"datePublished":"2024-07-04T17:40:55+00:00","dateModified":"2025-01-29T10:04:29+00:00","breadcrumb":{"@id":"https:\/\/centre-musical.ch\/en\/our-teachers\/nehemie-manca\/#breadcrumb"},"inLanguage":"en-US","potentialAction":[{"@type":"ReadAction","target":["https:\/\/centre-musical.ch\/en\/our-teachers\/nehemie-manca\/"]}]},{"@type":"BreadcrumbList","@id":"https:\/\/centre-musical.ch\/en\/our-teachers\/nehemie-manca\/#breadcrumb","itemListElement":[{"@type":"ListItem","position":1,"name":"Accueil","item":"https:\/\/centre-musical.ch\/en\/"},{"@type":"ListItem","position":2,"name":"Our teachers","item":"https:\/\/centre-musical.ch\/en\/our-teachers\/"},{"@type":"ListItem","position":3,"name":"N\u00e9h\u00e9mie Manca"}]},{"@type":"WebSite","@id":"https:\/\/centre-musical.ch\/en\/home-english\/#website","url":"https:\/\/centre-musical.ch\/en\/home-english\/","name":"Centre Musical de Cornavin","description":"Une \u00e9cole o\u00f9 l&#039;on est bien","potentialAction":[{"@type":"SearchAction","target":{"@type":"EntryPoint","urlTemplate":"https:\/\/centre-musical.ch\/en\/home-english\/?s={search_term_string}"},"query-input":{"@type":"PropertyValueSpecification","valueRequired":true,"valueName":"search_term_string"}}],"inLanguage":"en-US"}]}},"_links":{"self":[{"href":"https:\/\/centre-musical.ch\/en\/wp-json\/wp\/v2\/pages\/4707","targetHints":{"allow":["GET"]}}],"collection":[{"href":"https:\/\/centre-musical.ch\/en\/wp-json\/wp\/v2\/pages"}],"about":[{"href":"https:\/\/centre-musical.ch\/en\/wp-json\/wp\/v2\/types\/page"}],"author":[{"embeddable":true,"href":"https:\/\/centre-musical.ch\/en\/wp-json\/wp\/v2\/users\/1"}],"replies":[{"embeddable":true,"href":"https:\/\/centre-musical.ch\/en\/wp-json\/wp\/v2\/comments?post=4707"}],"version-history":[{"count":2,"href":"https:\/\/centre-musical.ch\/en\/wp-json\/wp\/v2\/pages\/4707\/revisions"}],"predecessor-version":[{"id":5011,"href":"https:\/\/centre-musical.ch\/en\/wp-json\/wp\/v2\/pages\/4707\/revisions\/5011"}],"up":[{"embeddable":true,"href":"https:\/\/centre-musical.ch\/en\/wp-json\/wp\/v2\/pages\/4719"}],"wp:attachment":[{"href":"https:\/\/centre-musical.ch\/en\/wp-json\/wp\/v2\/media?parent=4707"}],"curies":[{"name":"wp","href":"https:\/\/api.w.org\/{rel}","templated":true}]}}