{"id":4716,"date":"2023-02-14T00:54:20","date_gmt":"2023-02-13T23:54:20","guid":{"rendered":"https:\/\/centre-musical.ch\/emiliano_quaranta\/"},"modified":"2024-08-29T08:57:01","modified_gmt":"2024-08-29T06:57:01","slug":"emiliano_quaranta","status":"publish","type":"page","link":"https:\/\/centre-musical.ch\/en\/our-teachers\/emiliano_quaranta\/","title":{"rendered":"Emiliano Quaranta"},"content":{"rendered":"<p>[vc_row][vc_column width=&#8221;1\/2&#8243;]<div class=\"cq-coveranimation cq-coveranimation-direction-right cq-coveranimation-caption-lowerleft cq-coveranimation-always cq-coveranimation-shape-square \" data-direction=\"right\" data-bgcolor=\"\" data-isdisplay=\"\" data-elementheight=\"\" style=\"height:\" data-enter=\"no\"><div class=\"cq-coveranimation-caption\" data-scroll=\"\" style=\"background-color:;\"><\/div><div class=\"cq-coveranimation-beforecover   \" style=\"background-color:;\"><\/div><img decoding=\"async\" class=\"cq-coveranimation-img\" src=\"https:\/\/centre-musical.ch\/wp-content\/uploads\/2023\/02\/emiliano_quaranta_1.jpg\" alt=\"\" \/><div class=\"cq-coveranimation-aftercover \" style=\"background-color:;\"><\/div><\/div>[vc_empty_space alter_height=&#8221;biggest&#8221; hide_on_mobile=&#8221;&#8221; css=&#8221;.vc_custom_1494928079479{margin-top: -1.2rem !important;}&#8221;][vc_column_text]<\/p>\n<h4>Listen to Emiliano Quaranta<\/h4>\n<p>[\/vc_column_text][vc_empty_space alter_height=&#8221;small&#8221; hide_on_mobile=&#8221;&#8221; css=&#8221;.vc_custom_1676907651628{margin-top: -1.2rem !important;}&#8221;]<div id=\"widget_video_901035090\" class=\"widget_area sc_widget_video vc_widget_video wpb_content_element\"><aside id=\"widget_video_901035090_widget\" class=\"widget widget_video\"><div id=\"sc_video_1578650807\" class=\"trx_addons_video_player with_cover hover_play\"><img loading=\"lazy\" decoding=\"async\" src=\"https:\/\/centre-musical.ch\/wp-content\/uploads\/2023\/02\/emiliano_quaranta_3_1000x560-1.jpg\" alt=\"\" width=\"1000\" height=\"560\"><div class=\"video_mask\"><\/div><div class=\"video_hover\" data-video=\"&lt;iframe title=&quot;Julia Florida - A. Barrios - Int\u00e9rprete - Emiliano Quaranta&quot; width=&quot;1170&quot; height=&quot;658&quot; src=&quot;https:\/\/www.youtube.com\/embed\/KUEDzygSHz0?feature=oembed&amp;autoplay=1&quot; frameborder=&quot;0&quot; allow=&quot;accelerometer; autoplay; clipboard-write; encrypted-media; gyroscope; picture-in-picture; web-share&quot; allowfullscreen&gt;&lt;\/iframe&gt;\"><\/div><div class=\"video_embed video_frame\"><\/div><\/div><\/aside><\/div>[vc_empty_space alter_height=&#8221;biggest&#8221; hide_on_mobile=&#8221;&#8221; css=&#8221;.vc_custom_1494928079479{margin-top: -1.2rem !important;}&#8221;][\/vc_column][vc_column width=&#8221;1\/2&#8243;]<div id=\"sc_title_48073048\"\n\t\tclass=\"sc_title color_style_default sc_title_default  vc_custom_1678136619775\"><h6 class=\"sc_item_subtitle sc_title_subtitle sc_align_left sc_item_title_style_default\">Guitar teacher<\/h6><h3 class=\"sc_item_title sc_title_title sc_align_left sc_item_title_style_default\">Emiliano Quaranta<\/h3><\/div><!-- \/.sc_title -->[vc_column_text]Born in the city of Rosario (Argentina), Emiliano Quaranta has been for many years a guitar teacher at the Music School of the Faculty of Humanities and Arts at the University U.N.R. (Argentina).<\/p>\n<p>He obtained his guitar teaching license under the direction of Eduardo Isaac. He perfected his guitar playing in Italy with Paolo Pegoraro of the Tarrega Academy and took courses in baroque music interpretation with Miguel de Olaso, Federico Ciancio and Eduardo Eg\u00fcez. In order to complete his training, he has attended numerous seminars and master classes with the guitarists Eduardo Fern\u00e1ndez, Pablo M\u00e1rquez, Carlo Marchione, Lorenzo Micheli, Jos\u00e9 Antonio Escobar and Ricardo Gall\u00e9n.<\/p>\n<p>He has won prizes in various competitions in Argentina, Uruguay and Italy. He won first prize at the 43rd Concorso Nazionale di Chitarra &#8220;M.G. Ansaldi&#8221;, second prize at the Mozarteum competition in the city of Santa Fe and third place at the International Citt\u00e0 di Fiuggi competition.<\/p>\n<p>He performs as a soloist and with various ensembles in many concert halls, especially abroad.[\/vc_column_text][vc_empty_space alter_height=&#8221;biggest&#8221; hide_on_mobile=&#8221;&#8221;]<div class=\"sc_item_button sc_button_wrap sc_align_center\"><a href=\"\/en\/our-courses\/guitar-lessons\/\" id=\"sc_button_1535179405\" class=\"sc_button color_style_default sc_button_default sc_button_size_normal sc_button_icon_left\"><span class=\"sc_button_text sc_align_center\"><span class=\"sc_button_title\">Guitar Lessons<\/span><\/span><!-- \/.sc_button_text --><\/a><!-- \/.sc_button --><\/div><!-- \/.sc_item_button -->[vc_empty_space alter_height=&#8221;biggest&#8221; hide_on_mobile=&#8221;&#8221;][\/vc_column][\/vc_row]<\/p>\n","protected":false},"excerpt":{"rendered":"<p>[vc_row][vc_column width=&#8221;1\/2&#8243;][vc_empty_space alter_height=&#8221;biggest&#8221; hide_on_mobile=&#8221;&#8221; css=&#8221;.vc_custom_1494928079479{margin-top: -1.2rem !important;}&#8221;][vc_column_text] Listen to Emiliano Quaranta [\/vc_column_text][vc_empty_space alter_height=&#8221;small&#8221; hide_on_mobile=&#8221;&#8221; css=&#8221;.vc_custom_1676907651628{margin-top: -1.2rem !important;}&#8221;][vc_empty_space alter_height=&#8221;biggest&#8221; hide_on_mobile=&#8221;&#8221; css=&#8221;.vc_custom_1494928079479{margin-top: -1.2rem !important;}&#8221;][\/vc_column][vc_column width=&#8221;1\/2&#8243;][vc_column_text]Born in the city of Rosario (Argentina), Emiliano Quaranta has been for many years a guitar teacher at the Music School of the Faculty of Humanities and Arts at the University U.N.R. (Argentina). He obtained his guitar teaching license under the direction of Eduardo Isaac. He perfected his guitar playing in Italy with Paolo Pegoraro of the Tarrega Academy and took&hellip;<\/p>\n","protected":false},"author":1,"featured_media":4145,"parent":4719,"menu_order":0,"comment_status":"closed","ping_status":"closed","template":"","meta":{"footnotes":""},"class_list":["post-4716","page","type-page","status-publish","has-post-thumbnail","hentry"],"yoast_head":"<!-- This site is optimized with the Yoast SEO plugin v26.6 - https:\/\/yoast.com\/wordpress\/plugins\/seo\/ -->\n<title>Emiliano Quaranta - Centre Musical de Cornavin<\/title>\n<meta name=\"robots\" content=\"index, follow, max-snippet:-1, max-image-preview:large, max-video-preview:-1\" \/>\n<link rel=\"canonical\" href=\"https:\/\/centre-musical.ch\/en\/our-teachers\/emiliano_quaranta\/\" \/>\n<meta property=\"og:locale\" content=\"en_US\" \/>\n<meta property=\"og:type\" content=\"article\" \/>\n<meta property=\"og:title\" content=\"Emiliano Quaranta - Centre Musical de Cornavin\" \/>\n<meta property=\"og:description\" content=\"[vc_row][vc_column width=&#8221;1\/2&#8243;][vc_empty_space alter_height=&#8221;biggest&#8221; hide_on_mobile=&#8221;&#8221; css=&#8221;.vc_custom_1494928079479{margin-top: -1.2rem !important;}&#8221;][vc_column_text] Listen to Emiliano Quaranta [\/vc_column_text][vc_empty_space alter_height=&#8221;small&#8221; hide_on_mobile=&#8221;&#8221; css=&#8221;.vc_custom_1676907651628{margin-top: -1.2rem !important;}&#8221;][vc_empty_space alter_height=&#8221;biggest&#8221; hide_on_mobile=&#8221;&#8221; css=&#8221;.vc_custom_1494928079479{margin-top: -1.2rem !important;}&#8221;][\/vc_column][vc_column width=&#8221;1\/2&#8243;][vc_column_text]Born in the city of Rosario (Argentina), Emiliano Quaranta has been for many years a guitar teacher at the Music School of the Faculty of Humanities and Arts at the University U.N.R. (Argentina). He obtained his guitar teaching license under the direction of Eduardo Isaac. He perfected his guitar playing in Italy with Paolo Pegoraro of the Tarrega Academy and took&hellip;\" \/>\n<meta property=\"og:url\" content=\"https:\/\/centre-musical.ch\/en\/our-teachers\/emiliano_quaranta\/\" \/>\n<meta property=\"og:site_name\" content=\"Centre Musical de Cornavin\" \/>\n<meta property=\"article:modified_time\" content=\"2024-08-29T06:57:01+00:00\" \/>\n<meta property=\"og:image\" content=\"https:\/\/centre-musical.ch\/wp-content\/uploads\/2023\/02\/emiliano_quaranta_1.jpg\" \/>\n\t<meta property=\"og:image:width\" content=\"1000\" \/>\n\t<meta property=\"og:image:height\" content=\"1000\" \/>\n\t<meta property=\"og:image:type\" content=\"image\/jpeg\" \/>\n<meta name=\"twitter:card\" content=\"summary_large_image\" \/>\n<meta name=\"twitter:label1\" content=\"Est. reading time\" \/>\n\t<meta name=\"twitter:data1\" content=\"2 minutes\" \/>\n<script type=\"application\/ld+json\" class=\"yoast-schema-graph\">{\"@context\":\"https:\/\/schema.org\",\"@graph\":[{\"@type\":\"WebPage\",\"@id\":\"https:\/\/centre-musical.ch\/en\/our-teachers\/emiliano_quaranta\/\",\"url\":\"https:\/\/centre-musical.ch\/en\/our-teachers\/emiliano_quaranta\/\",\"name\":\"Emiliano Quaranta - Centre Musical de Cornavin\",\"isPartOf\":{\"@id\":\"https:\/\/centre-musical.ch\/en\/home-english\/#website\"},\"primaryImageOfPage\":{\"@id\":\"https:\/\/centre-musical.ch\/en\/our-teachers\/emiliano_quaranta\/#primaryimage\"},\"image\":{\"@id\":\"https:\/\/centre-musical.ch\/en\/our-teachers\/emiliano_quaranta\/#primaryimage\"},\"thumbnailUrl\":\"https:\/\/centre-musical.ch\/wp-content\/uploads\/2023\/02\/emiliano_quaranta_1.jpg\",\"datePublished\":\"2023-02-13T23:54:20+00:00\",\"dateModified\":\"2024-08-29T06:57:01+00:00\",\"breadcrumb\":{\"@id\":\"https:\/\/centre-musical.ch\/en\/our-teachers\/emiliano_quaranta\/#breadcrumb\"},\"inLanguage\":\"en-US\",\"potentialAction\":[{\"@type\":\"ReadAction\",\"target\":[\"https:\/\/centre-musical.ch\/en\/our-teachers\/emiliano_quaranta\/\"]}]},{\"@type\":\"ImageObject\",\"inLanguage\":\"en-US\",\"@id\":\"https:\/\/centre-musical.ch\/en\/our-teachers\/emiliano_quaranta\/#primaryimage\",\"url\":\"https:\/\/centre-musical.ch\/wp-content\/uploads\/2023\/02\/emiliano_quaranta_1.jpg\",\"contentUrl\":\"https:\/\/centre-musical.ch\/wp-content\/uploads\/2023\/02\/emiliano_quaranta_1.jpg\",\"width\":1000,\"height\":1000},{\"@type\":\"BreadcrumbList\",\"@id\":\"https:\/\/centre-musical.ch\/en\/our-teachers\/emiliano_quaranta\/#breadcrumb\",\"itemListElement\":[{\"@type\":\"ListItem\",\"position\":1,\"name\":\"Accueil\",\"item\":\"https:\/\/centre-musical.ch\/en\/\"},{\"@type\":\"ListItem\",\"position\":2,\"name\":\"Our teachers\",\"item\":\"https:\/\/centre-musical.ch\/en\/our-teachers\/\"},{\"@type\":\"ListItem\",\"position\":3,\"name\":\"Emiliano Quaranta\"}]},{\"@type\":\"WebSite\",\"@id\":\"https:\/\/centre-musical.ch\/en\/home-english\/#website\",\"url\":\"https:\/\/centre-musical.ch\/en\/home-english\/\",\"name\":\"Centre Musical de Cornavin\",\"description\":\"Une \u00e9cole o\u00f9 l&#039;on est bien\",\"potentialAction\":[{\"@type\":\"SearchAction\",\"target\":{\"@type\":\"EntryPoint\",\"urlTemplate\":\"https:\/\/centre-musical.ch\/en\/home-english\/?s={search_term_string}\"},\"query-input\":{\"@type\":\"PropertyValueSpecification\",\"valueRequired\":true,\"valueName\":\"search_term_string\"}}],\"inLanguage\":\"en-US\"}]}<\/script>\n<!-- \/ Yoast SEO plugin. -->","yoast_head_json":{"title":"Emiliano Quaranta - Centre Musical de Cornavin","robots":{"index":"index","follow":"follow","max-snippet":"max-snippet:-1","max-image-preview":"max-image-preview:large","max-video-preview":"max-video-preview:-1"},"canonical":"https:\/\/centre-musical.ch\/en\/our-teachers\/emiliano_quaranta\/","og_locale":"en_US","og_type":"article","og_title":"Emiliano Quaranta - Centre Musical de Cornavin","og_description":"[vc_row][vc_column width=&#8221;1\/2&#8243;][vc_empty_space alter_height=&#8221;biggest&#8221; hide_on_mobile=&#8221;&#8221; css=&#8221;.vc_custom_1494928079479{margin-top: -1.2rem !important;}&#8221;][vc_column_text] Listen to Emiliano Quaranta [\/vc_column_text][vc_empty_space alter_height=&#8221;small&#8221; hide_on_mobile=&#8221;&#8221; css=&#8221;.vc_custom_1676907651628{margin-top: -1.2rem !important;}&#8221;][vc_empty_space alter_height=&#8221;biggest&#8221; hide_on_mobile=&#8221;&#8221; css=&#8221;.vc_custom_1494928079479{margin-top: -1.2rem !important;}&#8221;][\/vc_column][vc_column width=&#8221;1\/2&#8243;][vc_column_text]Born in the city of Rosario (Argentina), Emiliano Quaranta has been for many years a guitar teacher at the Music School of the Faculty of Humanities and Arts at the University U.N.R. (Argentina). He obtained his guitar teaching license under the direction of Eduardo Isaac. He perfected his guitar playing in Italy with Paolo Pegoraro of the Tarrega Academy and took&hellip;","og_url":"https:\/\/centre-musical.ch\/en\/our-teachers\/emiliano_quaranta\/","og_site_name":"Centre Musical de Cornavin","article_modified_time":"2024-08-29T06:57:01+00:00","og_image":[{"width":1000,"height":1000,"url":"https:\/\/centre-musical.ch\/wp-content\/uploads\/2023\/02\/emiliano_quaranta_1.jpg","type":"image\/jpeg"}],"twitter_card":"summary_large_image","twitter_misc":{"Est. reading time":"2 minutes"},"schema":{"@context":"https:\/\/schema.org","@graph":[{"@type":"WebPage","@id":"https:\/\/centre-musical.ch\/en\/our-teachers\/emiliano_quaranta\/","url":"https:\/\/centre-musical.ch\/en\/our-teachers\/emiliano_quaranta\/","name":"Emiliano Quaranta - Centre Musical de Cornavin","isPartOf":{"@id":"https:\/\/centre-musical.ch\/en\/home-english\/#website"},"primaryImageOfPage":{"@id":"https:\/\/centre-musical.ch\/en\/our-teachers\/emiliano_quaranta\/#primaryimage"},"image":{"@id":"https:\/\/centre-musical.ch\/en\/our-teachers\/emiliano_quaranta\/#primaryimage"},"thumbnailUrl":"https:\/\/centre-musical.ch\/wp-content\/uploads\/2023\/02\/emiliano_quaranta_1.jpg","datePublished":"2023-02-13T23:54:20+00:00","dateModified":"2024-08-29T06:57:01+00:00","breadcrumb":{"@id":"https:\/\/centre-musical.ch\/en\/our-teachers\/emiliano_quaranta\/#breadcrumb"},"inLanguage":"en-US","potentialAction":[{"@type":"ReadAction","target":["https:\/\/centre-musical.ch\/en\/our-teachers\/emiliano_quaranta\/"]}]},{"@type":"ImageObject","inLanguage":"en-US","@id":"https:\/\/centre-musical.ch\/en\/our-teachers\/emiliano_quaranta\/#primaryimage","url":"https:\/\/centre-musical.ch\/wp-content\/uploads\/2023\/02\/emiliano_quaranta_1.jpg","contentUrl":"https:\/\/centre-musical.ch\/wp-content\/uploads\/2023\/02\/emiliano_quaranta_1.jpg","width":1000,"height":1000},{"@type":"BreadcrumbList","@id":"https:\/\/centre-musical.ch\/en\/our-teachers\/emiliano_quaranta\/#breadcrumb","itemListElement":[{"@type":"ListItem","position":1,"name":"Accueil","item":"https:\/\/centre-musical.ch\/en\/"},{"@type":"ListItem","position":2,"name":"Our teachers","item":"https:\/\/centre-musical.ch\/en\/our-teachers\/"},{"@type":"ListItem","position":3,"name":"Emiliano Quaranta"}]},{"@type":"WebSite","@id":"https:\/\/centre-musical.ch\/en\/home-english\/#website","url":"https:\/\/centre-musical.ch\/en\/home-english\/","name":"Centre Musical de Cornavin","description":"Une \u00e9cole o\u00f9 l&#039;on est bien","potentialAction":[{"@type":"SearchAction","target":{"@type":"EntryPoint","urlTemplate":"https:\/\/centre-musical.ch\/en\/home-english\/?s={search_term_string}"},"query-input":{"@type":"PropertyValueSpecification","valueRequired":true,"valueName":"search_term_string"}}],"inLanguage":"en-US"}]}},"_links":{"self":[{"href":"https:\/\/centre-musical.ch\/en\/wp-json\/wp\/v2\/pages\/4716","targetHints":{"allow":["GET"]}}],"collection":[{"href":"https:\/\/centre-musical.ch\/en\/wp-json\/wp\/v2\/pages"}],"about":[{"href":"https:\/\/centre-musical.ch\/en\/wp-json\/wp\/v2\/types\/page"}],"author":[{"embeddable":true,"href":"https:\/\/centre-musical.ch\/en\/wp-json\/wp\/v2\/users\/1"}],"replies":[{"embeddable":true,"href":"https:\/\/centre-musical.ch\/en\/wp-json\/wp\/v2\/comments?post=4716"}],"version-history":[{"count":2,"href":"https:\/\/centre-musical.ch\/en\/wp-json\/wp\/v2\/pages\/4716\/revisions"}],"predecessor-version":[{"id":4770,"href":"https:\/\/centre-musical.ch\/en\/wp-json\/wp\/v2\/pages\/4716\/revisions\/4770"}],"up":[{"embeddable":true,"href":"https:\/\/centre-musical.ch\/en\/wp-json\/wp\/v2\/pages\/4719"}],"wp:featuredmedia":[{"embeddable":true,"href":"https:\/\/centre-musical.ch\/en\/wp-json\/wp\/v2\/media\/4145"}],"wp:attachment":[{"href":"https:\/\/centre-musical.ch\/en\/wp-json\/wp\/v2\/media?parent=4716"}],"curies":[{"name":"wp","href":"https:\/\/api.w.org\/{rel}","templated":true}]}}