{"id":4774,"date":"2023-02-02T09:05:47","date_gmt":"2023-02-02T08:05:47","guid":{"rendered":"https:\/\/centre-musical.ch\/presentation\/"},"modified":"2024-08-29T09:03:34","modified_gmt":"2024-08-29T07:03:34","slug":"about-us","status":"publish","type":"page","link":"https:\/\/centre-musical.ch\/en\/about-us\/","title":{"rendered":"About us"},"content":{"rendered":"<p>[vc_row full_width=&#8221;stretch_row&#8221; css=&#8221;.vc_custom_1676604588140{background-color: #fdebe2 !important;}&#8221;][vc_column][vc_empty_space height=&#8221;16px&#8221; alter_height=&#8221;biggest&#8221; hide_on_mobile=&#8221;&#8221;]<div id=\"sc_title_706507728\"\n\t\tclass=\"sc_title color_style_default sc_title_default\"><h6 class=\"sc_item_subtitle sc_title_subtitle sc_align_left sc_item_title_style_default\">Mission statement<\/h6><h3 class=\"sc_item_title sc_title_title sc_align_left sc_item_title_style_default\">Our commitment<\/h3><\/div><!-- \/.sc_title -->[vc_empty_space height=&#8221;16px&#8221; alter_height=&#8221;biggest&#8221; hide_on_mobile=&#8221;&#8221;][\/vc_column][\/vc_row][vc_row full_width=&#8221;stretch_row&#8221; css=&#8221;.vc_custom_1676604607132{background-color: #fdebe2 !important;}&#8221;][vc_column width=&#8221;1\/3&#8243;][vc_column_text]<\/p>\n<h4>QUALITY<br \/>\nof education<\/h4>\n<p>[\/vc_column_text][vc_empty_space height=&#8221;24px&#8221; alter_height=&#8221;biggest&#8221; hide_on_mobile=&#8221;&#8221;][\/vc_column][vc_column width=&#8221;1\/3&#8243;][vc_column_text]<\/p>\n<h4>ENJOYMENT<br \/>\nof learning<\/h4>\n<p>[\/vc_column_text][vc_empty_space height=&#8221;24px&#8221; alter_height=&#8221;biggest&#8221; hide_on_mobile=&#8221;&#8221;][\/vc_column][vc_column width=&#8221;1\/3&#8243;][vc_column_text]<\/p>\n<h4>PLEASANT<br \/>\natmosphere<\/h4>\n<p>[\/vc_column_text][vc_empty_space height=&#8221;24px&#8221; alter_height=&#8221;biggest&#8221; hide_on_mobile=&#8221;&#8221;][\/vc_column][\/vc_row][vc_row equal_height=&#8221;yes&#8221; content_placement=&#8221;middle&#8221;][vc_column width=&#8221;1\/2&#8243;][vc_empty_space height=&#8221;16px&#8221; alter_height=&#8221;biggest&#8221; hide_on_mobile=&#8221;&#8221;][vc_single_image image=&#8221;1275&#8243; img_size=&#8221;full&#8221; alignment=&#8221;center&#8221;][vc_empty_space alter_height=&#8221;biggest&#8221; hide_on_mobile=&#8221;&#8221;][\/vc_column][vc_column width=&#8221;5\/12&#8243;][vc_empty_space height=&#8221;16px&#8221; alter_height=&#8221;biggest&#8221; hide_on_mobile=&#8221;1&#8243;]<div id=\"sc_title_13181219\"\n\t\tclass=\"sc_title color_style_default sc_title_default\"><h6 class=\"sc_item_subtitle sc_title_subtitle sc_align_left sc_item_title_style_default\">Centre Musical de Cornavin<\/h6><h3 class=\"sc_item_title sc_title_title sc_align_left sc_item_title_style_default\">A Place Where it Feels Good<\/h3><\/div><!-- \/.sc_title -->[vc_empty_space height=&#8221;16px&#8221; alter_height=&#8221;small&#8221; hide_on_mobile=&#8221;1&#8243;][vc_column_text]The Centre Musical de Cornavin&#8217;s team of teachers welcome you to their website!<\/p>\n<ul>\n<li>Do you wish to reconnect with your childhood instrument?<\/li>\n<li>You think your child would enjoy entering the world of music?<\/li>\n<li>You yourself simply wish to learn a new instrument?<\/li>\n<\/ul>\n<p>Then you&#8217;ve come to the right place.<\/p>\n<p>.[\/vc_column_text][\/vc_column][\/vc_row][vc_row full_width=&#8221;stretch_row&#8221; equal_height=&#8221;yes&#8221; content_placement=&#8221;middle&#8221; css=&#8221;.vc_custom_1494944534427{background-color: #fbede2 !important;}&#8221;][vc_column offset=&#8221;vc_col-md-offset-1 vc_col-md-5&#8243;][vc_empty_space alter_height=&#8221;medium&#8221; hide_on_mobile=&#8221;&#8221;]<div id=\"sc_title_334400839\"\n\t\tclass=\"sc_title color_style_default sc_title_default\"><h6 class=\"sc_item_subtitle sc_title_subtitle sc_align_left sc_item_title_style_default\">mission<\/h6><h2 class=\"sc_item_title sc_title_title sc_align_left sc_item_title_style_default sc_item_title_tag\">Quality Teaching and Pleasure of Learning<\/h2><\/div><!-- \/.sc_title -->[vc_empty_space height=&#8221;16px&#8221; alter_height=&#8221;small&#8221; hide_on_mobile=&#8221;1&#8243;][vc_column_text]We, Tiphaine, Darryl, Emiliano and Michel have also been there, and we have never left this environment. Music is the culture of expression and sharing, what blooms from within us flows through us to declare itself through the instrument, whatever it is. We are here to help you both to tame your musical instrument and make it an extension of yourself, as well as to use it as a means of expression.<\/p>\n<p>We are the vehicles of your creativity and we look forward to walking this exciting path with you.[\/vc_column_text][vc_empty_space alter_height=&#8221;small&#8221; hide_on_mobile=&#8221;1,3&#8243;]<a href=\"\/en\/our-courses\/\" id=\"sc_button_132519276\" class=\"sc_button color_style_default sc_button_default sc_button_size_normal sc_button_icon_left\"><span class=\"sc_button_text\"><span class=\"sc_button_title\">View our courses<\/span><\/span><!-- \/.sc_button_text --><\/a><!-- \/.sc_button -->[vc_empty_space hide_on_mobile=&#8221;1,3&#8243;][\/vc_column][vc_column offset=&#8221;vc_col-md-6&#8243;][vc_empty_space alter_height=&#8221;medium&#8221; hide_on_mobile=&#8221;&#8221; css=&#8221;.vc_custom_1494944628305{margin-top: 0.3rem !important;}&#8221;][vc_single_image image=&#8221;2137&#8243; img_size=&#8221;full&#8221; alignment=&#8221;center&#8221;][\/vc_column][\/vc_row][vc_row full_width=&#8221;stretch_row&#8221; css=&#8221;.vc_custom_1675386743558{background-image: url(https:\/\/centre-musical.ch\/wp-content\/uploads\/2023\/02\/silhouettes_musiciens_3.png?id=1232) !important;background-position: center !important;background-repeat: no-repeat !important;background-size: cover !important;}&#8221; el_class=&#8221;sc_layouts_611&#8243;][vc_column width=&#8221;1\/2&#8243; icons_position=&#8221;left&#8221;][\/vc_column][vc_column width=&#8221;5\/12&#8243; icons_position=&#8221;left&#8221; offset=&#8221;vc_col-md-offset-1&#8243;][vc_empty_space alter_height=&#8221;biggest&#8221; hide_on_mobile=&#8221;&#8221; css=&#8221;.vc_custom_1495006737368{margin-bottom: 0.9rem !important;}&#8221;]<div id=\"sc_title_925640893\"\n\t\tclass=\"sc_title color_style_default sc_title_default\"><h6 class=\"sc_item_subtitle sc_title_subtitle sc_align_left sc_item_title_style_default\">Our team<\/h6><h2 class=\"sc_item_title sc_title_title sc_align_left sc_item_title_style_default sc_item_title_tag\">A Team of Pedagogues and Concert Performers<\/h2><\/div><!-- \/.sc_title -->[vc_empty_space height=&#8221;16px&#8221; alter_height=&#8221;small&#8221; hide_on_mobile=&#8221;1&#8243;][vc_column_text]<\/p>\n<p style=\"font-size: 1em;\">The teachers at\u00a0<em>Centre Musical de Cornavin<\/em> are\u00a0<span style=\"color: #cd502c;\">professional concert artists<\/span> who also possess an <span style=\"color: #cd502c;\">extensive teaching experience<\/span>.<\/p>\n<p style=\"font-size: 1em;\"><span style=\"color: #cd502c;\">This combination<\/span> of regular experience in concert halls and a passion for transmitting their knowledge is <span style=\"color: #cd502c;\">what makes our Musical Center so rich and unique<\/span>.<\/p>\n<p>[\/vc_column_text][vc_empty_space alter_height=&#8221;small&#8221; hide_on_mobile=&#8221;&#8221; css=&#8221;.vc_custom_1495007051752{margin-bottom: 0.35rem !important;}&#8221;]<div class=\"sc_testimonials color_style_default sc_testimonials_simple\"><div class=\"sc_testimonials_slider sc_item_slider\tslider_swiper_outer slider_outer_nocontrols slider_outer_pagination slider_outer_pagination_custom slider_outer_pagination_pos_bottom slider_outer_one\">\n\t<div class=\"swiper-slider-container slider_swiper slider_noresize slider_nocontrols slider_pagination slider_pagination_custom slider_pagination_pos_bottom slider_one\" data-slides-min-width=\"150\" data-pagination=\"custom\">\n\t\t<div class=\"slides swiper-wrapper sc_item_columns_1\"><div class=\"swiper-slide\"><div class=\"sc_testimonials_item\">\n\t<div class=\"sc_testimonials_item_content\"><p>Michel Muller est le fondateur et directeur du Centre Musical de Cornavin ainsi que de l\u2019Ecole de Piano Michel Muller.<\/p>\n<p>Il enseigne le piano depuis plus de 35 ans.<\/p>\n<p>Parall\u00e8lement \u00e0 ses \u00e9tudes de piano (dipl\u00f4me soliste et dipl\u00f4me p\u00e9dagogique) il \u00e9tudie \u00e9galement la direction chorale et d\u2019orchestre et a dirig\u00e9 plusieurs ensembles choraux et instrumentaux.<\/p>\n<\/div>\n\t<div class=\"sc_testimonials_item_author\">\n\t\t<div class=\"sc_testimonials_item_author_data\">\n\t\t\t<div class=\"sc_testimonials_item_author_title\">Michel Muller<\/div>\n\t\t\t<div class=\"sc_testimonials_item_author_subtitle\"><\/div>\n            <div class=\"sc_testimonials_item_author_socials\"><\/div>\n\t\t<\/div>\n\t<\/div>\n<\/div>\n<\/div><div class=\"swiper-slide\"><div class=\"sc_testimonials_item\">\n\t<div class=\"sc_testimonials_item_content\"><p>Tiphaine, a obtenu un premier Master \u00e0 Zurich, puis un second master en p\u00e9dagogie \u00e0 la Haute Ecole de Musique de Lucerne.<\/p>\n<p>Elle joue r\u00e9guli\u00e8rement dans diff\u00e9rents orchestres tels que l\u2019Op\u00e9ra de Z\u00fcrich, l\u2019Orchestre de la Suisse Romande, l\u2019Orchestre de l\u2019Op\u00e9ra de Toulon, l\u2019Orchestre National de Cannes etc\u2026<\/p>\n<\/div>\n\t<div class=\"sc_testimonials_item_author\">\n\t\t<div class=\"sc_testimonials_item_author_data\">\n\t\t\t<div class=\"sc_testimonials_item_author_title\">Tiphaine Fr\u00e8re<\/div>\n\t\t\t<div class=\"sc_testimonials_item_author_subtitle\"><\/div>\n            <div class=\"sc_testimonials_item_author_socials\"><\/div>\n\t\t<\/div>\n\t<\/div>\n<\/div>\n<\/div><div class=\"swiper-slide\"><div class=\"sc_testimonials_item\">\n\t<div class=\"sc_testimonials_item_content\"><p>Guitariste argentin, Emiliano a \u00e9t\u00e9 pendant de nombreuses ann\u00e9es professeur de guitare \u00e0 la facult\u00e9 des sciences humaines et des arts de l\u2019universit\u00e9 U.N.R. (Argentine).<\/p>\n<p>Prim\u00e9 \u00e0 diverses comp\u00e9titions en Argentine, en Uruguay et en Italie.<\/p>\n<p>Il se produit en soliste et avec divers ensembles, dans de nombreuses salles de concerts, notamment \u00e0 l\u2019\u00e9tranger.<\/p>\n<\/div>\n\t<div class=\"sc_testimonials_item_author\">\n\t\t<div class=\"sc_testimonials_item_author_data\">\n\t\t\t<div class=\"sc_testimonials_item_author_title\">Emiliano Quaranta<\/div>\n\t\t\t<div class=\"sc_testimonials_item_author_subtitle\"><\/div>\n            <div class=\"sc_testimonials_item_author_socials\"><\/div>\n\t\t<\/div>\n\t<\/div>\n<\/div>\n<\/div><div class=\"swiper-slide\"><div class=\"sc_testimonials_item\">\n\t<div class=\"sc_testimonials_item_content\"><p>N\u00e9e \u00e0 Caracas en 1988, Yana Parra a \u00e9t\u00e9 form\u00e9e au c\u00e9l\u00e8bre &#8220;El Sistema&#8221; au Venezuela. Elle a \u00e9tudi\u00e9 \u00e0 Munich et Gen\u00e8ve, obtenant des dipl\u00f4mes en p\u00e9dagogie et interpr\u00e9tation musicale. Avec une riche exp\u00e9rience d&#8217;enseignement \u00e0 Gen\u00e8ve et \u00e0 Montr\u00e9al, Yana est reconnue pour sa p\u00e9dagogie active et ses comp\u00e9tences exceptionnelles. \u00c0 partir de 2024, elle rejoindra le Centre musical de Cornavin. Sa passion pour la musique et son approche adapt\u00e9e \u00e0 chaque \u00e9l\u00e8ve font d&#8217;elle une enseignante inspirante et id\u00e9ale pour les futurs violoncellistes.<\/p>\n<\/div>\n\t<div class=\"sc_testimonials_item_author\">\n\t\t<div class=\"sc_testimonials_item_author_data\">\n\t\t\t<div class=\"sc_testimonials_item_author_title\">Yana Parra<\/div>\n\t\t\t<div class=\"sc_testimonials_item_author_subtitle\"><\/div>\n            <div class=\"sc_testimonials_item_author_socials\"><\/div>\n\t\t<\/div>\n\t<\/div>\n<\/div>\n<\/div><div class=\"swiper-slide\"><div class=\"sc_testimonials_item\">\n\t<div class=\"sc_testimonials_item_content\"><p>Fabrice Sottas, violoncelliste form\u00e9 dans des institutions prestigieuses \u00e0 Gen\u00e8ve, Toronto, Munich, a jou\u00e9 avec divers orchestres renomm\u00e9s en Allemagne et \u00e0 Malte. De retour \u00e0 Gen\u00e8ve depuis 2010, il partage son expertise entre la musique de chambre, les collaborations orchestrales et l&#8217;enseignement. Passionn\u00e9 par la transmission de son savoir, il a enseign\u00e9 \u00e0 Montr\u00e9al et Munich avant de revenir \u00e0 Gen\u00e8ve en 2024. Il adapte ses cours aux besoins de chaque \u00e9l\u00e8ve, rendant l&#8217;apprentissage du violoncelle accessible et enrichissant pour tous.<\/p>\n<\/div>\n\t<div class=\"sc_testimonials_item_author\">\n\t\t<div class=\"sc_testimonials_item_author_data\">\n\t\t\t<div class=\"sc_testimonials_item_author_title\">Fabrice Sottas<\/div>\n\t\t\t<div class=\"sc_testimonials_item_author_subtitle\"><\/div>\n            <div class=\"sc_testimonials_item_author_socials\"><\/div>\n\t\t<\/div>\n\t<\/div>\n<\/div>\n<\/div><\/div><\/div><div class=\"slider_pagination_wrap swiper-pagination\"><span class=\"swiper-pagination-button\" style=\"background-image: url(https:\/\/centre-musical.ch\/wp-content\/uploads\/2023\/02\/Michel_Muller_101_2-2_300x300-200x200.jpg);\"><\/span><span class=\"swiper-pagination-button\" style=\"background-image: url(https:\/\/centre-musical.ch\/wp-content\/uploads\/2023\/02\/tiphaine_frere_2_carre_1000-200x200.jpg);\"><\/span><span class=\"swiper-pagination-button\" style=\"background-image: url(https:\/\/centre-musical.ch\/wp-content\/uploads\/2023\/02\/emiliano_quaranta_1-200x200.jpg);\"><\/span><span class=\"swiper-pagination-button\" style=\"background-image: url(https:\/\/centre-musical.ch\/wp-content\/uploads\/2024\/05\/yana_para_sottas_carree_1-200x200.jpg);\"><\/span><span class=\"swiper-pagination-button\" style=\"background-image: url(https:\/\/centre-musical.ch\/wp-content\/uploads\/2024\/05\/fabrice_sottas__carree_1-200x200.jpg);\"><\/span><\/div><\/div><\/div><!-- \/.sc_testimonials -->[vc_empty_space alter_height=&#8221;biggest&#8221; hide_on_mobile=&#8221;&#8221; css=&#8221;.vc_custom_1495007172480{margin-bottom: 1rem !important;}&#8221;][\/vc_column][\/vc_row]<\/p>\n","protected":false},"excerpt":{"rendered":"<p>[vc_row full_width=&#8221;stretch_row&#8221; css=&#8221;.vc_custom_1676604588140{background-color: #fdebe2 !important;}&#8221;][vc_column][vc_empty_space height=&#8221;16px&#8221; alter_height=&#8221;biggest&#8221; hide_on_mobile=&#8221;&#8221;][vc_empty_space height=&#8221;16px&#8221; alter_height=&#8221;biggest&#8221; hide_on_mobile=&#8221;&#8221;][\/vc_column][\/vc_row][vc_row full_width=&#8221;stretch_row&#8221; css=&#8221;.vc_custom_1676604607132{background-color: #fdebe2 !important;}&#8221;][vc_column width=&#8221;1\/3&#8243;][vc_column_text] QUALITY of education [\/vc_column_text][vc_empty_space height=&#8221;24px&#8221; alter_height=&#8221;biggest&#8221; hide_on_mobile=&#8221;&#8221;][\/vc_column][vc_column width=&#8221;1\/3&#8243;][vc_column_text] ENJOYMENT of learning [\/vc_column_text][vc_empty_space height=&#8221;24px&#8221; alter_height=&#8221;biggest&#8221; hide_on_mobile=&#8221;&#8221;][\/vc_column][vc_column width=&#8221;1\/3&#8243;][vc_column_text] PLEASANT atmosphere [\/vc_column_text][vc_empty_space height=&#8221;24px&#8221; alter_height=&#8221;biggest&#8221; hide_on_mobile=&#8221;&#8221;][\/vc_column][\/vc_row][vc_row equal_height=&#8221;yes&#8221; content_placement=&#8221;middle&#8221;][vc_column width=&#8221;1\/2&#8243;][vc_empty_space height=&#8221;16px&#8221; alter_height=&#8221;biggest&#8221; hide_on_mobile=&#8221;&#8221;][vc_single_image image=&#8221;1275&#8243; img_size=&#8221;full&#8221; alignment=&#8221;center&#8221;][vc_empty_space alter_height=&#8221;biggest&#8221; hide_on_mobile=&#8221;&#8221;][\/vc_column][vc_column width=&#8221;5\/12&#8243;][vc_empty_space height=&#8221;16px&#8221; alter_height=&#8221;biggest&#8221; hide_on_mobile=&#8221;1&#8243;][vc_empty_space height=&#8221;16px&#8221; alter_height=&#8221;small&#8221; hide_on_mobile=&#8221;1&#8243;][vc_column_text]The Centre Musical de Cornavin&#8217;s team of teachers welcome you to their website! Do you wish to reconnect with your childhood instrument? You think your child would enjoy&hellip;<\/p>\n","protected":false},"author":1,"featured_media":0,"parent":0,"menu_order":0,"comment_status":"closed","ping_status":"closed","template":"","meta":{"footnotes":""},"class_list":["post-4774","page","type-page","status-publish","hentry"],"yoast_head":"<!-- This site is optimized with the Yoast SEO plugin v26.6 - https:\/\/yoast.com\/wordpress\/plugins\/seo\/ -->\n<title>About us - Centre Musical de Cornavin<\/title>\n<meta name=\"robots\" content=\"index, follow, max-snippet:-1, max-image-preview:large, max-video-preview:-1\" \/>\n<link rel=\"canonical\" href=\"https:\/\/centre-musical.ch\/en\/about-us\/\" \/>\n<meta property=\"og:locale\" content=\"en_US\" \/>\n<meta property=\"og:type\" content=\"article\" \/>\n<meta property=\"og:title\" content=\"About us - Centre Musical de Cornavin\" \/>\n<meta property=\"og:description\" content=\"[vc_row full_width=&#8221;stretch_row&#8221; css=&#8221;.vc_custom_1676604588140{background-color: #fdebe2 !important;}&#8221;][vc_column][vc_empty_space height=&#8221;16px&#8221; alter_height=&#8221;biggest&#8221; hide_on_mobile=&#8221;&#8221;][vc_empty_space height=&#8221;16px&#8221; alter_height=&#8221;biggest&#8221; hide_on_mobile=&#8221;&#8221;][\/vc_column][\/vc_row][vc_row full_width=&#8221;stretch_row&#8221; css=&#8221;.vc_custom_1676604607132{background-color: #fdebe2 !important;}&#8221;][vc_column width=&#8221;1\/3&#8243;][vc_column_text] QUALITY of education [\/vc_column_text][vc_empty_space height=&#8221;24px&#8221; alter_height=&#8221;biggest&#8221; hide_on_mobile=&#8221;&#8221;][\/vc_column][vc_column width=&#8221;1\/3&#8243;][vc_column_text] ENJOYMENT of learning [\/vc_column_text][vc_empty_space height=&#8221;24px&#8221; alter_height=&#8221;biggest&#8221; hide_on_mobile=&#8221;&#8221;][\/vc_column][vc_column width=&#8221;1\/3&#8243;][vc_column_text] PLEASANT atmosphere [\/vc_column_text][vc_empty_space height=&#8221;24px&#8221; alter_height=&#8221;biggest&#8221; hide_on_mobile=&#8221;&#8221;][\/vc_column][\/vc_row][vc_row equal_height=&#8221;yes&#8221; content_placement=&#8221;middle&#8221;][vc_column width=&#8221;1\/2&#8243;][vc_empty_space height=&#8221;16px&#8221; alter_height=&#8221;biggest&#8221; hide_on_mobile=&#8221;&#8221;][vc_single_image image=&#8221;1275&#8243; img_size=&#8221;full&#8221; alignment=&#8221;center&#8221;][vc_empty_space alter_height=&#8221;biggest&#8221; hide_on_mobile=&#8221;&#8221;][\/vc_column][vc_column width=&#8221;5\/12&#8243;][vc_empty_space height=&#8221;16px&#8221; alter_height=&#8221;biggest&#8221; hide_on_mobile=&#8221;1&#8243;][vc_empty_space height=&#8221;16px&#8221; alter_height=&#8221;small&#8221; hide_on_mobile=&#8221;1&#8243;][vc_column_text]The Centre Musical de Cornavin&#8217;s team of teachers welcome you to their website! Do you wish to reconnect with your childhood instrument? You think your child would enjoy&hellip;\" \/>\n<meta property=\"og:url\" content=\"https:\/\/centre-musical.ch\/en\/about-us\/\" \/>\n<meta property=\"og:site_name\" content=\"Centre Musical de Cornavin\" \/>\n<meta property=\"article:modified_time\" content=\"2024-08-29T07:03:34+00:00\" \/>\n<meta name=\"twitter:card\" content=\"summary_large_image\" \/>\n<meta name=\"twitter:label1\" content=\"Est. reading time\" \/>\n\t<meta name=\"twitter:data1\" content=\"2 minutes\" \/>\n<script type=\"application\/ld+json\" class=\"yoast-schema-graph\">{\"@context\":\"https:\/\/schema.org\",\"@graph\":[{\"@type\":\"WebPage\",\"@id\":\"https:\/\/centre-musical.ch\/en\/about-us\/\",\"url\":\"https:\/\/centre-musical.ch\/en\/about-us\/\",\"name\":\"About us - Centre Musical de Cornavin\",\"isPartOf\":{\"@id\":\"https:\/\/centre-musical.ch\/en\/home-english\/#website\"},\"datePublished\":\"2023-02-02T08:05:47+00:00\",\"dateModified\":\"2024-08-29T07:03:34+00:00\",\"breadcrumb\":{\"@id\":\"https:\/\/centre-musical.ch\/en\/about-us\/#breadcrumb\"},\"inLanguage\":\"en-US\",\"potentialAction\":[{\"@type\":\"ReadAction\",\"target\":[\"https:\/\/centre-musical.ch\/en\/about-us\/\"]}]},{\"@type\":\"BreadcrumbList\",\"@id\":\"https:\/\/centre-musical.ch\/en\/about-us\/#breadcrumb\",\"itemListElement\":[{\"@type\":\"ListItem\",\"position\":1,\"name\":\"Accueil\",\"item\":\"https:\/\/centre-musical.ch\/en\/\"},{\"@type\":\"ListItem\",\"position\":2,\"name\":\"About us\"}]},{\"@type\":\"WebSite\",\"@id\":\"https:\/\/centre-musical.ch\/en\/home-english\/#website\",\"url\":\"https:\/\/centre-musical.ch\/en\/home-english\/\",\"name\":\"Centre Musical de Cornavin\",\"description\":\"Une \u00e9cole o\u00f9 l&#039;on est bien\",\"potentialAction\":[{\"@type\":\"SearchAction\",\"target\":{\"@type\":\"EntryPoint\",\"urlTemplate\":\"https:\/\/centre-musical.ch\/en\/home-english\/?s={search_term_string}\"},\"query-input\":{\"@type\":\"PropertyValueSpecification\",\"valueRequired\":true,\"valueName\":\"search_term_string\"}}],\"inLanguage\":\"en-US\"}]}<\/script>\n<!-- \/ Yoast SEO plugin. -->","yoast_head_json":{"title":"About us - Centre Musical de Cornavin","robots":{"index":"index","follow":"follow","max-snippet":"max-snippet:-1","max-image-preview":"max-image-preview:large","max-video-preview":"max-video-preview:-1"},"canonical":"https:\/\/centre-musical.ch\/en\/about-us\/","og_locale":"en_US","og_type":"article","og_title":"About us - Centre Musical de Cornavin","og_description":"[vc_row full_width=&#8221;stretch_row&#8221; css=&#8221;.vc_custom_1676604588140{background-color: #fdebe2 !important;}&#8221;][vc_column][vc_empty_space height=&#8221;16px&#8221; alter_height=&#8221;biggest&#8221; hide_on_mobile=&#8221;&#8221;][vc_empty_space height=&#8221;16px&#8221; alter_height=&#8221;biggest&#8221; hide_on_mobile=&#8221;&#8221;][\/vc_column][\/vc_row][vc_row full_width=&#8221;stretch_row&#8221; css=&#8221;.vc_custom_1676604607132{background-color: #fdebe2 !important;}&#8221;][vc_column width=&#8221;1\/3&#8243;][vc_column_text] QUALITY of education [\/vc_column_text][vc_empty_space height=&#8221;24px&#8221; alter_height=&#8221;biggest&#8221; hide_on_mobile=&#8221;&#8221;][\/vc_column][vc_column width=&#8221;1\/3&#8243;][vc_column_text] ENJOYMENT of learning [\/vc_column_text][vc_empty_space height=&#8221;24px&#8221; alter_height=&#8221;biggest&#8221; hide_on_mobile=&#8221;&#8221;][\/vc_column][vc_column width=&#8221;1\/3&#8243;][vc_column_text] PLEASANT atmosphere [\/vc_column_text][vc_empty_space height=&#8221;24px&#8221; alter_height=&#8221;biggest&#8221; hide_on_mobile=&#8221;&#8221;][\/vc_column][\/vc_row][vc_row equal_height=&#8221;yes&#8221; content_placement=&#8221;middle&#8221;][vc_column width=&#8221;1\/2&#8243;][vc_empty_space height=&#8221;16px&#8221; alter_height=&#8221;biggest&#8221; hide_on_mobile=&#8221;&#8221;][vc_single_image image=&#8221;1275&#8243; img_size=&#8221;full&#8221; alignment=&#8221;center&#8221;][vc_empty_space alter_height=&#8221;biggest&#8221; hide_on_mobile=&#8221;&#8221;][\/vc_column][vc_column width=&#8221;5\/12&#8243;][vc_empty_space height=&#8221;16px&#8221; alter_height=&#8221;biggest&#8221; hide_on_mobile=&#8221;1&#8243;][vc_empty_space height=&#8221;16px&#8221; alter_height=&#8221;small&#8221; hide_on_mobile=&#8221;1&#8243;][vc_column_text]The Centre Musical de Cornavin&#8217;s team of teachers welcome you to their website! Do you wish to reconnect with your childhood instrument? You think your child would enjoy&hellip;","og_url":"https:\/\/centre-musical.ch\/en\/about-us\/","og_site_name":"Centre Musical de Cornavin","article_modified_time":"2024-08-29T07:03:34+00:00","twitter_card":"summary_large_image","twitter_misc":{"Est. reading time":"2 minutes"},"schema":{"@context":"https:\/\/schema.org","@graph":[{"@type":"WebPage","@id":"https:\/\/centre-musical.ch\/en\/about-us\/","url":"https:\/\/centre-musical.ch\/en\/about-us\/","name":"About us - Centre Musical de Cornavin","isPartOf":{"@id":"https:\/\/centre-musical.ch\/en\/home-english\/#website"},"datePublished":"2023-02-02T08:05:47+00:00","dateModified":"2024-08-29T07:03:34+00:00","breadcrumb":{"@id":"https:\/\/centre-musical.ch\/en\/about-us\/#breadcrumb"},"inLanguage":"en-US","potentialAction":[{"@type":"ReadAction","target":["https:\/\/centre-musical.ch\/en\/about-us\/"]}]},{"@type":"BreadcrumbList","@id":"https:\/\/centre-musical.ch\/en\/about-us\/#breadcrumb","itemListElement":[{"@type":"ListItem","position":1,"name":"Accueil","item":"https:\/\/centre-musical.ch\/en\/"},{"@type":"ListItem","position":2,"name":"About us"}]},{"@type":"WebSite","@id":"https:\/\/centre-musical.ch\/en\/home-english\/#website","url":"https:\/\/centre-musical.ch\/en\/home-english\/","name":"Centre Musical de Cornavin","description":"Une \u00e9cole o\u00f9 l&#039;on est bien","potentialAction":[{"@type":"SearchAction","target":{"@type":"EntryPoint","urlTemplate":"https:\/\/centre-musical.ch\/en\/home-english\/?s={search_term_string}"},"query-input":{"@type":"PropertyValueSpecification","valueRequired":true,"valueName":"search_term_string"}}],"inLanguage":"en-US"}]}},"_links":{"self":[{"href":"https:\/\/centre-musical.ch\/en\/wp-json\/wp\/v2\/pages\/4774","targetHints":{"allow":["GET"]}}],"collection":[{"href":"https:\/\/centre-musical.ch\/en\/wp-json\/wp\/v2\/pages"}],"about":[{"href":"https:\/\/centre-musical.ch\/en\/wp-json\/wp\/v2\/types\/page"}],"author":[{"embeddable":true,"href":"https:\/\/centre-musical.ch\/en\/wp-json\/wp\/v2\/users\/1"}],"replies":[{"embeddable":true,"href":"https:\/\/centre-musical.ch\/en\/wp-json\/wp\/v2\/comments?post=4774"}],"version-history":[{"count":3,"href":"https:\/\/centre-musical.ch\/en\/wp-json\/wp\/v2\/pages\/4774\/revisions"}],"predecessor-version":[{"id":4777,"href":"https:\/\/centre-musical.ch\/en\/wp-json\/wp\/v2\/pages\/4774\/revisions\/4777"}],"wp:attachment":[{"href":"https:\/\/centre-musical.ch\/en\/wp-json\/wp\/v2\/media?parent=4774"}],"curies":[{"name":"wp","href":"https:\/\/api.w.org\/{rel}","templated":true}]}}