{"id":4988,"date":"2024-11-06T16:32:39","date_gmt":"2024-11-06T15:32:39","guid":{"rendered":"https:\/\/centre-musical.ch\/our-teachers\/vitor-zendron-da-cunha\/"},"modified":"2025-02-13T13:42:00","modified_gmt":"2025-02-13T12:42:00","slug":"vitor-zendron-da-cunha","status":"publish","type":"page","link":"https:\/\/centre-musical.ch\/en\/our-teachers\/vitor-zendron-da-cunha\/","title":{"rendered":"Vitor Zendron da Cunha"},"content":{"rendered":"<p>[vc_row][vc_column width=&#8221;1\/2&#8243;]<div class=\"cq-coveranimation cq-coveranimation-direction-right cq-coveranimation-caption-lowerleft cq-coveranimation-always cq-coveranimation-shape-square \" data-direction=\"right\" data-bgcolor=\"\" data-isdisplay=\"\" data-elementheight=\"\" style=\"height:\" data-enter=\"no\"><div class=\"cq-coveranimation-caption\" data-scroll=\"\" style=\"background-color:;\"><\/div><div class=\"cq-coveranimation-beforecover   \" style=\"background-color:;\"><\/div><img decoding=\"async\" class=\"cq-coveranimation-img\" src=\"https:\/\/centre-musical.ch\/wp-content\/uploads\/2024\/11\/vitor_zendron_3.jpg\" alt=\"\" \/><div class=\"cq-coveranimation-aftercover \" style=\"background-color:;\"><\/div><\/div>[vc_empty_space alter_height=&#8221;biggest&#8221; hide_on_mobile=&#8221;&#8221; css=&#8221;.vc_custom_1494928079479{margin-top: -1.2rem !important;}&#8221;][vc_column_text]<\/p>\n<h4>Listen to Vitor Zendron Da Cunha<\/h4>\n<p>[\/vc_column_text][vc_empty_space alter_height=&#8221;small&#8221; hide_on_mobile=&#8221;&#8221; css=&#8221;.vc_custom_1676909478532{margin-top: -1.2rem !important;}&#8221;]<div id=\"widget_video_1320095012\" class=\"widget_area sc_widget_video vc_widget_video wpb_content_element\"><aside id=\"widget_video_1320095012_widget\" class=\"widget widget_video\"><div id=\"sc_video_1351222658\" class=\"trx_addons_video_player without_cover\"><div class=\"video_embed video_frame\"><iframe loading=\"lazy\" title=\"Vitor Zendron da Cunha, piano\" width=\"1170\" height=\"658\" src=\"https:\/\/www.youtube.com\/embed\/nEYM19-hJfE?feature=oembed\" frameborder=\"0\" allow=\"accelerometer; autoplay; clipboard-write; encrypted-media; gyroscope; picture-in-picture; web-share\" referrerpolicy=\"strict-origin-when-cross-origin\" allowfullscreen><\/iframe><\/div><\/div><\/aside><\/div>[vc_empty_space alter_height=&#8221;small&#8221; hide_on_mobile=&#8221;&#8221; css=&#8221;.vc_custom_1676909478532{margin-top: -1.2rem !important;}&#8221;][\/vc_column][vc_column width=&#8221;1\/2&#8243;]<div id=\"sc_title_1201270549\"\n\t\tclass=\"sc_title color_style_default sc_title_default\"><h6 class=\"sc_item_subtitle sc_title_subtitle sc_align_left sc_item_title_style_default\">Piano Teacher<\/h6><h2 class=\"sc_item_title sc_title_title sc_align_left sc_item_title_style_default sc_item_title_tag\">Vitor Zendron da Cunha<\/h2><\/div><!-- \/.sc_title -->[vc_column_text css=&#8221;.vc_custom_1738142829125{margin-top: 20px !important;}&#8221;]<\/p>\n<div style=\"text-align: justify;\">\n<p>Born in 1997, Vitor Zendron da Cunha took his first piano lessons at the age of eight. Between 2008 and 2015, he studied at the Carlos Gomes Conservatory in Blumenau (Brazil) and took part in the main Latin American festivals. He continued his training at the Hochschule f\u00fcr Musik in Karlsruhe in the class of Sontraud Speidel, where he obtained his Bachelor&#8217;s degree in 2020 and attended masterclasses with artists such as Klaus Hellwig and Cyprien Katsaris. From 2020 to 2022, he studied at the Haute \u00c9cole de Musique de Lausanne.<img loading=\"lazy\" decoding=\"async\" class=\"alignright size-medium wp-image-4907\" src=\"https:\/\/centre-musical.ch\/wp-content\/uploads\/2024\/11\/vitor_zendron_2_gpx-215x300.jpg\" alt=\"\" width=\"215\" height=\"300\" srcset=\"https:\/\/centre-musical.ch\/wp-content\/uploads\/2024\/11\/vitor_zendron_2_gpx-215x300.jpg 215w, https:\/\/centre-musical.ch\/wp-content\/uploads\/2024\/11\/vitor_zendron_2_gpx-734x1024.jpg 734w, https:\/\/centre-musical.ch\/wp-content\/uploads\/2024\/11\/vitor_zendron_2_gpx-768x1072.jpg 768w, https:\/\/centre-musical.ch\/wp-content\/uploads\/2024\/11\/vitor_zendron_2_gpx-370x516.jpg 370w, https:\/\/centre-musical.ch\/wp-content\/uploads\/2024\/11\/vitor_zendron_2_gpx-760x1060.jpg 760w, https:\/\/centre-musical.ch\/wp-content\/uploads\/2024\/11\/vitor_zendron_2_gpx.jpg 1075w\" sizes=\"auto, (max-width: 215px) 100vw, 215px\" \/>Vitor won first prize at the Edna Habith National Competition and at the Federico Chopin Piano Competition (Peru) in 2013. In 2015, he was a finalist in the Prel\u00fadio competition, broadcast on Brazilian national television. In 2019, he received the &#8220;Gerold Joachim F\u00f6rderpreis&#8221; in Germany, and in 2022 the &#8220;Prix Mireille Klemm&#8221; awarded by the Soci\u00e9t\u00e9 Chopin de Gen\u00e8ve. He has performed in prestigious venues such as Sala S\u00e3o Paulo, Gran Teatro Nacional de Lima and Warsaw Music Society, and has collaborated with conductors such as J\u00falio Medaglia, Kevin Griffiths and Pierre-St\u00e9phane Meug\u00e9.<\/p>\n<p>He is currently enrolled in Ricardo Castro&#8217;s soloist Master&#8217;s program at the Haute \u00c9cole de Musique de Gen\u00e8ve. Vitor also studied keyboard conducting at the Scuola di Musica in Fiesole (Italy). He regularly gives solo and chamber music recitals in Brazil and Switzerland.<\/p>\n<\/div>\n<p>[\/vc_column_text][vc_empty_space alter_height=&#8221;biggest&#8221; hide_on_mobile=&#8221;&#8221; css=&#8221;.vc_custom_1494928079479{margin-top: -1.2rem !important;}&#8221;]<div class=\"sc_item_button sc_button_wrap sc_align_center\"><a href=\"\/en\/cours\/cours-de-piano\" id=\"sc_button_940701356\" class=\"sc_button color_style_default sc_button_default sc_button_size_normal sc_button_icon_left\"><span class=\"sc_button_text sc_align_center\"><span class=\"sc_button_title\">Piano lessons<\/span><\/span><!-- \/.sc_button_text --><\/a><!-- \/.sc_button --><\/div><!-- \/.sc_item_button -->[vc_empty_space alter_height=&#8221;biggest&#8221; hide_on_mobile=&#8221;&#8221;][\/vc_column][\/vc_row][vc_row][vc_column][vc_column_text]<\/p>\n<p>[\/vc_column_text][\/vc_column][\/vc_row]<\/p>\n","protected":false},"excerpt":{"rendered":"<p>[vc_row][vc_column width=&#8221;1\/2&#8243;][vc_empty_space alter_height=&#8221;biggest&#8221; hide_on_mobile=&#8221;&#8221; css=&#8221;.vc_custom_1494928079479{margin-top: -1.2rem !important;}&#8221;][vc_column_text] Listen to Vitor Zendron Da Cunha [\/vc_column_text][vc_empty_space alter_height=&#8221;small&#8221; hide_on_mobile=&#8221;&#8221; css=&#8221;.vc_custom_1676909478532{margin-top: -1.2rem !important;}&#8221;][vc_empty_space alter_height=&#8221;small&#8221; hide_on_mobile=&#8221;&#8221; css=&#8221;.vc_custom_1676909478532{margin-top: -1.2rem !important;}&#8221;][\/vc_column][vc_column width=&#8221;1\/2&#8243;][vc_column_text css=&#8221;.vc_custom_1738142829125{margin-top: 20px !important;}&#8221;] Born in 1997, Vitor Zendron da Cunha took his first piano lessons at the age of eight. Between 2008 and 2015, he studied at the Carlos Gomes Conservatory in Blumenau (Brazil) and took part in the main Latin American festivals. He continued his training at the Hochschule f\u00fcr Musik in Karlsruhe in the class of&hellip;<\/p>\n","protected":false},"author":1,"featured_media":0,"parent":4719,"menu_order":0,"comment_status":"closed","ping_status":"closed","template":"","meta":{"footnotes":""},"class_list":["post-4988","page","type-page","status-publish","hentry"],"yoast_head":"<!-- This site is optimized with the Yoast SEO plugin v26.6 - https:\/\/yoast.com\/wordpress\/plugins\/seo\/ -->\n<title>Vitor Zendron da Cunha - Centre Musical de Cornavin<\/title>\n<meta name=\"robots\" content=\"index, follow, max-snippet:-1, max-image-preview:large, max-video-preview:-1\" \/>\n<link rel=\"canonical\" href=\"https:\/\/centre-musical.ch\/en\/our-teachers\/vitor-zendron-da-cunha\/\" \/>\n<meta property=\"og:locale\" content=\"en_US\" \/>\n<meta property=\"og:type\" content=\"article\" \/>\n<meta property=\"og:title\" content=\"Vitor Zendron da Cunha - Centre Musical de Cornavin\" \/>\n<meta property=\"og:description\" content=\"[vc_row][vc_column width=&#8221;1\/2&#8243;][vc_empty_space alter_height=&#8221;biggest&#8221; hide_on_mobile=&#8221;&#8221; css=&#8221;.vc_custom_1494928079479{margin-top: -1.2rem !important;}&#8221;][vc_column_text] Listen to Vitor Zendron Da Cunha [\/vc_column_text][vc_empty_space alter_height=&#8221;small&#8221; hide_on_mobile=&#8221;&#8221; css=&#8221;.vc_custom_1676909478532{margin-top: -1.2rem !important;}&#8221;][vc_empty_space alter_height=&#8221;small&#8221; hide_on_mobile=&#8221;&#8221; css=&#8221;.vc_custom_1676909478532{margin-top: -1.2rem !important;}&#8221;][\/vc_column][vc_column width=&#8221;1\/2&#8243;][vc_column_text css=&#8221;.vc_custom_1738142829125{margin-top: 20px !important;}&#8221;] Born in 1997, Vitor Zendron da Cunha took his first piano lessons at the age of eight. Between 2008 and 2015, he studied at the Carlos Gomes Conservatory in Blumenau (Brazil) and took part in the main Latin American festivals. He continued his training at the Hochschule f\u00fcr Musik in Karlsruhe in the class of&hellip;\" \/>\n<meta property=\"og:url\" content=\"https:\/\/centre-musical.ch\/en\/our-teachers\/vitor-zendron-da-cunha\/\" \/>\n<meta property=\"og:site_name\" content=\"Centre Musical de Cornavin\" \/>\n<meta property=\"article:modified_time\" content=\"2025-02-13T12:42:00+00:00\" \/>\n<meta property=\"og:image\" content=\"https:\/\/centre-musical.ch\/wp-content\/uploads\/2024\/11\/vitor_zendron_2_gpx-215x300.jpg\" \/>\n<meta name=\"twitter:card\" content=\"summary_large_image\" \/>\n<meta name=\"twitter:label1\" content=\"Est. reading time\" \/>\n\t<meta name=\"twitter:data1\" content=\"2 minutes\" \/>\n<script type=\"application\/ld+json\" class=\"yoast-schema-graph\">{\"@context\":\"https:\/\/schema.org\",\"@graph\":[{\"@type\":\"WebPage\",\"@id\":\"https:\/\/centre-musical.ch\/en\/our-teachers\/vitor-zendron-da-cunha\/\",\"url\":\"https:\/\/centre-musical.ch\/en\/our-teachers\/vitor-zendron-da-cunha\/\",\"name\":\"Vitor Zendron da Cunha - Centre Musical de Cornavin\",\"isPartOf\":{\"@id\":\"https:\/\/centre-musical.ch\/en\/home-english\/#website\"},\"primaryImageOfPage\":{\"@id\":\"https:\/\/centre-musical.ch\/en\/our-teachers\/vitor-zendron-da-cunha\/#primaryimage\"},\"image\":{\"@id\":\"https:\/\/centre-musical.ch\/en\/our-teachers\/vitor-zendron-da-cunha\/#primaryimage\"},\"thumbnailUrl\":\"https:\/\/centre-musical.ch\/wp-content\/uploads\/2024\/11\/vitor_zendron_2_gpx-215x300.jpg\",\"datePublished\":\"2024-11-06T15:32:39+00:00\",\"dateModified\":\"2025-02-13T12:42:00+00:00\",\"breadcrumb\":{\"@id\":\"https:\/\/centre-musical.ch\/en\/our-teachers\/vitor-zendron-da-cunha\/#breadcrumb\"},\"inLanguage\":\"en-US\",\"potentialAction\":[{\"@type\":\"ReadAction\",\"target\":[\"https:\/\/centre-musical.ch\/en\/our-teachers\/vitor-zendron-da-cunha\/\"]}]},{\"@type\":\"ImageObject\",\"inLanguage\":\"en-US\",\"@id\":\"https:\/\/centre-musical.ch\/en\/our-teachers\/vitor-zendron-da-cunha\/#primaryimage\",\"url\":\"https:\/\/centre-musical.ch\/wp-content\/uploads\/2024\/11\/vitor_zendron_2_gpx-215x300.jpg\",\"contentUrl\":\"https:\/\/centre-musical.ch\/wp-content\/uploads\/2024\/11\/vitor_zendron_2_gpx-215x300.jpg\"},{\"@type\":\"BreadcrumbList\",\"@id\":\"https:\/\/centre-musical.ch\/en\/our-teachers\/vitor-zendron-da-cunha\/#breadcrumb\",\"itemListElement\":[{\"@type\":\"ListItem\",\"position\":1,\"name\":\"Accueil\",\"item\":\"https:\/\/centre-musical.ch\/en\/\"},{\"@type\":\"ListItem\",\"position\":2,\"name\":\"Our teachers\",\"item\":\"https:\/\/centre-musical.ch\/en\/our-teachers\/\"},{\"@type\":\"ListItem\",\"position\":3,\"name\":\"Vitor Zendron da Cunha\"}]},{\"@type\":\"WebSite\",\"@id\":\"https:\/\/centre-musical.ch\/en\/home-english\/#website\",\"url\":\"https:\/\/centre-musical.ch\/en\/home-english\/\",\"name\":\"Centre Musical de Cornavin\",\"description\":\"Une \u00e9cole o\u00f9 l&#039;on est bien\",\"potentialAction\":[{\"@type\":\"SearchAction\",\"target\":{\"@type\":\"EntryPoint\",\"urlTemplate\":\"https:\/\/centre-musical.ch\/en\/home-english\/?s={search_term_string}\"},\"query-input\":{\"@type\":\"PropertyValueSpecification\",\"valueRequired\":true,\"valueName\":\"search_term_string\"}}],\"inLanguage\":\"en-US\"}]}<\/script>\n<!-- \/ Yoast SEO plugin. -->","yoast_head_json":{"title":"Vitor Zendron da Cunha - Centre Musical de Cornavin","robots":{"index":"index","follow":"follow","max-snippet":"max-snippet:-1","max-image-preview":"max-image-preview:large","max-video-preview":"max-video-preview:-1"},"canonical":"https:\/\/centre-musical.ch\/en\/our-teachers\/vitor-zendron-da-cunha\/","og_locale":"en_US","og_type":"article","og_title":"Vitor Zendron da Cunha - Centre Musical de Cornavin","og_description":"[vc_row][vc_column width=&#8221;1\/2&#8243;][vc_empty_space alter_height=&#8221;biggest&#8221; hide_on_mobile=&#8221;&#8221; css=&#8221;.vc_custom_1494928079479{margin-top: -1.2rem !important;}&#8221;][vc_column_text] Listen to Vitor Zendron Da Cunha [\/vc_column_text][vc_empty_space alter_height=&#8221;small&#8221; hide_on_mobile=&#8221;&#8221; css=&#8221;.vc_custom_1676909478532{margin-top: -1.2rem !important;}&#8221;][vc_empty_space alter_height=&#8221;small&#8221; hide_on_mobile=&#8221;&#8221; css=&#8221;.vc_custom_1676909478532{margin-top: -1.2rem !important;}&#8221;][\/vc_column][vc_column width=&#8221;1\/2&#8243;][vc_column_text css=&#8221;.vc_custom_1738142829125{margin-top: 20px !important;}&#8221;] Born in 1997, Vitor Zendron da Cunha took his first piano lessons at the age of eight. Between 2008 and 2015, he studied at the Carlos Gomes Conservatory in Blumenau (Brazil) and took part in the main Latin American festivals. He continued his training at the Hochschule f\u00fcr Musik in Karlsruhe in the class of&hellip;","og_url":"https:\/\/centre-musical.ch\/en\/our-teachers\/vitor-zendron-da-cunha\/","og_site_name":"Centre Musical de Cornavin","article_modified_time":"2025-02-13T12:42:00+00:00","og_image":[{"url":"https:\/\/centre-musical.ch\/wp-content\/uploads\/2024\/11\/vitor_zendron_2_gpx-215x300.jpg","type":"","width":"","height":""}],"twitter_card":"summary_large_image","twitter_misc":{"Est. reading time":"2 minutes"},"schema":{"@context":"https:\/\/schema.org","@graph":[{"@type":"WebPage","@id":"https:\/\/centre-musical.ch\/en\/our-teachers\/vitor-zendron-da-cunha\/","url":"https:\/\/centre-musical.ch\/en\/our-teachers\/vitor-zendron-da-cunha\/","name":"Vitor Zendron da Cunha - Centre Musical de Cornavin","isPartOf":{"@id":"https:\/\/centre-musical.ch\/en\/home-english\/#website"},"primaryImageOfPage":{"@id":"https:\/\/centre-musical.ch\/en\/our-teachers\/vitor-zendron-da-cunha\/#primaryimage"},"image":{"@id":"https:\/\/centre-musical.ch\/en\/our-teachers\/vitor-zendron-da-cunha\/#primaryimage"},"thumbnailUrl":"https:\/\/centre-musical.ch\/wp-content\/uploads\/2024\/11\/vitor_zendron_2_gpx-215x300.jpg","datePublished":"2024-11-06T15:32:39+00:00","dateModified":"2025-02-13T12:42:00+00:00","breadcrumb":{"@id":"https:\/\/centre-musical.ch\/en\/our-teachers\/vitor-zendron-da-cunha\/#breadcrumb"},"inLanguage":"en-US","potentialAction":[{"@type":"ReadAction","target":["https:\/\/centre-musical.ch\/en\/our-teachers\/vitor-zendron-da-cunha\/"]}]},{"@type":"ImageObject","inLanguage":"en-US","@id":"https:\/\/centre-musical.ch\/en\/our-teachers\/vitor-zendron-da-cunha\/#primaryimage","url":"https:\/\/centre-musical.ch\/wp-content\/uploads\/2024\/11\/vitor_zendron_2_gpx-215x300.jpg","contentUrl":"https:\/\/centre-musical.ch\/wp-content\/uploads\/2024\/11\/vitor_zendron_2_gpx-215x300.jpg"},{"@type":"BreadcrumbList","@id":"https:\/\/centre-musical.ch\/en\/our-teachers\/vitor-zendron-da-cunha\/#breadcrumb","itemListElement":[{"@type":"ListItem","position":1,"name":"Accueil","item":"https:\/\/centre-musical.ch\/en\/"},{"@type":"ListItem","position":2,"name":"Our teachers","item":"https:\/\/centre-musical.ch\/en\/our-teachers\/"},{"@type":"ListItem","position":3,"name":"Vitor Zendron da Cunha"}]},{"@type":"WebSite","@id":"https:\/\/centre-musical.ch\/en\/home-english\/#website","url":"https:\/\/centre-musical.ch\/en\/home-english\/","name":"Centre Musical de Cornavin","description":"Une \u00e9cole o\u00f9 l&#039;on est bien","potentialAction":[{"@type":"SearchAction","target":{"@type":"EntryPoint","urlTemplate":"https:\/\/centre-musical.ch\/en\/home-english\/?s={search_term_string}"},"query-input":{"@type":"PropertyValueSpecification","valueRequired":true,"valueName":"search_term_string"}}],"inLanguage":"en-US"}]}},"_links":{"self":[{"href":"https:\/\/centre-musical.ch\/en\/wp-json\/wp\/v2\/pages\/4988","targetHints":{"allow":["GET"]}}],"collection":[{"href":"https:\/\/centre-musical.ch\/en\/wp-json\/wp\/v2\/pages"}],"about":[{"href":"https:\/\/centre-musical.ch\/en\/wp-json\/wp\/v2\/types\/page"}],"author":[{"embeddable":true,"href":"https:\/\/centre-musical.ch\/en\/wp-json\/wp\/v2\/users\/1"}],"replies":[{"embeddable":true,"href":"https:\/\/centre-musical.ch\/en\/wp-json\/wp\/v2\/comments?post=4988"}],"version-history":[{"count":4,"href":"https:\/\/centre-musical.ch\/en\/wp-json\/wp\/v2\/pages\/4988\/revisions"}],"predecessor-version":[{"id":5042,"href":"https:\/\/centre-musical.ch\/en\/wp-json\/wp\/v2\/pages\/4988\/revisions\/5042"}],"up":[{"embeddable":true,"href":"https:\/\/centre-musical.ch\/en\/wp-json\/wp\/v2\/pages\/4719"}],"wp:attachment":[{"href":"https:\/\/centre-musical.ch\/en\/wp-json\/wp\/v2\/media?parent=4988"}],"curies":[{"name":"wp","href":"https:\/\/api.w.org\/{rel}","templated":true}]}}