{"id":4994,"date":"2024-11-06T16:31:09","date_gmt":"2024-11-06T15:31:09","guid":{"rendered":"https:\/\/centre-musical.ch\/our-teachers\/roberta-michela\/"},"modified":"2025-01-29T10:50:41","modified_gmt":"2025-01-29T09:50:41","slug":"roberta-michela","status":"publish","type":"page","link":"https:\/\/centre-musical.ch\/en\/our-teachers\/roberta-michela\/","title":{"rendered":"Roberta Michela"},"content":{"rendered":"<p>[vc_row][vc_column width=&#8221;1\/2&#8243;]<div class=\"cq-coveranimation cq-coveranimation-direction-right cq-coveranimation-caption-lowerleft cq-coveranimation-always cq-coveranimation-shape-square \" data-direction=\"right\" data-bgcolor=\"\" data-isdisplay=\"\" data-elementheight=\"\" style=\"height:\" data-enter=\"no\"><div class=\"cq-coveranimation-caption\" data-scroll=\"\" style=\"background-color:;\"><\/div><div class=\"cq-coveranimation-beforecover   \" style=\"background-color:;\"><\/div><img decoding=\"async\" class=\"cq-coveranimation-img\" src=\"https:\/\/centre-musical.ch\/wp-content\/uploads\/2024\/11\/image-1.jpeg\" alt=\"\" \/><div class=\"cq-coveranimation-aftercover \" style=\"background-color:;\"><\/div><\/div>[vc_empty_space alter_height=&#8221;biggest&#8221; hide_on_mobile=&#8221;&#8221; css=&#8221;.vc_custom_1494928079479{margin-top: -1.2rem !important;}&#8221;][vc_column_text]<\/p>\n<h4>Listen to Roberta Michela<\/h4>\n<p>[\/vc_column_text][vc_empty_space alter_height=&#8221;small&#8221; hide_on_mobile=&#8221;&#8221; css=&#8221;.vc_custom_1676909478532{margin-top: -1.2rem !important;}&#8221;]<div id=\"widget_video_49522699\" class=\"widget_area sc_widget_video vc_widget_video wpb_content_element\"><aside id=\"widget_video_49522699_widget\" class=\"widget widget_video\"><div id=\"sc_video_1016155092\" class=\"trx_addons_video_player without_cover\"><div class=\"video_embed video_frame\"><iframe loading=\"lazy\" title=\"Roberta Michela, piano\" width=\"1170\" height=\"658\" src=\"https:\/\/www.youtube.com\/embed\/08Z_ac4FxiI?start=6&feature=oembed\" frameborder=\"0\" allow=\"accelerometer; autoplay; clipboard-write; encrypted-media; gyroscope; picture-in-picture; web-share\" referrerpolicy=\"strict-origin-when-cross-origin\" allowfullscreen><\/iframe><\/div><\/div><\/aside><\/div>[vc_empty_space alter_height=&#8221;small&#8221; hide_on_mobile=&#8221;&#8221; css=&#8221;.vc_custom_1676909478532{margin-top: -1.2rem !important;}&#8221;][\/vc_column][vc_column width=&#8221;1\/2&#8243;]<div id=\"sc_title_1676275579\"\n\t\tclass=\"sc_title color_style_default sc_title_default\"><h6 class=\"sc_item_subtitle sc_title_subtitle sc_align_left sc_item_title_style_default\">Piano Teacher<\/h6><h2 class=\"sc_item_title sc_title_title sc_align_left sc_item_title_style_default sc_item_title_tag\">Roberta Michela<\/h2><\/div><!-- \/.sc_title -->[vc_column_text css=&#8221;.vc_custom_1738144235406{margin-top: 20px !important;}&#8221;]<\/p>\n<div style=\"text-align: justify\">\nRoberta Michela developed a passion for the piano from an early age. She completed her studies at the Cantonal Conservatory of Sion with honors under the guidance of Barbara Borse and Mateo Creux. She then obtained her Bachelor of Arts and a Master\u2019s degree in instrumental pedagogy at the Geneva University of Music in the class of Sylviane Deferne. She is currently furthering her studies in a Master\u2019s program in performance under Louis Schwizgebel.<\/p>\n<p><img loading=\"lazy\" decoding=\"async\" class=\"alignright wp-image-3415\" src=\"https:\/\/www.epmm.ch\/wp-content\/uploads\/2024\/08\/Roberta_Michela_2-252x300.jpg\" alt=\"\" width=\"150\" height=\"179\" \/>A laureate of numerous competitions such as the Swiss Youth Music Competition and the Riviera Competition, she was awarded the Excellence Scholarship from the Wilsdorf Foundation in 2022 and has benefited from the guidance of renowned professors such as Christian Favre, Edith Fischer, Fran\u00e7ois Fr\u00e9d\u00e9ric Guye, Pascal Godart, and Brigitte Bouthinon-Dumas.<\/p>\n<p>She has performed on Swiss Romande stages as a soloist, in four-hand duos, and in trios. Passionate about singing, which she has also practiced since childhood, she regularly collaborates with vocal ensembles and enjoys exploring the Lied repertoire, which she particularly cherishes.<\/p>\n<p>Driven by the desire to share her knowledge, Roberta has been teaching piano since the age of 18 to students of all ages. She has worked as a substitute teacher at the Cantonal Conservatory of Sion, the Geneva Conservatory of Music, and the Montessori Aquilae School in Geneva. Her teaching approach focuses on developing listening skills and musical expressiveness from the very first lessons, helping students discover the instrument\u2019s sonic possibilities, awaken their curiosity, and explore the expressive dimension of music.\n<\/p><\/div>\n<p>[\/vc_column_text][vc_empty_space alter_height=&#8221;biggest&#8221; hide_on_mobile=&#8221;&#8221; css=&#8221;.vc_custom_1494928079479{margin-top: -1.2rem !important;}&#8221;]<div class=\"sc_item_button sc_button_wrap sc_align_center\"><a href=\"\/cours\/cours-de-piano\" id=\"sc_button_1157769880\" class=\"sc_button color_style_default sc_button_default sc_button_size_normal sc_button_icon_left\"><span class=\"sc_button_text sc_align_center\"><span class=\"sc_button_title\">Piano Lessons<\/span><\/span><!-- \/.sc_button_text --><\/a><!-- \/.sc_button --><\/div><!-- \/.sc_item_button -->[vc_empty_space alter_height=&#8221;biggest&#8221; hide_on_mobile=&#8221;&#8221;][\/vc_column][\/vc_row][vc_row][vc_column][vc_column_text]<\/p>\n<p>[\/vc_column_text][\/vc_column][\/vc_row]<\/p>\n","protected":false},"excerpt":{"rendered":"<p>[vc_row][vc_column width=&#8221;1\/2&#8243;][vc_empty_space alter_height=&#8221;biggest&#8221; hide_on_mobile=&#8221;&#8221; css=&#8221;.vc_custom_1494928079479{margin-top: -1.2rem !important;}&#8221;][vc_column_text] Listen to Roberta Michela [\/vc_column_text][vc_empty_space alter_height=&#8221;small&#8221; hide_on_mobile=&#8221;&#8221; css=&#8221;.vc_custom_1676909478532{margin-top: -1.2rem !important;}&#8221;][vc_empty_space alter_height=&#8221;small&#8221; hide_on_mobile=&#8221;&#8221; css=&#8221;.vc_custom_1676909478532{margin-top: -1.2rem !important;}&#8221;][\/vc_column][vc_column width=&#8221;1\/2&#8243;][vc_column_text css=&#8221;.vc_custom_1738144235406{margin-top: 20px !important;}&#8221;] Roberta Michela developed a passion for the piano from an early age. She completed her studies at the Cantonal Conservatory of Sion with honors under the guidance of Barbara Borse and Mateo Creux. She then obtained her Bachelor of Arts and a Master\u2019s degree in instrumental pedagogy at the Geneva University of Music in the class of&hellip;<\/p>\n","protected":false},"author":1,"featured_media":0,"parent":4719,"menu_order":0,"comment_status":"closed","ping_status":"closed","template":"","meta":{"footnotes":""},"class_list":["post-4994","page","type-page","status-publish","hentry"],"yoast_head":"<!-- This site is optimized with the Yoast SEO plugin v26.6 - https:\/\/yoast.com\/wordpress\/plugins\/seo\/ -->\n<title>Roberta Michela - Centre Musical de Cornavin<\/title>\n<meta name=\"robots\" content=\"index, follow, max-snippet:-1, max-image-preview:large, max-video-preview:-1\" \/>\n<link rel=\"canonical\" href=\"https:\/\/centre-musical.ch\/en\/our-teachers\/roberta-michela\/\" \/>\n<meta property=\"og:locale\" content=\"en_US\" \/>\n<meta property=\"og:type\" content=\"article\" \/>\n<meta property=\"og:title\" content=\"Roberta Michela - Centre Musical de Cornavin\" \/>\n<meta property=\"og:description\" content=\"[vc_row][vc_column width=&#8221;1\/2&#8243;][vc_empty_space alter_height=&#8221;biggest&#8221; hide_on_mobile=&#8221;&#8221; css=&#8221;.vc_custom_1494928079479{margin-top: -1.2rem !important;}&#8221;][vc_column_text] Listen to Roberta Michela [\/vc_column_text][vc_empty_space alter_height=&#8221;small&#8221; hide_on_mobile=&#8221;&#8221; css=&#8221;.vc_custom_1676909478532{margin-top: -1.2rem !important;}&#8221;][vc_empty_space alter_height=&#8221;small&#8221; hide_on_mobile=&#8221;&#8221; css=&#8221;.vc_custom_1676909478532{margin-top: -1.2rem !important;}&#8221;][\/vc_column][vc_column width=&#8221;1\/2&#8243;][vc_column_text css=&#8221;.vc_custom_1738144235406{margin-top: 20px !important;}&#8221;] Roberta Michela developed a passion for the piano from an early age. She completed her studies at the Cantonal Conservatory of Sion with honors under the guidance of Barbara Borse and Mateo Creux. She then obtained her Bachelor of Arts and a Master\u2019s degree in instrumental pedagogy at the Geneva University of Music in the class of&hellip;\" \/>\n<meta property=\"og:url\" content=\"https:\/\/centre-musical.ch\/en\/our-teachers\/roberta-michela\/\" \/>\n<meta property=\"og:site_name\" content=\"Centre Musical de Cornavin\" \/>\n<meta property=\"article:modified_time\" content=\"2025-01-29T09:50:41+00:00\" \/>\n<meta property=\"og:image\" content=\"https:\/\/www.epmm.ch\/wp-content\/uploads\/2024\/08\/Roberta_Michela_2-252x300.jpg\" \/>\n<meta name=\"twitter:card\" content=\"summary_large_image\" \/>\n<meta name=\"twitter:label1\" content=\"Est. reading time\" \/>\n\t<meta name=\"twitter:data1\" content=\"3 minutes\" \/>\n<script type=\"application\/ld+json\" class=\"yoast-schema-graph\">{\"@context\":\"https:\/\/schema.org\",\"@graph\":[{\"@type\":\"WebPage\",\"@id\":\"https:\/\/centre-musical.ch\/en\/our-teachers\/roberta-michela\/\",\"url\":\"https:\/\/centre-musical.ch\/en\/our-teachers\/roberta-michela\/\",\"name\":\"Roberta Michela - Centre Musical de Cornavin\",\"isPartOf\":{\"@id\":\"https:\/\/centre-musical.ch\/en\/home-english\/#website\"},\"primaryImageOfPage\":{\"@id\":\"https:\/\/centre-musical.ch\/en\/our-teachers\/roberta-michela\/#primaryimage\"},\"image\":{\"@id\":\"https:\/\/centre-musical.ch\/en\/our-teachers\/roberta-michela\/#primaryimage\"},\"thumbnailUrl\":\"https:\/\/www.epmm.ch\/wp-content\/uploads\/2024\/08\/Roberta_Michela_2-252x300.jpg\",\"datePublished\":\"2024-11-06T15:31:09+00:00\",\"dateModified\":\"2025-01-29T09:50:41+00:00\",\"breadcrumb\":{\"@id\":\"https:\/\/centre-musical.ch\/en\/our-teachers\/roberta-michela\/#breadcrumb\"},\"inLanguage\":\"en-US\",\"potentialAction\":[{\"@type\":\"ReadAction\",\"target\":[\"https:\/\/centre-musical.ch\/en\/our-teachers\/roberta-michela\/\"]}]},{\"@type\":\"ImageObject\",\"inLanguage\":\"en-US\",\"@id\":\"https:\/\/centre-musical.ch\/en\/our-teachers\/roberta-michela\/#primaryimage\",\"url\":\"https:\/\/www.epmm.ch\/wp-content\/uploads\/2024\/08\/Roberta_Michela_2-252x300.jpg\",\"contentUrl\":\"https:\/\/www.epmm.ch\/wp-content\/uploads\/2024\/08\/Roberta_Michela_2-252x300.jpg\"},{\"@type\":\"BreadcrumbList\",\"@id\":\"https:\/\/centre-musical.ch\/en\/our-teachers\/roberta-michela\/#breadcrumb\",\"itemListElement\":[{\"@type\":\"ListItem\",\"position\":1,\"name\":\"Accueil\",\"item\":\"https:\/\/centre-musical.ch\/en\/\"},{\"@type\":\"ListItem\",\"position\":2,\"name\":\"Our teachers\",\"item\":\"https:\/\/centre-musical.ch\/en\/our-teachers\/\"},{\"@type\":\"ListItem\",\"position\":3,\"name\":\"Roberta Michela\"}]},{\"@type\":\"WebSite\",\"@id\":\"https:\/\/centre-musical.ch\/en\/home-english\/#website\",\"url\":\"https:\/\/centre-musical.ch\/en\/home-english\/\",\"name\":\"Centre Musical de Cornavin\",\"description\":\"Une \u00e9cole o\u00f9 l&#039;on est bien\",\"potentialAction\":[{\"@type\":\"SearchAction\",\"target\":{\"@type\":\"EntryPoint\",\"urlTemplate\":\"https:\/\/centre-musical.ch\/en\/home-english\/?s={search_term_string}\"},\"query-input\":{\"@type\":\"PropertyValueSpecification\",\"valueRequired\":true,\"valueName\":\"search_term_string\"}}],\"inLanguage\":\"en-US\"}]}<\/script>\n<!-- \/ Yoast SEO plugin. -->","yoast_head_json":{"title":"Roberta Michela - Centre Musical de Cornavin","robots":{"index":"index","follow":"follow","max-snippet":"max-snippet:-1","max-image-preview":"max-image-preview:large","max-video-preview":"max-video-preview:-1"},"canonical":"https:\/\/centre-musical.ch\/en\/our-teachers\/roberta-michela\/","og_locale":"en_US","og_type":"article","og_title":"Roberta Michela - Centre Musical de Cornavin","og_description":"[vc_row][vc_column width=&#8221;1\/2&#8243;][vc_empty_space alter_height=&#8221;biggest&#8221; hide_on_mobile=&#8221;&#8221; css=&#8221;.vc_custom_1494928079479{margin-top: -1.2rem !important;}&#8221;][vc_column_text] Listen to Roberta Michela [\/vc_column_text][vc_empty_space alter_height=&#8221;small&#8221; hide_on_mobile=&#8221;&#8221; css=&#8221;.vc_custom_1676909478532{margin-top: -1.2rem !important;}&#8221;][vc_empty_space alter_height=&#8221;small&#8221; hide_on_mobile=&#8221;&#8221; css=&#8221;.vc_custom_1676909478532{margin-top: -1.2rem !important;}&#8221;][\/vc_column][vc_column width=&#8221;1\/2&#8243;][vc_column_text css=&#8221;.vc_custom_1738144235406{margin-top: 20px !important;}&#8221;] Roberta Michela developed a passion for the piano from an early age. She completed her studies at the Cantonal Conservatory of Sion with honors under the guidance of Barbara Borse and Mateo Creux. She then obtained her Bachelor of Arts and a Master\u2019s degree in instrumental pedagogy at the Geneva University of Music in the class of&hellip;","og_url":"https:\/\/centre-musical.ch\/en\/our-teachers\/roberta-michela\/","og_site_name":"Centre Musical de Cornavin","article_modified_time":"2025-01-29T09:50:41+00:00","og_image":[{"url":"https:\/\/www.epmm.ch\/wp-content\/uploads\/2024\/08\/Roberta_Michela_2-252x300.jpg","type":"","width":"","height":""}],"twitter_card":"summary_large_image","twitter_misc":{"Est. reading time":"3 minutes"},"schema":{"@context":"https:\/\/schema.org","@graph":[{"@type":"WebPage","@id":"https:\/\/centre-musical.ch\/en\/our-teachers\/roberta-michela\/","url":"https:\/\/centre-musical.ch\/en\/our-teachers\/roberta-michela\/","name":"Roberta Michela - Centre Musical de Cornavin","isPartOf":{"@id":"https:\/\/centre-musical.ch\/en\/home-english\/#website"},"primaryImageOfPage":{"@id":"https:\/\/centre-musical.ch\/en\/our-teachers\/roberta-michela\/#primaryimage"},"image":{"@id":"https:\/\/centre-musical.ch\/en\/our-teachers\/roberta-michela\/#primaryimage"},"thumbnailUrl":"https:\/\/www.epmm.ch\/wp-content\/uploads\/2024\/08\/Roberta_Michela_2-252x300.jpg","datePublished":"2024-11-06T15:31:09+00:00","dateModified":"2025-01-29T09:50:41+00:00","breadcrumb":{"@id":"https:\/\/centre-musical.ch\/en\/our-teachers\/roberta-michela\/#breadcrumb"},"inLanguage":"en-US","potentialAction":[{"@type":"ReadAction","target":["https:\/\/centre-musical.ch\/en\/our-teachers\/roberta-michela\/"]}]},{"@type":"ImageObject","inLanguage":"en-US","@id":"https:\/\/centre-musical.ch\/en\/our-teachers\/roberta-michela\/#primaryimage","url":"https:\/\/www.epmm.ch\/wp-content\/uploads\/2024\/08\/Roberta_Michela_2-252x300.jpg","contentUrl":"https:\/\/www.epmm.ch\/wp-content\/uploads\/2024\/08\/Roberta_Michela_2-252x300.jpg"},{"@type":"BreadcrumbList","@id":"https:\/\/centre-musical.ch\/en\/our-teachers\/roberta-michela\/#breadcrumb","itemListElement":[{"@type":"ListItem","position":1,"name":"Accueil","item":"https:\/\/centre-musical.ch\/en\/"},{"@type":"ListItem","position":2,"name":"Our teachers","item":"https:\/\/centre-musical.ch\/en\/our-teachers\/"},{"@type":"ListItem","position":3,"name":"Roberta Michela"}]},{"@type":"WebSite","@id":"https:\/\/centre-musical.ch\/en\/home-english\/#website","url":"https:\/\/centre-musical.ch\/en\/home-english\/","name":"Centre Musical de Cornavin","description":"Une \u00e9cole o\u00f9 l&#039;on est bien","potentialAction":[{"@type":"SearchAction","target":{"@type":"EntryPoint","urlTemplate":"https:\/\/centre-musical.ch\/en\/home-english\/?s={search_term_string}"},"query-input":{"@type":"PropertyValueSpecification","valueRequired":true,"valueName":"search_term_string"}}],"inLanguage":"en-US"}]}},"_links":{"self":[{"href":"https:\/\/centre-musical.ch\/en\/wp-json\/wp\/v2\/pages\/4994","targetHints":{"allow":["GET"]}}],"collection":[{"href":"https:\/\/centre-musical.ch\/en\/wp-json\/wp\/v2\/pages"}],"about":[{"href":"https:\/\/centre-musical.ch\/en\/wp-json\/wp\/v2\/types\/page"}],"author":[{"embeddable":true,"href":"https:\/\/centre-musical.ch\/en\/wp-json\/wp\/v2\/users\/1"}],"replies":[{"embeddable":true,"href":"https:\/\/centre-musical.ch\/en\/wp-json\/wp\/v2\/comments?post=4994"}],"version-history":[{"count":2,"href":"https:\/\/centre-musical.ch\/en\/wp-json\/wp\/v2\/pages\/4994\/revisions"}],"predecessor-version":[{"id":4996,"href":"https:\/\/centre-musical.ch\/en\/wp-json\/wp\/v2\/pages\/4994\/revisions\/4996"}],"up":[{"embeddable":true,"href":"https:\/\/centre-musical.ch\/en\/wp-json\/wp\/v2\/pages\/4719"}],"wp:attachment":[{"href":"https:\/\/centre-musical.ch\/en\/wp-json\/wp\/v2\/media?parent=4994"}],"curies":[{"name":"wp","href":"https:\/\/api.w.org\/{rel}","templated":true}]}}